{"id":13089,"date":"2021-02-04T09:07:31","date_gmt":"2021-02-04T09:07:31","guid":{"rendered":"https:\/\/www.jachthavenhindeloopen.nl\/happy-harbour\/"},"modified":"2025-08-13T07:54:11","modified_gmt":"2025-08-13T07:54:11","slug":"happy-harbour","status":"publish","type":"page","link":"https:\/\/www.jachthavenhindeloopen.nl\/de\/happy-harbour\/","title":{"rendered":"Happy Harbour"},"content":{"rendered":"<div class=\"wpb-content-wrapper\">[vc_row css=&#8220;.vc_custom_1447324401018{padding-bottom: 30px !important;}&#8220;][vc_column width=&#8220;1\/2&#8243;][vc_column_text css=&#8220;.vc_custom_1755071702266{padding-top: 0px !important;padding-bottom: 0px !important;}&#8220;]\n<h2>Happy Harbour bij SkipsMaritiem<\/h2>\n<p class=\"lead\">(Wasser)Sport, Kultur und gutes Essen genie\u00dfen<\/p>\n<p>Unseren G\u00e4sten das absolute Wohlf\u00fchlgef\u00fchl geben \u2013 das ist bereits seit mehr als 40 Jahren die Zielstellung unseres Familienunternehmens. Mit unseren Yachth\u00e4fen, Erholungsm\u00f6glichkeiten und Wassersportgesch\u00e4ften in Hindeloopen, Stavoren und Lemmer sind wir der gr\u00f6\u00dfte Anbieter im Bereich des Wassersports an der friesischen IJsselmeerk\u00fcste.<\/p>\n<p>Um Ihren Aufenthalt noch angenehmer gestalten zu k\u00f6nnen, haben wir \u201aHappy Harbour\u2018 ins Leben gerufen. Unter diesem Namen organisieren wir unter anderem jedes Jahr f\u00fcr unsere Dauerg\u00e4ste das Happy Harbour Hafenfest.[\/vc_column_text][\/vc_column][vc_column width=&#8220;1\/2&#8243; css=&#8220;.vc_custom_1447324391939{padding-top: 0px !important;}&#8220;][vc_images_carousel images=&#8220;13069,13066,13063&#8243; onclick=&#8220;link_no&#8220; css=&#8220;&#8220;][\/vc_column][\/vc_row][vc_row full_width=&#8220;stretch_row&#8220; parallax=&#8220;content-moving&#8220; css=&#8220;.vc_custom_1612431759744{background-image: url(https:\/\/www.jachthavenhindeloopen.nl\/wp-content\/uploads\/2021\/02\/bg.jpg?id=13075) !important;background-position: center;background-repeat: no-repeat !important;background-size: cover !important;}&#8220;][vc_column offset=&#8220;vc_col-md-offset-3 vc_col-md-6&#8243;][\/vc_column][\/vc_row][vc_row][vc_column]<h2 class=\"text-center\"><small>Was finden Sie so alles bei uns?<\/small>Einrichtungen &amp; Unterk\u00fcnfte Jachthafen Hindeloopen<\/h2><div class='services-carousel  owl-with-navigation' data-owl='{&quot;items&quot;:4,&quot;nav&quot;:true,&quot;navText&quot;:[&quot;Zur\\u00fcck&quot;,&quot;Weiter&quot;],&quot;loop&quot;:true,&quot;autoplay&quot;:true,&quot;autoplayTimeout&quot;:2000,&quot;autoplayHoverPause&quot;:true,&quot;responsive&quot;:{&quot;0&quot;:{&quot;items&quot;:1,&quot;dots&quot;:true,&quot;nav&quot;:true},&quot;767&quot;:{&quot;items&quot;:4,&quot;dots&quot;:true},&quot;992&quot;:{&quot;items&quot;:4,&quot;dots&quot;:true}}}'><div class=\"item\">\n  <a href=\"\/de\/yachthafen\/liegeplatz\/\" target=\"_self\" class=\"link-image\" title=\"Liegepl\u00e4tze\"><img loading=\"lazy\" decoding=\"async\" width=\"450\" height=\"300\" src=\"https:\/\/www.jachthavenhindeloopen.nl\/wp-content\/uploads\/2019\/03\/ligplaatsen-jachthaven-hindeloopen.png\" class=\"attachment-large size-large\" alt=\"Ligplaatsen Jachthaven Hindeloopen\" srcset=\"https:\/\/www.jachthavenhindeloopen.nl\/wp-content\/uploads\/2019\/03\/ligplaatsen-jachthaven-hindeloopen.png 450w, https:\/\/www.jachthavenhindeloopen.nl\/wp-content\/uploads\/2019\/03\/ligplaatsen-jachthaven-hindeloopen-300x200.png 300w\" sizes=\"auto, (max-width: 450px) 100vw, 450px\" \/><\/a>      <div class=\"item-content\">\n      <h4><a href=\"\/de\/yachthafen\/liegeplatz\/\" target=\"_self\" >Liegepl\u00e4tze<\/a><\/h4>      <p>Unser gem\u00fctlicher und vielseitiger Jachthafen liegt in ausgezeichneter Lage direkt am IJsselmeer und in unmittelbarer N\u00e4he des gleichnamigen St\u00e4dtchens Hindeloopen mit seinen malerischen H\u00e4usern.<\/p>    <\/div>\n  <\/div>\n<div class=\"item\">\n  <a href=\"\/de\/yachthafen\/winterlagerung\/\" target=\"_self\" class=\"link-image\" title=\"Winterlagerung\"><img loading=\"lazy\" decoding=\"async\" width=\"450\" height=\"300\" src=\"https:\/\/www.jachthavenhindeloopen.nl\/wp-content\/uploads\/2019\/03\/flevo-marina-winterberging.jpg\" class=\"attachment-large size-large\" alt=\"Flevo Marina Winterberging\" srcset=\"https:\/\/www.jachthavenhindeloopen.nl\/wp-content\/uploads\/2019\/03\/flevo-marina-winterberging.jpg 450w, https:\/\/www.jachthavenhindeloopen.nl\/wp-content\/uploads\/2019\/03\/flevo-marina-winterberging-300x200.jpg 300w\" sizes=\"auto, (max-width: 450px) 100vw, 450px\" \/><\/a>      <div class=\"item-content\">\n      <h4><a href=\"\/de\/yachthafen\/winterlagerung\/\" target=\"_self\" >Winterlagerung<\/a><\/h4>      <p>Lassen Sie Ihr Boot in einer unserer beheizten oder isolierten Hallen sicher \u00fcberwintern.<\/p>    <\/div>\n  <\/div>\n<div class=\"item\">\n  <a href=\"\/de\/yachtservice-refit\/\" target=\"_self\" class=\"link-image\" title=\"Sorglos auf dem Wasser unterwegs\"><img loading=\"lazy\" decoding=\"async\" width=\"450\" height=\"300\" src=\"https:\/\/www.jachthavenhindeloopen.nl\/wp-content\/uploads\/2018\/09\/yachtservice.jpg\" class=\"attachment-large size-large\" alt=\"\" srcset=\"https:\/\/www.jachthavenhindeloopen.nl\/wp-content\/uploads\/2018\/09\/yachtservice.jpg 450w, https:\/\/www.jachthavenhindeloopen.nl\/wp-content\/uploads\/2018\/09\/yachtservice-300x200.jpg 300w\" sizes=\"auto, (max-width: 450px) 100vw, 450px\" \/><\/a>      <div class=\"item-content\">\n      <h4><a href=\"\/de\/yachtservice-refit\/\" target=\"_self\" >Sorglos auf dem Wasser unterwegs<\/a><\/h4>      <p>Die Yachtservice &amp; Refit-Betriebe sind professionelle Allround-Organisationen, in denen Ihnen echte Spezialisten fachkundig weiterhelfen.<\/p>    <\/div>\n  <\/div>\n<div class=\"item\">\n  <a href=\"\/de\/wassersportgeschaeft\/\" target=\"_self\" class=\"link-image\" title=\"Watersportgesch\u00e4ft\"><img loading=\"lazy\" decoding=\"async\" width=\"450\" height=\"300\" src=\"https:\/\/www.jachthavenhindeloopen.nl\/wp-content\/uploads\/2019\/03\/watersportwinkel-flevo-marina.jpg\" class=\"attachment-large size-large\" alt=\"Flevo Marina Watersportwinkel\" srcset=\"https:\/\/www.jachthavenhindeloopen.nl\/wp-content\/uploads\/2019\/03\/watersportwinkel-flevo-marina.jpg 450w, https:\/\/www.jachthavenhindeloopen.nl\/wp-content\/uploads\/2019\/03\/watersportwinkel-flevo-marina-300x200.jpg 300w\" sizes=\"auto, (max-width: 450px) 100vw, 450px\" \/><\/a>      <div class=\"item-content\">\n      <h4><a href=\"\/de\/wassersportgeschaeft\/\" target=\"_self\" >Watersportgesch\u00e4ft<\/a><\/h4>      <p>Sind Sie auf der Suche nach neuen Zubeh\u00f6rteilen f\u00fcr Ihr Boot, nach einem qualitativ hochwertigen Segelanzug oder nach modischer Freizeitkleidung?<\/p>    <\/div>\n  <\/div>\n<div class=\"item\">\n  <a href=\"\/de\/skips-sails\/\" target=\"_blank\" class=\"link-image\" title=\"Skips Sails\"><img loading=\"lazy\" decoding=\"async\" width=\"450\" height=\"300\" src=\"https:\/\/www.jachthavenhindeloopen.nl\/wp-content\/uploads\/2019\/03\/skipssails.jpg\" class=\"attachment-large size-large\" alt=\"SkipsSails\" srcset=\"https:\/\/www.jachthavenhindeloopen.nl\/wp-content\/uploads\/2019\/03\/skipssails.jpg 450w, https:\/\/www.jachthavenhindeloopen.nl\/wp-content\/uploads\/2019\/03\/skipssails-300x200.jpg 300w\" sizes=\"auto, (max-width: 450px) 100vw, 450px\" \/><\/a>      <div class=\"item-content\">\n      <h4><a href=\"\/de\/skips-sails\/\" target=\"_blank\" >Skips Sails<\/a><\/h4>      <p>Mit Skips Sails verf\u00fcgt der Jachthafen Hindeloopen \u00fcber eine qualitativ hochwertige, hauseigene Segelmacherei.<\/p>    <\/div>\n  <\/div>\n<div class=\"item\">\n  <a href=\"https:\/\/www.skipshotel.nl\/de\/\" target=\"_blank\" class=\"link-image\" title=\"SkipsHotel\"><img loading=\"lazy\" decoding=\"async\" width=\"450\" height=\"300\" src=\"https:\/\/www.jachthavenhindeloopen.nl\/wp-content\/uploads\/2019\/03\/skipshotel.png\" class=\"attachment-large size-large\" alt=\"SkipsHotel\" srcset=\"https:\/\/www.jachthavenhindeloopen.nl\/wp-content\/uploads\/2019\/03\/skipshotel.png 450w, https:\/\/www.jachthavenhindeloopen.nl\/wp-content\/uploads\/2019\/03\/skipshotel-300x200.png 300w\" sizes=\"auto, (max-width: 450px) 100vw, 450px\" \/><\/a>      <div class=\"item-content\">\n      <h4><a href=\"https:\/\/www.skipshotel.nl\/de\/\" target=\"_blank\" >SkipsHotel<\/a><\/h4>      <p>Genie\u00dfen Sie Ihren Aufenthalt in einem unserer komplett eingerichteten Appartements.<\/p>    <\/div>\n  <\/div>\n<div class=\"item\">\n  <a href=\"\/de\/schwimmschule-hindeloopen\/\" target=\"_self\" class=\"link-image\" title=\"Schwimmschule Hindeloopen\"><img loading=\"lazy\" decoding=\"async\" width=\"450\" height=\"300\" src=\"https:\/\/www.jachthavenhindeloopen.nl\/wp-content\/uploads\/2019\/03\/zwemschool-hindeloopen.png\" class=\"attachment-large size-large\" alt=\"Zwemschool Hindeloopen\" srcset=\"https:\/\/www.jachthavenhindeloopen.nl\/wp-content\/uploads\/2019\/03\/zwemschool-hindeloopen.png 450w, https:\/\/www.jachthavenhindeloopen.nl\/wp-content\/uploads\/2019\/03\/zwemschool-hindeloopen-300x200.png 300w\" sizes=\"auto, (max-width: 450px) 100vw, 450px\" \/><\/a>      <div class=\"item-content\">\n      <h4><a href=\"\/de\/schwimmschule-hindeloopen\/\" target=\"_self\" >Schwimmschule Hindeloopen<\/a><\/h4>      <p>Bei der Schwimmschule Hindeloopen lernen Kinder nach den neuesten Methoden schwimmen.<\/p>    <\/div>\n  <\/div>\n<\/div>[\/vc_column][\/vc_row]\n<\/div>","protected":false},"excerpt":{"rendered":"<p>[vc_row css=&#8220;.vc_custom_1447324401018{padding-bottom: 30px !important;}&#8220;][vc_column width=&#8220;1\/2&#8243;][vc_column_text css=&#8220;.vc_custom_1755071702266{padding-top: 0px !important;padding-bottom: 0px !important;}&#8220;] Happy Harbour bij SkipsMaritiem (Wasser)Sport, Kultur und gutes Essen genie\u00dfen Unseren G\u00e4sten das absolute Wohlf\u00fchlgef\u00fchl geben \u2013 das ist bereits seit mehr als 40 Jahren die Zielstellung unseres Familienunternehmens. Mit unseren Yachth\u00e4fen, Erholungsm\u00f6glichkeiten und Wassersportgesch\u00e4ften in Hindeloopen, Stavoren und Lemmer sind wir der gr\u00f6\u00dfte Anbieter im Bereich des Wassersports an [&hellip;]<\/p>\n","protected":false},"author":1,"featured_media":0,"parent":0,"menu_order":0,"comment_status":"closed","ping_status":"closed","template":"","meta":{"footnotes":""},"class_list":["post-13089","page","type-page","status-publish","hentry"],"yoast_head":"<!-- This site is optimized with the Yoast SEO plugin v27.5 - https:\/\/yoast.com\/product\/yoast-seo-wordpress\/ -->\n<title>Happy Harbour - Jachthaven Hindeloopen<\/title>\n<meta name=\"robots\" content=\"index, follow, max-snippet:-1, max-image-preview:large, max-video-preview:-1\" \/>\n<link rel=\"canonical\" href=\"https:\/\/www.jachthavenhindeloopen.nl\/de\/happy-harbour\/\" \/>\n<meta property=\"og:locale\" content=\"de_DE\" \/>\n<meta property=\"og:type\" content=\"article\" \/>\n<meta property=\"og:title\" content=\"Happy Harbour - Jachthaven Hindeloopen\" \/>\n<meta property=\"og:description\" content=\"[vc_row css=&#8220;.vc_custom_1447324401018{padding-bottom: 30px !important;}&#8220;][vc_column width=&#8220;1\/2&#8243;][vc_column_text css=&#8220;.vc_custom_1755071702266{padding-top: 0px !important;padding-bottom: 0px !important;}&#8220;] Happy Harbour bij SkipsMaritiem (Wasser)Sport, Kultur und gutes Essen genie\u00dfen Unseren G\u00e4sten das absolute Wohlf\u00fchlgef\u00fchl geben \u2013 das ist bereits seit mehr als 40 Jahren die Zielstellung unseres Familienunternehmens. Mit unseren Yachth\u00e4fen, Erholungsm\u00f6glichkeiten und Wassersportgesch\u00e4ften in Hindeloopen, Stavoren und Lemmer sind wir der gr\u00f6\u00dfte Anbieter im Bereich des Wassersports an [&hellip;]\" \/>\n<meta property=\"og:url\" content=\"https:\/\/www.jachthavenhindeloopen.nl\/de\/happy-harbour\/\" \/>\n<meta property=\"og:site_name\" content=\"Jachthaven Hindeloopen\" \/>\n<meta property=\"article:publisher\" content=\"https:\/\/www.facebook.com\/jachthaven.hindeloopen\" \/>\n<meta property=\"article:modified_time\" content=\"2025-08-13T07:54:11+00:00\" \/>\n<meta name=\"twitter:card\" content=\"summary_large_image\" \/>\n<meta name=\"twitter:label1\" content=\"Gesch\u00e4tzte Lesezeit\" \/>\n\t<meta name=\"twitter:data1\" content=\"4\u00a0Minuten\" \/>\n<script type=\"application\/ld+json\" class=\"yoast-schema-graph\">{\"@context\":\"https:\\\/\\\/schema.org\",\"@graph\":[{\"@type\":\"WebPage\",\"@id\":\"https:\\\/\\\/www.jachthavenhindeloopen.nl\\\/de\\\/happy-harbour\\\/\",\"url\":\"https:\\\/\\\/www.jachthavenhindeloopen.nl\\\/de\\\/happy-harbour\\\/\",\"name\":\"Happy Harbour - Jachthaven Hindeloopen\",\"isPartOf\":{\"@id\":\"https:\\\/\\\/www.jachthavenhindeloopen.nl\\\/de\\\/#website\"},\"datePublished\":\"2021-02-04T09:07:31+00:00\",\"dateModified\":\"2025-08-13T07:54:11+00:00\",\"breadcrumb\":{\"@id\":\"https:\\\/\\\/www.jachthavenhindeloopen.nl\\\/de\\\/happy-harbour\\\/#breadcrumb\"},\"inLanguage\":\"de\",\"potentialAction\":[{\"@type\":\"ReadAction\",\"target\":[\"https:\\\/\\\/www.jachthavenhindeloopen.nl\\\/de\\\/happy-harbour\\\/\"]}]},{\"@type\":\"BreadcrumbList\",\"@id\":\"https:\\\/\\\/www.jachthavenhindeloopen.nl\\\/de\\\/happy-harbour\\\/#breadcrumb\",\"itemListElement\":[{\"@type\":\"ListItem\",\"position\":1,\"name\":\"Home\",\"item\":\"https:\\\/\\\/www.jachthavenhindeloopen.nl\\\/de\\\/\"},{\"@type\":\"ListItem\",\"position\":2,\"name\":\"Happy Harbour\"}]},{\"@type\":\"WebSite\",\"@id\":\"https:\\\/\\\/www.jachthavenhindeloopen.nl\\\/de\\\/#website\",\"url\":\"https:\\\/\\\/www.jachthavenhindeloopen.nl\\\/de\\\/\",\"name\":\"Jachthaven Hindeloopen\",\"description\":\"De veelzijdige kwaliteitshaven in Friesland aan het IJsselmeer\",\"publisher\":{\"@id\":\"https:\\\/\\\/www.jachthavenhindeloopen.nl\\\/de\\\/#organization\"},\"potentialAction\":[{\"@type\":\"SearchAction\",\"target\":{\"@type\":\"EntryPoint\",\"urlTemplate\":\"https:\\\/\\\/www.jachthavenhindeloopen.nl\\\/de\\\/?s={search_term_string}\"},\"query-input\":{\"@type\":\"PropertyValueSpecification\",\"valueRequired\":true,\"valueName\":\"search_term_string\"}}],\"inLanguage\":\"de\"},{\"@type\":\"Organization\",\"@id\":\"https:\\\/\\\/www.jachthavenhindeloopen.nl\\\/de\\\/#organization\",\"name\":\"Jachthaven Hindeloopen\",\"url\":\"https:\\\/\\\/www.jachthavenhindeloopen.nl\\\/de\\\/\",\"logo\":{\"@type\":\"ImageObject\",\"inLanguage\":\"de\",\"@id\":\"https:\\\/\\\/www.jachthavenhindeloopen.nl\\\/de\\\/#\\\/schema\\\/logo\\\/image\\\/\",\"url\":\"https:\\\/\\\/www.jachthavenhindeloopen.nl\\\/wp-content\\\/uploads\\\/2020\\\/03\\\/logo-jachthaven-hindeloopen-1.png\",\"contentUrl\":\"https:\\\/\\\/www.jachthavenhindeloopen.nl\\\/wp-content\\\/uploads\\\/2020\\\/03\\\/logo-jachthaven-hindeloopen-1.png\",\"width\":350,\"height\":50,\"caption\":\"Jachthaven Hindeloopen\"},\"image\":{\"@id\":\"https:\\\/\\\/www.jachthavenhindeloopen.nl\\\/de\\\/#\\\/schema\\\/logo\\\/image\\\/\"},\"sameAs\":[\"https:\\\/\\\/www.facebook.com\\\/jachthaven.hindeloopen\",\"https:\\\/\\\/www.instagram.com\\\/jachthavenhindeloopen\\\/\"]}]}<\/script>\n<!-- \/ Yoast SEO plugin. -->","yoast_head_json":{"title":"Happy Harbour - Jachthaven Hindeloopen","robots":{"index":"index","follow":"follow","max-snippet":"max-snippet:-1","max-image-preview":"max-image-preview:large","max-video-preview":"max-video-preview:-1"},"canonical":"https:\/\/www.jachthavenhindeloopen.nl\/de\/happy-harbour\/","og_locale":"de_DE","og_type":"article","og_title":"Happy Harbour - Jachthaven Hindeloopen","og_description":"[vc_row css=&#8220;.vc_custom_1447324401018{padding-bottom: 30px !important;}&#8220;][vc_column width=&#8220;1\/2&#8243;][vc_column_text css=&#8220;.vc_custom_1755071702266{padding-top: 0px !important;padding-bottom: 0px !important;}&#8220;] Happy Harbour bij SkipsMaritiem (Wasser)Sport, Kultur und gutes Essen genie\u00dfen Unseren G\u00e4sten das absolute Wohlf\u00fchlgef\u00fchl geben \u2013 das ist bereits seit mehr als 40 Jahren die Zielstellung unseres Familienunternehmens. Mit unseren Yachth\u00e4fen, Erholungsm\u00f6glichkeiten und Wassersportgesch\u00e4ften in Hindeloopen, Stavoren und Lemmer sind wir der gr\u00f6\u00dfte Anbieter im Bereich des Wassersports an [&hellip;]","og_url":"https:\/\/www.jachthavenhindeloopen.nl\/de\/happy-harbour\/","og_site_name":"Jachthaven Hindeloopen","article_publisher":"https:\/\/www.facebook.com\/jachthaven.hindeloopen","article_modified_time":"2025-08-13T07:54:11+00:00","twitter_card":"summary_large_image","twitter_misc":{"Gesch\u00e4tzte Lesezeit":"4\u00a0Minuten"},"schema":{"@context":"https:\/\/schema.org","@graph":[{"@type":"WebPage","@id":"https:\/\/www.jachthavenhindeloopen.nl\/de\/happy-harbour\/","url":"https:\/\/www.jachthavenhindeloopen.nl\/de\/happy-harbour\/","name":"Happy Harbour - Jachthaven Hindeloopen","isPartOf":{"@id":"https:\/\/www.jachthavenhindeloopen.nl\/de\/#website"},"datePublished":"2021-02-04T09:07:31+00:00","dateModified":"2025-08-13T07:54:11+00:00","breadcrumb":{"@id":"https:\/\/www.jachthavenhindeloopen.nl\/de\/happy-harbour\/#breadcrumb"},"inLanguage":"de","potentialAction":[{"@type":"ReadAction","target":["https:\/\/www.jachthavenhindeloopen.nl\/de\/happy-harbour\/"]}]},{"@type":"BreadcrumbList","@id":"https:\/\/www.jachthavenhindeloopen.nl\/de\/happy-harbour\/#breadcrumb","itemListElement":[{"@type":"ListItem","position":1,"name":"Home","item":"https:\/\/www.jachthavenhindeloopen.nl\/de\/"},{"@type":"ListItem","position":2,"name":"Happy Harbour"}]},{"@type":"WebSite","@id":"https:\/\/www.jachthavenhindeloopen.nl\/de\/#website","url":"https:\/\/www.jachthavenhindeloopen.nl\/de\/","name":"Jachthaven Hindeloopen","description":"De veelzijdige kwaliteitshaven in Friesland aan het IJsselmeer","publisher":{"@id":"https:\/\/www.jachthavenhindeloopen.nl\/de\/#organization"},"potentialAction":[{"@type":"SearchAction","target":{"@type":"EntryPoint","urlTemplate":"https:\/\/www.jachthavenhindeloopen.nl\/de\/?s={search_term_string}"},"query-input":{"@type":"PropertyValueSpecification","valueRequired":true,"valueName":"search_term_string"}}],"inLanguage":"de"},{"@type":"Organization","@id":"https:\/\/www.jachthavenhindeloopen.nl\/de\/#organization","name":"Jachthaven Hindeloopen","url":"https:\/\/www.jachthavenhindeloopen.nl\/de\/","logo":{"@type":"ImageObject","inLanguage":"de","@id":"https:\/\/www.jachthavenhindeloopen.nl\/de\/#\/schema\/logo\/image\/","url":"https:\/\/www.jachthavenhindeloopen.nl\/wp-content\/uploads\/2020\/03\/logo-jachthaven-hindeloopen-1.png","contentUrl":"https:\/\/www.jachthavenhindeloopen.nl\/wp-content\/uploads\/2020\/03\/logo-jachthaven-hindeloopen-1.png","width":350,"height":50,"caption":"Jachthaven Hindeloopen"},"image":{"@id":"https:\/\/www.jachthavenhindeloopen.nl\/de\/#\/schema\/logo\/image\/"},"sameAs":["https:\/\/www.facebook.com\/jachthaven.hindeloopen","https:\/\/www.instagram.com\/jachthavenhindeloopen\/"]}]}},"_links":{"self":[{"href":"https:\/\/www.jachthavenhindeloopen.nl\/de\/wp-json\/wp\/v2\/pages\/13089","targetHints":{"allow":["GET"]}}],"collection":[{"href":"https:\/\/www.jachthavenhindeloopen.nl\/de\/wp-json\/wp\/v2\/pages"}],"about":[{"href":"https:\/\/www.jachthavenhindeloopen.nl\/de\/wp-json\/wp\/v2\/types\/page"}],"author":[{"embeddable":true,"href":"https:\/\/www.jachthavenhindeloopen.nl\/de\/wp-json\/wp\/v2\/users\/1"}],"replies":[{"embeddable":true,"href":"https:\/\/www.jachthavenhindeloopen.nl\/de\/wp-json\/wp\/v2\/comments?post=13089"}],"version-history":[{"count":5,"href":"https:\/\/www.jachthavenhindeloopen.nl\/de\/wp-json\/wp\/v2\/pages\/13089\/revisions"}],"predecessor-version":[{"id":36884,"href":"https:\/\/www.jachthavenhindeloopen.nl\/de\/wp-json\/wp\/v2\/pages\/13089\/revisions\/36884"}],"wp:attachment":[{"href":"https:\/\/www.jachthavenhindeloopen.nl\/de\/wp-json\/wp\/v2\/media?parent=13089"}],"curies":[{"name":"wp","href":"https:\/\/api.w.org\/{rel}","templated":true}]}}