{"id":13148,"date":"2021-10-27T08:40:34","date_gmt":"2021-10-27T08:40:34","guid":{"rendered":"https:\/\/www.jachthavenhindeloopen.nl\/?page_id=13148"},"modified":"2024-11-19T14:07:17","modified_gmt":"2024-11-19T14:07:17","slug":"offnunszeiten","status":"publish","type":"page","link":"https:\/\/www.jachthavenhindeloopen.nl\/de\/offnunszeiten\/","title":{"rendered":"\u00d6ffnungszeiten"},"content":{"rendered":"<div class=\"wpb-content-wrapper\">[vc_row][vc_column][vc_column_text]\n<h1>\u00d6ffnungszeiten<\/h1>\n[\/vc_column_text][vc_column_text]Die aktuellen \u00d6ffnungszeiten der einzelnen Abteilungen sind saisonabh\u00e4ngig und finden Sie in der SkipsMaritiem-App. Unser Ziel ist es, Ihnen einen guten Zugang zu all unseren Einrichtungen zu erm\u00f6glichen.[\/vc_column_text][\/vc_column][\/vc_row][vc_row full_width=&#8220;stretch_row&#8220; css=&#8220;.vc_custom_1674482086620{padding-bottom: 30px !important;background-color: #f4f7ff !important;}&#8220;][vc_column width=&#8220;1\/2&#8243;][vc_column_text css=&#8220;.vc_custom_1674572169803{padding-top: 0px !important;padding-bottom: 0px !important;}&#8220;]\n<h2>Laden Sie die SkipsMaritiem-App herunter<\/h2>\n<p class=\"lead\">Ihr eigener virtueller Hafenmeister 24\/7!<\/p>\n<p>Wann ist das Hallenbad ge\u00f6ffnet? Was kann ich morgen mit den Kindern in der Umgebung unternehmen? Wie wird das Wetter? Antworten hierzu finden Sie in der neuen SkipsMaritiem App. Und mehr. So k\u00f6nnen Sie zum Beispiel mit diesem virtuellen Hafenmeister auch in unserem Restaurant Sailors Inn reservieren, finden Sie hier wichtige Telefonnummern und Information zur Natur und Geschichte von Hindeloopen und deren Umgebung. Sind Sie ein paar Tage mit dem Schiff unterwegs?<\/p>\n<p>Mit dieser App haben Sie Ihren eigenen virtuellen Hafenmeister, eine unersch\u00f6pfliche Informationsquelle, immer in Reichweite. Man kann die App downloaden im App Store (iOS) oder \u00fcber Google Play (Android).[\/vc_column_text][vc_row_inner css=&#8220;.vc_custom_1625735245818{margin-top: 60px !important;}&#8220;][vc_column_inner width=&#8220;1\/2&#8243;][vc_single_image image=&#8220;13370&#8243; img_size=&#8220;full&#8220; onclick=&#8220;custom_link&#8220; img_link_target=&#8220;_blank&#8220; link=&#8220;https:\/\/apps.apple.com\/nl\/app\/skipsmaritiem\/id1510765571&#8243;][\/vc_column_inner][vc_column_inner width=&#8220;1\/2&#8243;][vc_single_image image=&#8220;13373&#8243; img_size=&#8220;full&#8220; onclick=&#8220;custom_link&#8220; img_link_target=&#8220;_blank&#8220; link=&#8220;https:\/\/play.google.com\/store\/apps\/details?id=com.app.p2406BB&amp;hl=nl&amp;gl=US&#8220;][\/vc_column_inner][\/vc_row_inner][\/vc_column][vc_column width=&#8220;1\/2&#8243; css=&#8220;.vc_custom_1447324391939{padding-top: 0px !important;}&#8220;][vc_single_image image=&#8220;13403&#8243; img_size=&#8220;full&#8220;][\/vc_column][\/vc_row]\n<\/div>","protected":false},"excerpt":{"rendered":"<p>[vc_row][vc_column][vc_column_text] \u00d6ffnungszeiten [\/vc_column_text][vc_column_text]Die aktuellen \u00d6ffnungszeiten der einzelnen Abteilungen sind saisonabh\u00e4ngig und finden Sie in der SkipsMaritiem-App. Unser Ziel ist es, Ihnen einen guten Zugang zu all unseren Einrichtungen zu erm\u00f6glichen.[\/vc_column_text][\/vc_column][\/vc_row][vc_row full_width=&#8220;stretch_row&#8220; css=&#8220;.vc_custom_1674482086620{padding-bottom: 30px !important;background-color: #f4f7ff !important;}&#8220;][vc_column width=&#8220;1\/2&#8243;][vc_column_text css=&#8220;.vc_custom_1674572169803{padding-top: 0px !important;padding-bottom: 0px !important;}&#8220;] Laden Sie die SkipsMaritiem-App herunter Ihr eigener virtueller Hafenmeister 24\/7! Wann ist das Hallenbad ge\u00f6ffnet? Was kann ich [&hellip;]<\/p>\n","protected":false},"author":1,"featured_media":0,"parent":0,"menu_order":0,"comment_status":"closed","ping_status":"closed","template":"","meta":{"footnotes":""},"class_list":["post-13148","page","type-page","status-publish","hentry"],"yoast_head":"<!-- This site is optimized with the Yoast SEO plugin v27.3 - https:\/\/yoast.com\/product\/yoast-seo-wordpress\/ -->\n<title>\u00d6ffnungszeiten - Jachthaven Hindeloopen<\/title>\n<meta name=\"description\" content=\"Unser gem\u00fctlicher und vielseitiger Yachthafen liegt in ausgezeichneter Lage direkt am IJsselmeer und in unmittelbarer N\u00e4he des gleichnamigen St\u00e4dtchens Hindeloopen mit seinen malerischen H\u00e4usern.\" \/>\n<meta name=\"robots\" content=\"index, follow, max-snippet:-1, max-image-preview:large, max-video-preview:-1\" \/>\n<link rel=\"canonical\" href=\"https:\/\/www.jachthavenhindeloopen.nl\/de\/offnunszeiten\/\" \/>\n<meta property=\"og:locale\" content=\"de_DE\" \/>\n<meta property=\"og:type\" content=\"article\" \/>\n<meta property=\"og:title\" content=\"\u00d6ffnungszeiten - Jachthaven Hindeloopen\" \/>\n<meta property=\"og:description\" content=\"Unser gem\u00fctlicher und vielseitiger Yachthafen liegt in ausgezeichneter Lage direkt am IJsselmeer und in unmittelbarer N\u00e4he des gleichnamigen St\u00e4dtchens Hindeloopen mit seinen malerischen H\u00e4usern.\" \/>\n<meta property=\"og:url\" content=\"https:\/\/www.jachthavenhindeloopen.nl\/de\/offnunszeiten\/\" \/>\n<meta property=\"og:site_name\" content=\"Jachthaven Hindeloopen\" \/>\n<meta property=\"article:publisher\" content=\"https:\/\/www.facebook.com\/jachthaven.hindeloopen\" \/>\n<meta property=\"article:modified_time\" content=\"2024-11-19T14:07:17+00:00\" \/>\n<meta name=\"twitter:card\" content=\"summary_large_image\" \/>\n<meta name=\"twitter:label1\" content=\"Gesch\u00e4tzte Lesezeit\" \/>\n\t<meta name=\"twitter:data1\" content=\"1\u00a0Minute\" \/>\n<script type=\"application\/ld+json\" class=\"yoast-schema-graph\">{\"@context\":\"https:\\\/\\\/schema.org\",\"@graph\":[{\"@type\":\"WebPage\",\"@id\":\"https:\\\/\\\/www.jachthavenhindeloopen.nl\\\/de\\\/offnunszeiten\\\/\",\"url\":\"https:\\\/\\\/www.jachthavenhindeloopen.nl\\\/de\\\/offnunszeiten\\\/\",\"name\":\"\u00d6ffnungszeiten - Jachthaven Hindeloopen\",\"isPartOf\":{\"@id\":\"https:\\\/\\\/www.jachthavenhindeloopen.nl\\\/de\\\/#website\"},\"datePublished\":\"2021-10-27T08:40:34+00:00\",\"dateModified\":\"2024-11-19T14:07:17+00:00\",\"description\":\"Unser gem\u00fctlicher und vielseitiger Yachthafen liegt in ausgezeichneter Lage direkt am IJsselmeer und in unmittelbarer N\u00e4he des gleichnamigen St\u00e4dtchens Hindeloopen mit seinen malerischen H\u00e4usern.\",\"breadcrumb\":{\"@id\":\"https:\\\/\\\/www.jachthavenhindeloopen.nl\\\/de\\\/offnunszeiten\\\/#breadcrumb\"},\"inLanguage\":\"de\",\"potentialAction\":[{\"@type\":\"ReadAction\",\"target\":[\"https:\\\/\\\/www.jachthavenhindeloopen.nl\\\/de\\\/offnunszeiten\\\/\"]}]},{\"@type\":\"BreadcrumbList\",\"@id\":\"https:\\\/\\\/www.jachthavenhindeloopen.nl\\\/de\\\/offnunszeiten\\\/#breadcrumb\",\"itemListElement\":[{\"@type\":\"ListItem\",\"position\":1,\"name\":\"Home\",\"item\":\"https:\\\/\\\/www.jachthavenhindeloopen.nl\\\/de\\\/\"},{\"@type\":\"ListItem\",\"position\":2,\"name\":\"\u00d6ffnungszeiten\"}]},{\"@type\":\"WebSite\",\"@id\":\"https:\\\/\\\/www.jachthavenhindeloopen.nl\\\/de\\\/#website\",\"url\":\"https:\\\/\\\/www.jachthavenhindeloopen.nl\\\/de\\\/\",\"name\":\"Jachthaven Hindeloopen\",\"description\":\"De veelzijdige kwaliteitshaven in Friesland aan het IJsselmeer\",\"publisher\":{\"@id\":\"https:\\\/\\\/www.jachthavenhindeloopen.nl\\\/de\\\/#organization\"},\"potentialAction\":[{\"@type\":\"SearchAction\",\"target\":{\"@type\":\"EntryPoint\",\"urlTemplate\":\"https:\\\/\\\/www.jachthavenhindeloopen.nl\\\/de\\\/?s={search_term_string}\"},\"query-input\":{\"@type\":\"PropertyValueSpecification\",\"valueRequired\":true,\"valueName\":\"search_term_string\"}}],\"inLanguage\":\"de\"},{\"@type\":\"Organization\",\"@id\":\"https:\\\/\\\/www.jachthavenhindeloopen.nl\\\/de\\\/#organization\",\"name\":\"Jachthaven Hindeloopen\",\"url\":\"https:\\\/\\\/www.jachthavenhindeloopen.nl\\\/de\\\/\",\"logo\":{\"@type\":\"ImageObject\",\"inLanguage\":\"de\",\"@id\":\"https:\\\/\\\/www.jachthavenhindeloopen.nl\\\/de\\\/#\\\/schema\\\/logo\\\/image\\\/\",\"url\":\"https:\\\/\\\/www.jachthavenhindeloopen.nl\\\/wp-content\\\/uploads\\\/2020\\\/03\\\/logo-jachthaven-hindeloopen-1.png\",\"contentUrl\":\"https:\\\/\\\/www.jachthavenhindeloopen.nl\\\/wp-content\\\/uploads\\\/2020\\\/03\\\/logo-jachthaven-hindeloopen-1.png\",\"width\":350,\"height\":50,\"caption\":\"Jachthaven Hindeloopen\"},\"image\":{\"@id\":\"https:\\\/\\\/www.jachthavenhindeloopen.nl\\\/de\\\/#\\\/schema\\\/logo\\\/image\\\/\"},\"sameAs\":[\"https:\\\/\\\/www.facebook.com\\\/jachthaven.hindeloopen\",\"https:\\\/\\\/www.instagram.com\\\/jachthavenhindeloopen\\\/\"]}]}<\/script>\n<!-- \/ Yoast SEO plugin. -->","yoast_head_json":{"title":"\u00d6ffnungszeiten - Jachthaven Hindeloopen","description":"Unser gem\u00fctlicher und vielseitiger Yachthafen liegt in ausgezeichneter Lage direkt am IJsselmeer und in unmittelbarer N\u00e4he des gleichnamigen St\u00e4dtchens Hindeloopen mit seinen malerischen H\u00e4usern.","robots":{"index":"index","follow":"follow","max-snippet":"max-snippet:-1","max-image-preview":"max-image-preview:large","max-video-preview":"max-video-preview:-1"},"canonical":"https:\/\/www.jachthavenhindeloopen.nl\/de\/offnunszeiten\/","og_locale":"de_DE","og_type":"article","og_title":"\u00d6ffnungszeiten - Jachthaven Hindeloopen","og_description":"Unser gem\u00fctlicher und vielseitiger Yachthafen liegt in ausgezeichneter Lage direkt am IJsselmeer und in unmittelbarer N\u00e4he des gleichnamigen St\u00e4dtchens Hindeloopen mit seinen malerischen H\u00e4usern.","og_url":"https:\/\/www.jachthavenhindeloopen.nl\/de\/offnunszeiten\/","og_site_name":"Jachthaven Hindeloopen","article_publisher":"https:\/\/www.facebook.com\/jachthaven.hindeloopen","article_modified_time":"2024-11-19T14:07:17+00:00","twitter_card":"summary_large_image","twitter_misc":{"Gesch\u00e4tzte Lesezeit":"1\u00a0Minute"},"schema":{"@context":"https:\/\/schema.org","@graph":[{"@type":"WebPage","@id":"https:\/\/www.jachthavenhindeloopen.nl\/de\/offnunszeiten\/","url":"https:\/\/www.jachthavenhindeloopen.nl\/de\/offnunszeiten\/","name":"\u00d6ffnungszeiten - Jachthaven Hindeloopen","isPartOf":{"@id":"https:\/\/www.jachthavenhindeloopen.nl\/de\/#website"},"datePublished":"2021-10-27T08:40:34+00:00","dateModified":"2024-11-19T14:07:17+00:00","description":"Unser gem\u00fctlicher und vielseitiger Yachthafen liegt in ausgezeichneter Lage direkt am IJsselmeer und in unmittelbarer N\u00e4he des gleichnamigen St\u00e4dtchens Hindeloopen mit seinen malerischen H\u00e4usern.","breadcrumb":{"@id":"https:\/\/www.jachthavenhindeloopen.nl\/de\/offnunszeiten\/#breadcrumb"},"inLanguage":"de","potentialAction":[{"@type":"ReadAction","target":["https:\/\/www.jachthavenhindeloopen.nl\/de\/offnunszeiten\/"]}]},{"@type":"BreadcrumbList","@id":"https:\/\/www.jachthavenhindeloopen.nl\/de\/offnunszeiten\/#breadcrumb","itemListElement":[{"@type":"ListItem","position":1,"name":"Home","item":"https:\/\/www.jachthavenhindeloopen.nl\/de\/"},{"@type":"ListItem","position":2,"name":"\u00d6ffnungszeiten"}]},{"@type":"WebSite","@id":"https:\/\/www.jachthavenhindeloopen.nl\/de\/#website","url":"https:\/\/www.jachthavenhindeloopen.nl\/de\/","name":"Jachthaven Hindeloopen","description":"De veelzijdige kwaliteitshaven in Friesland aan het IJsselmeer","publisher":{"@id":"https:\/\/www.jachthavenhindeloopen.nl\/de\/#organization"},"potentialAction":[{"@type":"SearchAction","target":{"@type":"EntryPoint","urlTemplate":"https:\/\/www.jachthavenhindeloopen.nl\/de\/?s={search_term_string}"},"query-input":{"@type":"PropertyValueSpecification","valueRequired":true,"valueName":"search_term_string"}}],"inLanguage":"de"},{"@type":"Organization","@id":"https:\/\/www.jachthavenhindeloopen.nl\/de\/#organization","name":"Jachthaven Hindeloopen","url":"https:\/\/www.jachthavenhindeloopen.nl\/de\/","logo":{"@type":"ImageObject","inLanguage":"de","@id":"https:\/\/www.jachthavenhindeloopen.nl\/de\/#\/schema\/logo\/image\/","url":"https:\/\/www.jachthavenhindeloopen.nl\/wp-content\/uploads\/2020\/03\/logo-jachthaven-hindeloopen-1.png","contentUrl":"https:\/\/www.jachthavenhindeloopen.nl\/wp-content\/uploads\/2020\/03\/logo-jachthaven-hindeloopen-1.png","width":350,"height":50,"caption":"Jachthaven Hindeloopen"},"image":{"@id":"https:\/\/www.jachthavenhindeloopen.nl\/de\/#\/schema\/logo\/image\/"},"sameAs":["https:\/\/www.facebook.com\/jachthaven.hindeloopen","https:\/\/www.instagram.com\/jachthavenhindeloopen\/"]}]}},"_links":{"self":[{"href":"https:\/\/www.jachthavenhindeloopen.nl\/de\/wp-json\/wp\/v2\/pages\/13148","targetHints":{"allow":["GET"]}}],"collection":[{"href":"https:\/\/www.jachthavenhindeloopen.nl\/de\/wp-json\/wp\/v2\/pages"}],"about":[{"href":"https:\/\/www.jachthavenhindeloopen.nl\/de\/wp-json\/wp\/v2\/types\/page"}],"author":[{"embeddable":true,"href":"https:\/\/www.jachthavenhindeloopen.nl\/de\/wp-json\/wp\/v2\/users\/1"}],"replies":[{"embeddable":true,"href":"https:\/\/www.jachthavenhindeloopen.nl\/de\/wp-json\/wp\/v2\/comments?post=13148"}],"version-history":[{"count":14,"href":"https:\/\/www.jachthavenhindeloopen.nl\/de\/wp-json\/wp\/v2\/pages\/13148\/revisions"}],"predecessor-version":[{"id":25566,"href":"https:\/\/www.jachthavenhindeloopen.nl\/de\/wp-json\/wp\/v2\/pages\/13148\/revisions\/25566"}],"wp:attachment":[{"href":"https:\/\/www.jachthavenhindeloopen.nl\/de\/wp-json\/wp\/v2\/media?parent=13148"}],"curies":[{"name":"wp","href":"https:\/\/api.w.org\/{rel}","templated":true}]}}