{"id":13356,"date":"2021-07-08T09:34:22","date_gmt":"2021-07-08T09:34:22","guid":{"rendered":"https:\/\/www.jachthavenhindeloopen.nl\/?page_id=13356"},"modified":"2023-01-24T14:57:37","modified_gmt":"2023-01-24T14:57:37","slug":"skipsmaritiem-app","status":"publish","type":"page","link":"https:\/\/www.jachthavenhindeloopen.nl\/de\/skipsmaritiem-app\/","title":{"rendered":"SkipsMaritiem App"},"content":{"rendered":"<div class=\"wpb-content-wrapper\">[vc_row css=&#8220;.vc_custom_1447324401018{padding-bottom: 30px !important;}&#8220;][vc_column width=&#8220;1\/2&#8243;][vc_column_text css=&#8220;.vc_custom_1674572245249{padding-top: 0px !important;padding-bottom: 0px !important;}&#8220;]\n<h2>Laden Sie die SkipsMaritime-App herunter<\/h2>\n<p class=\"lead\">Ihr eigener virtueller Hafenmeister 24\/7!<\/p>\n<p>Wann ist das Hallenbad ge\u00f6ffnet? Was kann ich morgen mit den Kindern in der Umgebung unternehmen? Wie wird das Wetter? Antworten hierzu finden Sie in der neuen SkipsMaritiem App. Und mehr. So k\u00f6nnen Sie zum Beispiel mit diesem virtuellen Hafenmeister auch in unserem Restaurant Sailors Inn reservieren, finden Sie hier wichtige Telefonnummern und Information zur Natur und Geschichte von Hindeloopen und deren Umgebung. Sind Sie ein paar Tage mit dem Schiff unterwegs?<\/p>\n<p>Mit dieser App haben Sie Ihren eigenen virtuellen Hafenmeister, eine unersch\u00f6pfliche Informationsquelle, immer in Reichweite. Man kann die App downloaden im App Store (iOS) oder \u00fcber Google Play (Android).<\/p>\n[\/vc_column_text][vc_row_inner css=&#8220;.vc_custom_1625735245818{margin-top: 60px !important;}&#8220;][vc_column_inner width=&#8220;1\/2&#8243;][vc_single_image image=&#8220;13370&#8243; img_size=&#8220;full&#8220; onclick=&#8220;custom_link&#8220; img_link_target=&#8220;_blank&#8220; link=&#8220;https:\/\/apps.apple.com\/nl\/app\/skipsmaritiem\/id1510765571&#8243;][\/vc_column_inner][vc_column_inner width=&#8220;1\/2&#8243;][vc_single_image image=&#8220;13373&#8243; img_size=&#8220;full&#8220; onclick=&#8220;custom_link&#8220; img_link_target=&#8220;_blank&#8220; link=&#8220;https:\/\/play.google.com\/store\/apps\/details?id=com.app.p2406BB&amp;hl=nl&amp;gl=US&#8220;][\/vc_column_inner][\/vc_row_inner][\/vc_column][vc_column width=&#8220;1\/2&#8243; css=&#8220;.vc_custom_1447324391939{padding-top: 0px !important;}&#8220;][vc_single_image image=&#8220;13403&#8243; img_size=&#8220;full&#8220;][\/vc_column][\/vc_row][vc_row][vc_column]<h2 class=\"text-center\"><small>Was finden Sie so alles bei uns?<\/small>Einrichtungen &amp; Unterk\u00fcnfte Jachthafen Hindeloopen<\/h2><div class='services-carousel  owl-with-navigation' data-owl='{&quot;items&quot;:4,&quot;nav&quot;:true,&quot;navText&quot;:[&quot;Zur\\u00fcck&quot;,&quot;Weiter&quot;],&quot;loop&quot;:true,&quot;autoplay&quot;:true,&quot;autoplayTimeout&quot;:2000,&quot;autoplayHoverPause&quot;:true,&quot;responsive&quot;:{&quot;0&quot;:{&quot;items&quot;:1,&quot;dots&quot;:true,&quot;nav&quot;:true},&quot;767&quot;:{&quot;items&quot;:4,&quot;dots&quot;:true},&quot;992&quot;:{&quot;items&quot;:4,&quot;dots&quot;:true}}}'><div class=\"item\">\n  <a href=\"\/de\/yachthafen\/liegeplatz\/\" target=\"_self\" class=\"link-image\" title=\"Liegepl\u00e4tze\"><img loading=\"lazy\" decoding=\"async\" width=\"450\" height=\"300\" src=\"https:\/\/www.jachthavenhindeloopen.nl\/wp-content\/uploads\/2019\/03\/ligplaatsen-jachthaven-hindeloopen.png\" class=\"attachment-large size-large\" alt=\"Ligplaatsen Jachthaven Hindeloopen\" srcset=\"https:\/\/www.jachthavenhindeloopen.nl\/wp-content\/uploads\/2019\/03\/ligplaatsen-jachthaven-hindeloopen.png 450w, https:\/\/www.jachthavenhindeloopen.nl\/wp-content\/uploads\/2019\/03\/ligplaatsen-jachthaven-hindeloopen-300x200.png 300w\" sizes=\"auto, (max-width: 450px) 100vw, 450px\" \/><\/a>      <div class=\"item-content\">\n      <h4><a href=\"\/de\/yachthafen\/liegeplatz\/\" target=\"_self\" >Liegepl\u00e4tze<\/a><\/h4>      <p>Unser gem\u00fctlicher und vielseitiger Jachthafen liegt in ausgezeichneter Lage direkt am IJsselmeer und in unmittelbarer N\u00e4he des gleichnamigen St\u00e4dtchens Hindeloopen mit seinen malerischen H\u00e4usern.<\/p>    <\/div>\n  <\/div>\n<div class=\"item\">\n  <a href=\"\/de\/yachthafen\/winterlagerung\/\" target=\"_self\" class=\"link-image\" title=\"Winterlagerung\"><img loading=\"lazy\" decoding=\"async\" width=\"450\" height=\"300\" src=\"https:\/\/www.jachthavenhindeloopen.nl\/wp-content\/uploads\/2019\/03\/flevo-marina-winterberging.jpg\" class=\"attachment-large size-large\" alt=\"Flevo Marina Winterberging\" srcset=\"https:\/\/www.jachthavenhindeloopen.nl\/wp-content\/uploads\/2019\/03\/flevo-marina-winterberging.jpg 450w, https:\/\/www.jachthavenhindeloopen.nl\/wp-content\/uploads\/2019\/03\/flevo-marina-winterberging-300x200.jpg 300w\" sizes=\"auto, (max-width: 450px) 100vw, 450px\" \/><\/a>      <div class=\"item-content\">\n      <h4><a href=\"\/de\/yachthafen\/winterlagerung\/\" target=\"_self\" >Winterlagerung<\/a><\/h4>      <p>Lassen Sie Ihr Boot in einer unserer beheizten oder isolierten Hallen sicher \u00fcberwintern.<\/p>    <\/div>\n  <\/div>\n<div class=\"item\">\n  <a href=\"\/de\/yachtservice-refit\/\" target=\"_self\" class=\"link-image\" title=\"Sorglos auf dem Wasser unterwegs\"><img loading=\"lazy\" decoding=\"async\" width=\"450\" height=\"300\" src=\"https:\/\/www.jachthavenhindeloopen.nl\/wp-content\/uploads\/2018\/09\/yachtservice.jpg\" class=\"attachment-large size-large\" alt=\"\" srcset=\"https:\/\/www.jachthavenhindeloopen.nl\/wp-content\/uploads\/2018\/09\/yachtservice.jpg 450w, https:\/\/www.jachthavenhindeloopen.nl\/wp-content\/uploads\/2018\/09\/yachtservice-300x200.jpg 300w\" sizes=\"auto, (max-width: 450px) 100vw, 450px\" \/><\/a>      <div class=\"item-content\">\n      <h4><a href=\"\/de\/yachtservice-refit\/\" target=\"_self\" >Sorglos auf dem Wasser unterwegs<\/a><\/h4>      <p>Die Yachtservice &amp; Refit-Betriebe sind professionelle Allround-Organisationen, in denen Ihnen echte Spezialisten fachkundig weiterhelfen.<\/p>    <\/div>\n  <\/div>\n<div class=\"item\">\n  <a href=\"\/de\/wassersportgeschaeft\/\" target=\"_self\" class=\"link-image\" title=\"Watersportgesch\u00e4ft\"><img loading=\"lazy\" decoding=\"async\" width=\"450\" height=\"300\" src=\"https:\/\/www.jachthavenhindeloopen.nl\/wp-content\/uploads\/2019\/03\/watersportwinkel-flevo-marina.jpg\" class=\"attachment-large size-large\" alt=\"Flevo Marina Watersportwinkel\" srcset=\"https:\/\/www.jachthavenhindeloopen.nl\/wp-content\/uploads\/2019\/03\/watersportwinkel-flevo-marina.jpg 450w, https:\/\/www.jachthavenhindeloopen.nl\/wp-content\/uploads\/2019\/03\/watersportwinkel-flevo-marina-300x200.jpg 300w\" sizes=\"auto, (max-width: 450px) 100vw, 450px\" \/><\/a>      <div class=\"item-content\">\n      <h4><a href=\"\/de\/wassersportgeschaeft\/\" target=\"_self\" >Watersportgesch\u00e4ft<\/a><\/h4>      <p>Sind Sie auf der Suche nach neuen Zubeh\u00f6rteilen f\u00fcr Ihr Boot, nach einem qualitativ hochwertigen Segelanzug oder nach modischer Freizeitkleidung?<\/p>    <\/div>\n  <\/div>\n<div class=\"item\">\n  <a href=\"\/de\/skips-sails\/\" target=\"_blank\" class=\"link-image\" title=\"Skips Sails\"><img loading=\"lazy\" decoding=\"async\" width=\"450\" height=\"300\" src=\"https:\/\/www.jachthavenhindeloopen.nl\/wp-content\/uploads\/2019\/03\/skipssails.jpg\" class=\"attachment-large size-large\" alt=\"SkipsSails\" srcset=\"https:\/\/www.jachthavenhindeloopen.nl\/wp-content\/uploads\/2019\/03\/skipssails.jpg 450w, https:\/\/www.jachthavenhindeloopen.nl\/wp-content\/uploads\/2019\/03\/skipssails-300x200.jpg 300w\" sizes=\"auto, (max-width: 450px) 100vw, 450px\" \/><\/a>      <div class=\"item-content\">\n      <h4><a href=\"\/de\/skips-sails\/\" target=\"_blank\" >Skips Sails<\/a><\/h4>      <p>Mit Skips Sails verf\u00fcgt der Jachthafen Hindeloopen \u00fcber eine qualitativ hochwertige, hauseigene Segelmacherei.<\/p>    <\/div>\n  <\/div>\n<div class=\"item\">\n  <a href=\"https:\/\/www.skipshotel.nl\/de\/\" target=\"_blank\" class=\"link-image\" title=\"SkipsHotel\"><img loading=\"lazy\" decoding=\"async\" width=\"450\" height=\"300\" src=\"https:\/\/www.jachthavenhindeloopen.nl\/wp-content\/uploads\/2019\/03\/skipshotel.png\" class=\"attachment-large size-large\" alt=\"SkipsHotel\" srcset=\"https:\/\/www.jachthavenhindeloopen.nl\/wp-content\/uploads\/2019\/03\/skipshotel.png 450w, https:\/\/www.jachthavenhindeloopen.nl\/wp-content\/uploads\/2019\/03\/skipshotel-300x200.png 300w\" sizes=\"auto, (max-width: 450px) 100vw, 450px\" \/><\/a>      <div class=\"item-content\">\n      <h4><a href=\"https:\/\/www.skipshotel.nl\/de\/\" target=\"_blank\" >SkipsHotel<\/a><\/h4>      <p>Genie\u00dfen Sie Ihren Aufenthalt in einem unserer komplett eingerichteten Appartements.<\/p>    <\/div>\n  <\/div>\n<div class=\"item\">\n  <a href=\"\/de\/schwimmschule-hindeloopen\/\" target=\"_self\" class=\"link-image\" title=\"Schwimmschule Hindeloopen\"><img loading=\"lazy\" decoding=\"async\" width=\"450\" height=\"300\" src=\"https:\/\/www.jachthavenhindeloopen.nl\/wp-content\/uploads\/2019\/03\/zwemschool-hindeloopen.png\" class=\"attachment-large size-large\" alt=\"Zwemschool Hindeloopen\" srcset=\"https:\/\/www.jachthavenhindeloopen.nl\/wp-content\/uploads\/2019\/03\/zwemschool-hindeloopen.png 450w, https:\/\/www.jachthavenhindeloopen.nl\/wp-content\/uploads\/2019\/03\/zwemschool-hindeloopen-300x200.png 300w\" sizes=\"auto, (max-width: 450px) 100vw, 450px\" \/><\/a>      <div class=\"item-content\">\n      <h4><a href=\"\/de\/schwimmschule-hindeloopen\/\" target=\"_self\" >Schwimmschule Hindeloopen<\/a><\/h4>      <p>Bei der Schwimmschule Hindeloopen lernen Kinder nach den neuesten Methoden schwimmen.<\/p>    <\/div>\n  <\/div>\n<\/div>[\/vc_column][\/vc_row]\n<\/div>","protected":false},"excerpt":{"rendered":"<p>[vc_row css=&#8220;.vc_custom_1447324401018{padding-bottom: 30px !important;}&#8220;][vc_column width=&#8220;1\/2&#8243;][vc_column_text css=&#8220;.vc_custom_1674572245249{padding-top: 0px !important;padding-bottom: 0px !important;}&#8220;] Laden Sie die SkipsMaritime-App herunter Ihr eigener virtueller Hafenmeister 24\/7! Wann ist das Hallenbad ge\u00f6ffnet? Was kann ich morgen mit den Kindern in der Umgebung unternehmen? Wie wird das Wetter? Antworten hierzu finden Sie in der neuen SkipsMaritiem App. Und mehr. So k\u00f6nnen Sie zum Beispiel mit diesem virtuellen Hafenmeister [&hellip;]<\/p>\n","protected":false},"author":1,"featured_media":0,"parent":0,"menu_order":0,"comment_status":"closed","ping_status":"closed","template":"","meta":{"footnotes":""},"class_list":["post-13356","page","type-page","status-publish","hentry"],"yoast_head":"<!-- This site is optimized with the Yoast SEO plugin v27.4 - https:\/\/yoast.com\/product\/yoast-seo-wordpress\/ -->\n<title>SkipsMaritiem App - Jachthaven Hindeloopen<\/title>\n<meta name=\"robots\" content=\"index, follow, max-snippet:-1, max-image-preview:large, max-video-preview:-1\" \/>\n<link rel=\"canonical\" href=\"https:\/\/www.jachthavenhindeloopen.nl\/de\/skipsmaritiem-app\/\" \/>\n<meta property=\"og:locale\" content=\"de_DE\" \/>\n<meta property=\"og:type\" content=\"article\" \/>\n<meta property=\"og:title\" content=\"SkipsMaritiem App - Jachthaven Hindeloopen\" \/>\n<meta property=\"og:description\" content=\"[vc_row css=&#8220;.vc_custom_1447324401018{padding-bottom: 30px !important;}&#8220;][vc_column width=&#8220;1\/2&#8243;][vc_column_text css=&#8220;.vc_custom_1674572245249{padding-top: 0px !important;padding-bottom: 0px !important;}&#8220;] Laden Sie die SkipsMaritime-App herunter Ihr eigener virtueller Hafenmeister 24\/7! Wann ist das Hallenbad ge\u00f6ffnet? Was kann ich morgen mit den Kindern in der Umgebung unternehmen? Wie wird das Wetter? Antworten hierzu finden Sie in der neuen SkipsMaritiem App. Und mehr. So k\u00f6nnen Sie zum Beispiel mit diesem virtuellen Hafenmeister [&hellip;]\" \/>\n<meta property=\"og:url\" content=\"https:\/\/www.jachthavenhindeloopen.nl\/de\/skipsmaritiem-app\/\" \/>\n<meta property=\"og:site_name\" content=\"Jachthaven Hindeloopen\" \/>\n<meta property=\"article:publisher\" content=\"https:\/\/www.facebook.com\/jachthaven.hindeloopen\" \/>\n<meta property=\"article:modified_time\" content=\"2023-01-24T14:57:37+00:00\" \/>\n<meta name=\"twitter:card\" content=\"summary_large_image\" \/>\n<meta name=\"twitter:label1\" content=\"Gesch\u00e4tzte Lesezeit\" \/>\n\t<meta name=\"twitter:data1\" content=\"2\u00a0Minuten\" \/>\n<script type=\"application\/ld+json\" class=\"yoast-schema-graph\">{\"@context\":\"https:\\\/\\\/schema.org\",\"@graph\":[{\"@type\":\"WebPage\",\"@id\":\"https:\\\/\\\/www.jachthavenhindeloopen.nl\\\/de\\\/skipsmaritiem-app\\\/\",\"url\":\"https:\\\/\\\/www.jachthavenhindeloopen.nl\\\/de\\\/skipsmaritiem-app\\\/\",\"name\":\"SkipsMaritiem App - Jachthaven Hindeloopen\",\"isPartOf\":{\"@id\":\"https:\\\/\\\/www.jachthavenhindeloopen.nl\\\/de\\\/#website\"},\"datePublished\":\"2021-07-08T09:34:22+00:00\",\"dateModified\":\"2023-01-24T14:57:37+00:00\",\"breadcrumb\":{\"@id\":\"https:\\\/\\\/www.jachthavenhindeloopen.nl\\\/de\\\/skipsmaritiem-app\\\/#breadcrumb\"},\"inLanguage\":\"de\",\"potentialAction\":[{\"@type\":\"ReadAction\",\"target\":[\"https:\\\/\\\/www.jachthavenhindeloopen.nl\\\/de\\\/skipsmaritiem-app\\\/\"]}]},{\"@type\":\"BreadcrumbList\",\"@id\":\"https:\\\/\\\/www.jachthavenhindeloopen.nl\\\/de\\\/skipsmaritiem-app\\\/#breadcrumb\",\"itemListElement\":[{\"@type\":\"ListItem\",\"position\":1,\"name\":\"Home\",\"item\":\"https:\\\/\\\/www.jachthavenhindeloopen.nl\\\/de\\\/\"},{\"@type\":\"ListItem\",\"position\":2,\"name\":\"SkipsMaritiem App\"}]},{\"@type\":\"WebSite\",\"@id\":\"https:\\\/\\\/www.jachthavenhindeloopen.nl\\\/de\\\/#website\",\"url\":\"https:\\\/\\\/www.jachthavenhindeloopen.nl\\\/de\\\/\",\"name\":\"Jachthaven Hindeloopen\",\"description\":\"De veelzijdige kwaliteitshaven in Friesland aan het IJsselmeer\",\"publisher\":{\"@id\":\"https:\\\/\\\/www.jachthavenhindeloopen.nl\\\/de\\\/#organization\"},\"potentialAction\":[{\"@type\":\"SearchAction\",\"target\":{\"@type\":\"EntryPoint\",\"urlTemplate\":\"https:\\\/\\\/www.jachthavenhindeloopen.nl\\\/de\\\/?s={search_term_string}\"},\"query-input\":{\"@type\":\"PropertyValueSpecification\",\"valueRequired\":true,\"valueName\":\"search_term_string\"}}],\"inLanguage\":\"de\"},{\"@type\":\"Organization\",\"@id\":\"https:\\\/\\\/www.jachthavenhindeloopen.nl\\\/de\\\/#organization\",\"name\":\"Jachthaven Hindeloopen\",\"url\":\"https:\\\/\\\/www.jachthavenhindeloopen.nl\\\/de\\\/\",\"logo\":{\"@type\":\"ImageObject\",\"inLanguage\":\"de\",\"@id\":\"https:\\\/\\\/www.jachthavenhindeloopen.nl\\\/de\\\/#\\\/schema\\\/logo\\\/image\\\/\",\"url\":\"https:\\\/\\\/www.jachthavenhindeloopen.nl\\\/wp-content\\\/uploads\\\/2020\\\/03\\\/logo-jachthaven-hindeloopen-1.png\",\"contentUrl\":\"https:\\\/\\\/www.jachthavenhindeloopen.nl\\\/wp-content\\\/uploads\\\/2020\\\/03\\\/logo-jachthaven-hindeloopen-1.png\",\"width\":350,\"height\":50,\"caption\":\"Jachthaven Hindeloopen\"},\"image\":{\"@id\":\"https:\\\/\\\/www.jachthavenhindeloopen.nl\\\/de\\\/#\\\/schema\\\/logo\\\/image\\\/\"},\"sameAs\":[\"https:\\\/\\\/www.facebook.com\\\/jachthaven.hindeloopen\",\"https:\\\/\\\/www.instagram.com\\\/jachthavenhindeloopen\\\/\"]}]}<\/script>\n<!-- \/ Yoast SEO plugin. -->","yoast_head_json":{"title":"SkipsMaritiem App - Jachthaven Hindeloopen","robots":{"index":"index","follow":"follow","max-snippet":"max-snippet:-1","max-image-preview":"max-image-preview:large","max-video-preview":"max-video-preview:-1"},"canonical":"https:\/\/www.jachthavenhindeloopen.nl\/de\/skipsmaritiem-app\/","og_locale":"de_DE","og_type":"article","og_title":"SkipsMaritiem App - Jachthaven Hindeloopen","og_description":"[vc_row css=&#8220;.vc_custom_1447324401018{padding-bottom: 30px !important;}&#8220;][vc_column width=&#8220;1\/2&#8243;][vc_column_text css=&#8220;.vc_custom_1674572245249{padding-top: 0px !important;padding-bottom: 0px !important;}&#8220;] Laden Sie die SkipsMaritime-App herunter Ihr eigener virtueller Hafenmeister 24\/7! Wann ist das Hallenbad ge\u00f6ffnet? Was kann ich morgen mit den Kindern in der Umgebung unternehmen? Wie wird das Wetter? Antworten hierzu finden Sie in der neuen SkipsMaritiem App. Und mehr. So k\u00f6nnen Sie zum Beispiel mit diesem virtuellen Hafenmeister [&hellip;]","og_url":"https:\/\/www.jachthavenhindeloopen.nl\/de\/skipsmaritiem-app\/","og_site_name":"Jachthaven Hindeloopen","article_publisher":"https:\/\/www.facebook.com\/jachthaven.hindeloopen","article_modified_time":"2023-01-24T14:57:37+00:00","twitter_card":"summary_large_image","twitter_misc":{"Gesch\u00e4tzte Lesezeit":"2\u00a0Minuten"},"schema":{"@context":"https:\/\/schema.org","@graph":[{"@type":"WebPage","@id":"https:\/\/www.jachthavenhindeloopen.nl\/de\/skipsmaritiem-app\/","url":"https:\/\/www.jachthavenhindeloopen.nl\/de\/skipsmaritiem-app\/","name":"SkipsMaritiem App - Jachthaven Hindeloopen","isPartOf":{"@id":"https:\/\/www.jachthavenhindeloopen.nl\/de\/#website"},"datePublished":"2021-07-08T09:34:22+00:00","dateModified":"2023-01-24T14:57:37+00:00","breadcrumb":{"@id":"https:\/\/www.jachthavenhindeloopen.nl\/de\/skipsmaritiem-app\/#breadcrumb"},"inLanguage":"de","potentialAction":[{"@type":"ReadAction","target":["https:\/\/www.jachthavenhindeloopen.nl\/de\/skipsmaritiem-app\/"]}]},{"@type":"BreadcrumbList","@id":"https:\/\/www.jachthavenhindeloopen.nl\/de\/skipsmaritiem-app\/#breadcrumb","itemListElement":[{"@type":"ListItem","position":1,"name":"Home","item":"https:\/\/www.jachthavenhindeloopen.nl\/de\/"},{"@type":"ListItem","position":2,"name":"SkipsMaritiem App"}]},{"@type":"WebSite","@id":"https:\/\/www.jachthavenhindeloopen.nl\/de\/#website","url":"https:\/\/www.jachthavenhindeloopen.nl\/de\/","name":"Jachthaven Hindeloopen","description":"De veelzijdige kwaliteitshaven in Friesland aan het IJsselmeer","publisher":{"@id":"https:\/\/www.jachthavenhindeloopen.nl\/de\/#organization"},"potentialAction":[{"@type":"SearchAction","target":{"@type":"EntryPoint","urlTemplate":"https:\/\/www.jachthavenhindeloopen.nl\/de\/?s={search_term_string}"},"query-input":{"@type":"PropertyValueSpecification","valueRequired":true,"valueName":"search_term_string"}}],"inLanguage":"de"},{"@type":"Organization","@id":"https:\/\/www.jachthavenhindeloopen.nl\/de\/#organization","name":"Jachthaven Hindeloopen","url":"https:\/\/www.jachthavenhindeloopen.nl\/de\/","logo":{"@type":"ImageObject","inLanguage":"de","@id":"https:\/\/www.jachthavenhindeloopen.nl\/de\/#\/schema\/logo\/image\/","url":"https:\/\/www.jachthavenhindeloopen.nl\/wp-content\/uploads\/2020\/03\/logo-jachthaven-hindeloopen-1.png","contentUrl":"https:\/\/www.jachthavenhindeloopen.nl\/wp-content\/uploads\/2020\/03\/logo-jachthaven-hindeloopen-1.png","width":350,"height":50,"caption":"Jachthaven Hindeloopen"},"image":{"@id":"https:\/\/www.jachthavenhindeloopen.nl\/de\/#\/schema\/logo\/image\/"},"sameAs":["https:\/\/www.facebook.com\/jachthaven.hindeloopen","https:\/\/www.instagram.com\/jachthavenhindeloopen\/"]}]}},"_links":{"self":[{"href":"https:\/\/www.jachthavenhindeloopen.nl\/de\/wp-json\/wp\/v2\/pages\/13356","targetHints":{"allow":["GET"]}}],"collection":[{"href":"https:\/\/www.jachthavenhindeloopen.nl\/de\/wp-json\/wp\/v2\/pages"}],"about":[{"href":"https:\/\/www.jachthavenhindeloopen.nl\/de\/wp-json\/wp\/v2\/types\/page"}],"author":[{"embeddable":true,"href":"https:\/\/www.jachthavenhindeloopen.nl\/de\/wp-json\/wp\/v2\/users\/1"}],"replies":[{"embeddable":true,"href":"https:\/\/www.jachthavenhindeloopen.nl\/de\/wp-json\/wp\/v2\/comments?post=13356"}],"version-history":[{"count":8,"href":"https:\/\/www.jachthavenhindeloopen.nl\/de\/wp-json\/wp\/v2\/pages\/13356\/revisions"}],"predecessor-version":[{"id":20423,"href":"https:\/\/www.jachthavenhindeloopen.nl\/de\/wp-json\/wp\/v2\/pages\/13356\/revisions\/20423"}],"wp:attachment":[{"href":"https:\/\/www.jachthavenhindeloopen.nl\/de\/wp-json\/wp\/v2\/media?parent=13356"}],"curies":[{"name":"wp","href":"https:\/\/api.w.org\/{rel}","templated":true}]}}