{"id":21115,"date":"2023-04-05T12:45:43","date_gmt":"2023-04-05T12:45:43","guid":{"rendered":"https:\/\/www.jachthavenhindeloopen.nl\/formular\/"},"modified":"2024-04-03T14:39:51","modified_gmt":"2024-04-03T14:39:51","slug":"formular","status":"publish","type":"page","link":"https:\/\/www.jachthavenhindeloopen.nl\/de\/formular\/","title":{"rendered":"Formular"},"content":{"rendered":"<div class=\"wpb-content-wrapper\">[vc_row][vc_column][vc_column_text]\n<h3>Bestellformular Br\u00f6tchen<\/h3>\n<p>Wir hei\u00dfen Sie herzlich willkommen in der Croissanterie. Hier k\u00f6nnen Sie frische Br\u00f6tchen, S\u00fc\u00dfigkeiten, Orangensaft und Kaffee kaufen und mit an Bord nemen. Es gibt aber auch die M\u00f6glichkeit, in der Croissanterie zu fr\u00fchstucken.<\/p>\n<p>Die aktuellen \u00d6ffnungszeiten finden Sie in der App von SkipsMaritiem.<\/p>\n<p>Ist die Croissanterie geschlossen? Der Spar- Supermarkt im Zentrum von Hindeloopen hat auch eine gro\u00dfe Brotabteilung[\/vc_column_text][\/vc_column][\/vc_row][vc_row el_class=&#8220;display_none&#8220;][vc_column][vc_column_text]\n<h3>Bestellformular Br\u00f6tchen<\/h3>\n<p>Lust auf frische Br\u00f6tchen zum Fr\u00fchst\u00fcck? An den Wochenenden, an Feiertagen und in den Sommerferien ist unsere Croissanterie im Hafen ge\u00f6ffnet. Dort haben wir ein gro\u00dfes Angebot f\u00fcr Sie. An den Tagen, an denen die Croissanterie geschlossen ist, verweisen wir Sie auf den SPAR Supermarkt im Ort. \u00dcber unsere App k\u00f6nnen Sie sowieso die ganze Woche \u00fcber Br\u00f6tchen bestellen <strong>bis zum 16:30 Uhr.<\/strong>[\/vc_column_text][vc_raw_html]JTNDaWZyYW1lJTIwc3JjJTNEJTIyaHR0cHMlM0ElMkYlMkZ5YWNodHNlcnZpY2VyZWZpdC5ubCUyRmVmb3JtcyUyRmJyb29kamVzLXNlcnZpY2UtamFjaHRoYXZlbi1oaW5kZWxvb3Blbi1kdWl0cyUyRjEwJTJGJTIyJTIwd2lkdGglM0QlMjIzNjAlMjIlMjBoZWlnaHQlM0QlMjIyMDYwJTIyJTIwc3R5bGUlM0QlMjJ3aWR0aCUzQSUyMDM2MHB4JTNCJTIwaGVpZ2h0JTNBJTIwMjA2MHB4JTNCJTIwYm9yZGVyJTNBJTIwMCUyMG5vbmUlM0IlMjBvdmVyZmxvdy15JTNBJTIwYXV0byUzQiUyMiUyMGZyYW1lYm9yZGVyJTNEJTIyMCUyMiUzRSUyNm5ic3AlM0IlM0MlMkZpZnJhbWUlM0U=[\/vc_raw_html][\/vc_column][\/vc_row]\n<\/div>","protected":false},"excerpt":{"rendered":"<p>[vc_row][vc_column][vc_column_text] Bestellformular Br\u00f6tchen Wir hei\u00dfen Sie herzlich willkommen in der Croissanterie. Hier k\u00f6nnen Sie frische Br\u00f6tchen, S\u00fc\u00dfigkeiten, Orangensaft und Kaffee kaufen und mit an Bord nemen. Es gibt aber auch die M\u00f6glichkeit, in der Croissanterie zu fr\u00fchstucken. Die aktuellen \u00d6ffnungszeiten finden Sie in der App von SkipsMaritiem. Ist die Croissanterie geschlossen? Der Spar- Supermarkt im Zentrum von Hindeloopen hat auch [&hellip;]<\/p>\n","protected":false},"author":1,"featured_media":0,"parent":0,"menu_order":0,"comment_status":"closed","ping_status":"closed","template":"","meta":{"footnotes":""},"class_list":["post-21115","page","type-page","status-publish","hentry"],"yoast_head":"<!-- This site is optimized with the Yoast SEO plugin v27.5 - https:\/\/yoast.com\/product\/yoast-seo-wordpress\/ -->\n<title>Formular - Jachthaven Hindeloopen<\/title>\n<meta name=\"robots\" content=\"index, follow, max-snippet:-1, max-image-preview:large, max-video-preview:-1\" \/>\n<link rel=\"canonical\" href=\"https:\/\/www.jachthavenhindeloopen.nl\/de\/formular\/\" \/>\n<meta property=\"og:locale\" content=\"de_DE\" \/>\n<meta property=\"og:type\" content=\"article\" \/>\n<meta property=\"og:title\" content=\"Formular - Jachthaven Hindeloopen\" \/>\n<meta property=\"og:description\" content=\"[vc_row][vc_column][vc_column_text] Bestellformular Br\u00f6tchen Wir hei\u00dfen Sie herzlich willkommen in der Croissanterie. Hier k\u00f6nnen Sie frische Br\u00f6tchen, S\u00fc\u00dfigkeiten, Orangensaft und Kaffee kaufen und mit an Bord nemen. Es gibt aber auch die M\u00f6glichkeit, in der Croissanterie zu fr\u00fchstucken. Die aktuellen \u00d6ffnungszeiten finden Sie in der App von SkipsMaritiem. Ist die Croissanterie geschlossen? Der Spar- Supermarkt im Zentrum von Hindeloopen hat auch [&hellip;]\" \/>\n<meta property=\"og:url\" content=\"https:\/\/www.jachthavenhindeloopen.nl\/de\/formular\/\" \/>\n<meta property=\"og:site_name\" content=\"Jachthaven Hindeloopen\" \/>\n<meta property=\"article:publisher\" content=\"https:\/\/www.facebook.com\/jachthaven.hindeloopen\" \/>\n<meta property=\"article:modified_time\" content=\"2024-04-03T14:39:51+00:00\" \/>\n<meta name=\"twitter:card\" content=\"summary_large_image\" \/>\n<meta name=\"twitter:label1\" content=\"Gesch\u00e4tzte Lesezeit\" \/>\n\t<meta name=\"twitter:data1\" content=\"1\u00a0Minute\" \/>\n<script type=\"application\/ld+json\" class=\"yoast-schema-graph\">{\"@context\":\"https:\\\/\\\/schema.org\",\"@graph\":[{\"@type\":\"WebPage\",\"@id\":\"https:\\\/\\\/www.jachthavenhindeloopen.nl\\\/de\\\/formular\\\/\",\"url\":\"https:\\\/\\\/www.jachthavenhindeloopen.nl\\\/de\\\/formular\\\/\",\"name\":\"Formular - Jachthaven Hindeloopen\",\"isPartOf\":{\"@id\":\"https:\\\/\\\/www.jachthavenhindeloopen.nl\\\/de\\\/#website\"},\"datePublished\":\"2023-04-05T12:45:43+00:00\",\"dateModified\":\"2024-04-03T14:39:51+00:00\",\"breadcrumb\":{\"@id\":\"https:\\\/\\\/www.jachthavenhindeloopen.nl\\\/de\\\/formular\\\/#breadcrumb\"},\"inLanguage\":\"de\",\"potentialAction\":[{\"@type\":\"ReadAction\",\"target\":[\"https:\\\/\\\/www.jachthavenhindeloopen.nl\\\/de\\\/formular\\\/\"]}]},{\"@type\":\"BreadcrumbList\",\"@id\":\"https:\\\/\\\/www.jachthavenhindeloopen.nl\\\/de\\\/formular\\\/#breadcrumb\",\"itemListElement\":[{\"@type\":\"ListItem\",\"position\":1,\"name\":\"Home\",\"item\":\"https:\\\/\\\/www.jachthavenhindeloopen.nl\\\/de\\\/\"},{\"@type\":\"ListItem\",\"position\":2,\"name\":\"Formular\"}]},{\"@type\":\"WebSite\",\"@id\":\"https:\\\/\\\/www.jachthavenhindeloopen.nl\\\/de\\\/#website\",\"url\":\"https:\\\/\\\/www.jachthavenhindeloopen.nl\\\/de\\\/\",\"name\":\"Jachthaven Hindeloopen\",\"description\":\"De veelzijdige kwaliteitshaven in Friesland aan het IJsselmeer\",\"publisher\":{\"@id\":\"https:\\\/\\\/www.jachthavenhindeloopen.nl\\\/de\\\/#organization\"},\"potentialAction\":[{\"@type\":\"SearchAction\",\"target\":{\"@type\":\"EntryPoint\",\"urlTemplate\":\"https:\\\/\\\/www.jachthavenhindeloopen.nl\\\/de\\\/?s={search_term_string}\"},\"query-input\":{\"@type\":\"PropertyValueSpecification\",\"valueRequired\":true,\"valueName\":\"search_term_string\"}}],\"inLanguage\":\"de\"},{\"@type\":\"Organization\",\"@id\":\"https:\\\/\\\/www.jachthavenhindeloopen.nl\\\/de\\\/#organization\",\"name\":\"Jachthaven Hindeloopen\",\"url\":\"https:\\\/\\\/www.jachthavenhindeloopen.nl\\\/de\\\/\",\"logo\":{\"@type\":\"ImageObject\",\"inLanguage\":\"de\",\"@id\":\"https:\\\/\\\/www.jachthavenhindeloopen.nl\\\/de\\\/#\\\/schema\\\/logo\\\/image\\\/\",\"url\":\"https:\\\/\\\/www.jachthavenhindeloopen.nl\\\/wp-content\\\/uploads\\\/2020\\\/03\\\/logo-jachthaven-hindeloopen-1.png\",\"contentUrl\":\"https:\\\/\\\/www.jachthavenhindeloopen.nl\\\/wp-content\\\/uploads\\\/2020\\\/03\\\/logo-jachthaven-hindeloopen-1.png\",\"width\":350,\"height\":50,\"caption\":\"Jachthaven Hindeloopen\"},\"image\":{\"@id\":\"https:\\\/\\\/www.jachthavenhindeloopen.nl\\\/de\\\/#\\\/schema\\\/logo\\\/image\\\/\"},\"sameAs\":[\"https:\\\/\\\/www.facebook.com\\\/jachthaven.hindeloopen\",\"https:\\\/\\\/www.instagram.com\\\/jachthavenhindeloopen\\\/\"]}]}<\/script>\n<!-- \/ Yoast SEO plugin. -->","yoast_head_json":{"title":"Formular - Jachthaven Hindeloopen","robots":{"index":"index","follow":"follow","max-snippet":"max-snippet:-1","max-image-preview":"max-image-preview:large","max-video-preview":"max-video-preview:-1"},"canonical":"https:\/\/www.jachthavenhindeloopen.nl\/de\/formular\/","og_locale":"de_DE","og_type":"article","og_title":"Formular - Jachthaven Hindeloopen","og_description":"[vc_row][vc_column][vc_column_text] Bestellformular Br\u00f6tchen Wir hei\u00dfen Sie herzlich willkommen in der Croissanterie. Hier k\u00f6nnen Sie frische Br\u00f6tchen, S\u00fc\u00dfigkeiten, Orangensaft und Kaffee kaufen und mit an Bord nemen. Es gibt aber auch die M\u00f6glichkeit, in der Croissanterie zu fr\u00fchstucken. Die aktuellen \u00d6ffnungszeiten finden Sie in der App von SkipsMaritiem. Ist die Croissanterie geschlossen? Der Spar- Supermarkt im Zentrum von Hindeloopen hat auch [&hellip;]","og_url":"https:\/\/www.jachthavenhindeloopen.nl\/de\/formular\/","og_site_name":"Jachthaven Hindeloopen","article_publisher":"https:\/\/www.facebook.com\/jachthaven.hindeloopen","article_modified_time":"2024-04-03T14:39:51+00:00","twitter_card":"summary_large_image","twitter_misc":{"Gesch\u00e4tzte Lesezeit":"1\u00a0Minute"},"schema":{"@context":"https:\/\/schema.org","@graph":[{"@type":"WebPage","@id":"https:\/\/www.jachthavenhindeloopen.nl\/de\/formular\/","url":"https:\/\/www.jachthavenhindeloopen.nl\/de\/formular\/","name":"Formular - Jachthaven Hindeloopen","isPartOf":{"@id":"https:\/\/www.jachthavenhindeloopen.nl\/de\/#website"},"datePublished":"2023-04-05T12:45:43+00:00","dateModified":"2024-04-03T14:39:51+00:00","breadcrumb":{"@id":"https:\/\/www.jachthavenhindeloopen.nl\/de\/formular\/#breadcrumb"},"inLanguage":"de","potentialAction":[{"@type":"ReadAction","target":["https:\/\/www.jachthavenhindeloopen.nl\/de\/formular\/"]}]},{"@type":"BreadcrumbList","@id":"https:\/\/www.jachthavenhindeloopen.nl\/de\/formular\/#breadcrumb","itemListElement":[{"@type":"ListItem","position":1,"name":"Home","item":"https:\/\/www.jachthavenhindeloopen.nl\/de\/"},{"@type":"ListItem","position":2,"name":"Formular"}]},{"@type":"WebSite","@id":"https:\/\/www.jachthavenhindeloopen.nl\/de\/#website","url":"https:\/\/www.jachthavenhindeloopen.nl\/de\/","name":"Jachthaven Hindeloopen","description":"De veelzijdige kwaliteitshaven in Friesland aan het IJsselmeer","publisher":{"@id":"https:\/\/www.jachthavenhindeloopen.nl\/de\/#organization"},"potentialAction":[{"@type":"SearchAction","target":{"@type":"EntryPoint","urlTemplate":"https:\/\/www.jachthavenhindeloopen.nl\/de\/?s={search_term_string}"},"query-input":{"@type":"PropertyValueSpecification","valueRequired":true,"valueName":"search_term_string"}}],"inLanguage":"de"},{"@type":"Organization","@id":"https:\/\/www.jachthavenhindeloopen.nl\/de\/#organization","name":"Jachthaven Hindeloopen","url":"https:\/\/www.jachthavenhindeloopen.nl\/de\/","logo":{"@type":"ImageObject","inLanguage":"de","@id":"https:\/\/www.jachthavenhindeloopen.nl\/de\/#\/schema\/logo\/image\/","url":"https:\/\/www.jachthavenhindeloopen.nl\/wp-content\/uploads\/2020\/03\/logo-jachthaven-hindeloopen-1.png","contentUrl":"https:\/\/www.jachthavenhindeloopen.nl\/wp-content\/uploads\/2020\/03\/logo-jachthaven-hindeloopen-1.png","width":350,"height":50,"caption":"Jachthaven Hindeloopen"},"image":{"@id":"https:\/\/www.jachthavenhindeloopen.nl\/de\/#\/schema\/logo\/image\/"},"sameAs":["https:\/\/www.facebook.com\/jachthaven.hindeloopen","https:\/\/www.instagram.com\/jachthavenhindeloopen\/"]}]}},"_links":{"self":[{"href":"https:\/\/www.jachthavenhindeloopen.nl\/de\/wp-json\/wp\/v2\/pages\/21115","targetHints":{"allow":["GET"]}}],"collection":[{"href":"https:\/\/www.jachthavenhindeloopen.nl\/de\/wp-json\/wp\/v2\/pages"}],"about":[{"href":"https:\/\/www.jachthavenhindeloopen.nl\/de\/wp-json\/wp\/v2\/types\/page"}],"author":[{"embeddable":true,"href":"https:\/\/www.jachthavenhindeloopen.nl\/de\/wp-json\/wp\/v2\/users\/1"}],"replies":[{"embeddable":true,"href":"https:\/\/www.jachthavenhindeloopen.nl\/de\/wp-json\/wp\/v2\/comments?post=21115"}],"version-history":[{"count":6,"href":"https:\/\/www.jachthavenhindeloopen.nl\/de\/wp-json\/wp\/v2\/pages\/21115\/revisions"}],"predecessor-version":[{"id":23539,"href":"https:\/\/www.jachthavenhindeloopen.nl\/de\/wp-json\/wp\/v2\/pages\/21115\/revisions\/23539"}],"wp:attachment":[{"href":"https:\/\/www.jachthavenhindeloopen.nl\/de\/wp-json\/wp\/v2\/media?parent=21115"}],"curies":[{"name":"wp","href":"https:\/\/api.w.org\/{rel}","templated":true}]}}