{"id":3357,"date":"2016-04-15T08:39:34","date_gmt":"2016-04-15T07:39:34","guid":{"rendered":"http:\/\/www.xdialogue-demo.nl\/de\/?page_id=3357"},"modified":"2026-04-23T14:13:55","modified_gmt":"2026-04-23T14:13:55","slug":"skips-sails","status":"publish","type":"page","link":"https:\/\/www.jachthavenhindeloopen.nl\/de\/skips-sails\/","title":{"rendered":"Skips Sails"},"content":{"rendered":"<div class=\"wpb-content-wrapper\">[vc_row][vc_column width=&#8220;1\/2&#8243;][vc_single_image image=&#8220;8324&#8243; img_size=&#8220;full&#8220; style=&#8220;vc_box_rounded&#8220;][\/vc_column][vc_column width=&#8220;1\/2&#8243; css=&#8220;.vc_custom_1432888611759{padding-top: 60px !important;}&#8220;][vc_column_text css=&#8220;.vc_custom_1776952849847{padding-top: 0px !important;padding-right: 10px !important;padding-bottom: 10px !important;padding-left: 10px !important;}&#8220;]\n<h3>Segel &amp; Riggs<\/h3>\n<p>Skips Sails ist Vertragsh\u00e4ndler der Segel der renommierten Hersteller \u00a0UK-De Vries Sails und SailSelect.[\/vc_column_text][\/vc_column][vc_column][vc_empty_space height=&#8220;84px&#8220;][vc_row_inner][vc_column_inner width=&#8220;1\/2&#8243; css=&#8220;.vc_custom_1441703894436{margin-top: 30px !important;}&#8220;][vc_column_text css=&#8220;.vc_custom_1776953693721{padding-top: 10px !important;}&#8220;]\n<h3>Skips Sails ist so einzigartig..<\/h3>\n<p style=\"font-size: 13pt;\">weil unsere Fachleute f\u00fcr eine Vielzahl von Fragen und W\u00fcnschen die passende L\u00f6sung haben. Wir k\u00f6nnen s\u00e4mtliche Reparaturen, im Bereich von Segeln und Canvas, auf unserem Gel\u00e4nde ausf\u00fchren. Au\u00dferdem bieten wir noch viele weitere Serviceleistungen. So bieten wir komplette Riggs (Takelage) f\u00fcr kleine und gro\u00dfe Yachten und sind wir die richtige Adresse f\u00fcr die Reinigung von Segeln und Abdeckungen.von<\/p>\n[\/vc_column_text][\/vc_column_inner][vc_column_inner width=&#8220;1\/2&#8243;][vc_single_image image=&#8220;8328&#8243; img_size=&#8220;full&#8220; alignment=&#8220;right&#8220; style=&#8220;vc_box_rounded&#8220;][\/vc_column_inner][\/vc_row_inner][\/vc_column][\/vc_row][vc_row full_width=&#8220;stretch_row&#8220; parallax=&#8220;content-moving&#8220; parallax_image=&#8220;8335&#8243; css=&#8220;.vc_custom_1610091085706{background-position: center;background-repeat: no-repeat;background-size: cover !important;}&#8220;][vc_column width=&#8220;1\/2&#8243;][vc_column_text css=&#8220;&#8220; el_class=&#8220;white-box content-padding&#8220;]\n<h2>Riggs<\/h2>\n<p>Skips Sails bietet komplette Riggs (Takelage) f\u00fcr kleine und gro\u00dfe Yachten.<\/p>\n<p>Wir liefern und montieren Masten, B\u00e4ume und Rollreffsysteme renommierter Marken. Fachkenntnisse, eine gute Beratung, ausgezeichnetes Material und hochmoderne Maschinen und Ger\u00e4te: Unser Service umfasst alle Bestandteile, die ein wirklich stabiles Rigg garantieren.<\/p>\n<p>Auch zur Lieferung und Wartung von Vorstagprofilen, u.a. von Furlex, Profurl und Facnor sind Sie bei uns an der richtigen Adresse. Zudem haben wir von vielen Furlex-Typen die Ersatzteile auf Lager.<\/p>\n<p>Neue Masten liefern wir von Seld\u00e9n, Master Masten, Neutmast und Sparcraft.<\/p>\n<p>Auch k\u00f6nnen Sie sich an uns f\u00fcr das Trimmen Ihres Mastes wenden. Unsere Rigger besichtigen auf Wunsch Ihr Decklayout und denken gerne mit Ihnen mit, wie die Bedienung der Segel eventuell noch einfacher gestaltet werden kann.[\/vc_column_text][\/vc_column][vc_column width=&#8220;1\/2&#8243;][vc_single_image image=&#8220;38706&#8243; img_size=&#8220;full&#8220; alignment=&#8220;center&#8220; style=&#8220;vc_box_shadow_3d&#8220;][\/vc_column][\/vc_row][vc_row full_width=&#8220;stretch_row&#8220; parallax=&#8220;content-moving&#8220; css=&#8220;.vc_custom_1610091158311{background-position: center;background-repeat: no-repeat;background-size: cover !important;}&#8220;][vc_column width=&#8220;1\/2&#8243;][vc_column_text css=&#8220;&#8220; el_class=&#8220;white-box content-padding&#8220;]\n<h2>Leinen<\/h2>\n<p>In unserem Wassersportgesch\u00e4ft k\u00f6nnen Sie sich wenden f\u00fcr hochwertige Tauwerk als Fallen, Schoten, Trimmleinen und Festmacherleinen.<br \/>\nDie Mitarbeiter informieren Sie gerne.[\/vc_column_text][\/vc_column][vc_column width=&#8220;1\/2&#8243;][vc_single_image image=&#8220;38707&#8243; img_size=&#8220;full&#8220; alignment=&#8220;center&#8220; style=&#8220;vc_box_shadow_3d&#8220;][\/vc_column][\/vc_row][vc_row css=&#8220;.vc_custom_1610091474531{margin-top: -100px !important;}&#8220;][vc_column][vc_separator][\/vc_column][\/vc_row][vc_row][vc_column width=&#8220;1\/4&#8243;][vc_column_text]\n<h3>Kontakt<\/h3>\n<p>Haben Sie Fragen oder erhalten Sie gerne ein individuelles Angebot? Kontaktieren Sie einen unserer Spezialisten von Skips Sail Hindeloopen.<\/p>\n<p>Sie erreichen uns unter der Telefonnummer +31 (0)88 \u2013 05 04 145.[\/vc_column_text][\/vc_column][vc_column width=&#8220;3\/4&#8243;]\n<div class=\"wpcf7 no-js\" id=\"wpcf7-f8496-o1\" lang=\"de-DE\" dir=\"ltr\" data-wpcf7-id=\"8496\">\n<div class=\"screen-reader-response\"><p role=\"status\" aria-live=\"polite\" aria-atomic=\"true\"><\/p> <ul><\/ul><\/div>\n<form action=\"\/de\/wp-json\/wp\/v2\/pages\/3357#wpcf7-f8496-o1\" method=\"post\" class=\"wpcf7-form init\" aria-label=\"Kontaktformular\" novalidate=\"novalidate\" data-status=\"init\">\n<fieldset class=\"hidden-fields-container\"><input type=\"hidden\" name=\"_wpcf7\" value=\"8496\" \/><input type=\"hidden\" name=\"_wpcf7_version\" value=\"6.1.5\" \/><input type=\"hidden\" name=\"_wpcf7_locale\" value=\"de_DE\" \/><input type=\"hidden\" name=\"_wpcf7_unit_tag\" value=\"wpcf7-f8496-o1\" \/><input type=\"hidden\" name=\"_wpcf7_container_post\" value=\"0\" \/><input type=\"hidden\" name=\"_wpcf7_posted_data_hash\" value=\"\" \/>\n<\/fieldset>\n<div class=\"wpcf7-turnstile cf-turnstile\" data-sitekey=\"0x4AAAAAABt1YznijsThQZ22\" data-response-field-name=\"_wpcf7_turnstile_response\"><\/div>\n\n<div class=\"row\">\n\t<div class=\"col-lg-6 col-md-12\">\n\t\t<div class=\"row\">\n\t\t\t<div class=\"col-lg-12 col-md-6\">\n\t\t\t\t<p class=\"input-field\"><label for=\"contact-name\"><span class=\"fa fa-user\"><\/span> Naam<abbr title=\"required\" class=\"required\">*<\/abbr><\/label><span class=\"wpcf7-form-control-wrap\" data-name=\"your-name\"><input size=\"40\" maxlength=\"400\" class=\"wpcf7-form-control wpcf7-text wpcf7-validates-as-required\" id=\"contact-name\" aria-required=\"true\" aria-invalid=\"false\" placeholder=\"Naam\" value=\"\" type=\"text\" name=\"your-name\" \/><\/span>\n\t\t\t\t<\/p>\n\t\t\t\t<p class=\"input-field\"><label for=\"contact-email\"><span class=\"fa fa-envelope\"><\/span> E-mail<abbr title=\"required\" class=\"required\">*<\/abbr><\/label><span class=\"wpcf7-form-control-wrap\" data-name=\"your-email\"><input size=\"40\" maxlength=\"400\" class=\"wpcf7-form-control wpcf7-email wpcf7-validates-as-required wpcf7-text wpcf7-validates-as-email\" id=\"contact-email\" aria-required=\"true\" aria-invalid=\"false\" placeholder=\"E-mailadres\" value=\"\" type=\"email\" name=\"your-email\" \/><\/span>\n\t\t\t\t<\/p>\n\t\t\t\t<p class=\"input-field\"><label for=\"contact-subject\"><span class=\"fa fa-file\"><\/span> Onderwerp<\/label><span class=\"wpcf7-form-control-wrap\" data-name=\"your-subject\"><input size=\"40\" maxlength=\"400\" class=\"wpcf7-form-control wpcf7-text\" id=\"contact-subject\" aria-invalid=\"false\" placeholder=\"Onderwerp\" value=\"\" type=\"text\" name=\"your-subject\" \/><\/span>\n\t\t\t\t<\/p>\n\t\t\t<\/div>\n\t\t\t<div class=\"col-lg-12 col-md-6\">\n\t\t\t<\/div>\n\t\t<\/div>\n\t<\/div>\n\t<div class=\"col-lg-6 col-md-12\">\n\t\t<p class=\"textarea-field\"><label for=\"Bericht\"><span class=\"fa fa-edit\"><\/span> Uw bericht<\/label><span class=\"wpcf7-form-control-wrap\" data-name=\"your-message\"><textarea cols=\"40\" rows=\"10\" maxlength=\"2000\" class=\"wpcf7-form-control wpcf7-textarea\" id=\"contact-message\" aria-invalid=\"false\" placeholder=\"bericht\" name=\"your-message\"><\/textarea><\/span>\n\t\t<\/p>\n\t\t<div class=\"row\">\n\t\t\t<div class=\"col-sm-8\">\n\t\t\t\t<p><input class=\"wpcf7-form-control wpcf7-submit has-spinner\" type=\"submit\" value=\"Bevestigen\" \/>\n\t\t\t\t<\/p>\n\t\t\t\t<p>Velden met een* zijn verplicht\n\t\t\t\t<\/p>\n\t\t\t<\/div>\n\t\t<\/div>\n\t<\/div>\n<\/div><div class=\"wpcf7-response-output\" aria-hidden=\"true\"><\/div>\n<\/form>\n<\/div>\n[\/vc_column][\/vc_row]\n<\/div>","protected":false},"excerpt":{"rendered":"<p>[vc_row][vc_column width=&#8220;1\/2&#8243;][vc_single_image image=&#8220;8324&#8243; img_size=&#8220;full&#8220; style=&#8220;vc_box_rounded&#8220;][\/vc_column][vc_column width=&#8220;1\/2&#8243; css=&#8220;.vc_custom_1432888611759{padding-top: 60px !important;}&#8220;][vc_column_text css=&#8220;.vc_custom_1776952849847{padding-top: 0px !important;padding-right: 10px !important;padding-bottom: 10px !important;padding-left: 10px !important;}&#8220;] Segel &amp; Riggs Skips Sails ist Vertragsh\u00e4ndler der Segel der renommierten Hersteller \u00a0UK-De Vries Sails und SailSelect.[\/vc_column_text][\/vc_column][vc_column][vc_empty_space height=&#8220;84px&#8220;][vc_row_inner][vc_column_inner width=&#8220;1\/2&#8243; css=&#8220;.vc_custom_1441703894436{margin-top: 30px !important;}&#8220;][vc_column_text css=&#8220;.vc_custom_1776953693721{padding-top: 10px !important;}&#8220;] Skips Sails ist so einzigartig.. weil unsere Fachleute f\u00fcr eine Vielzahl von Fragen und W\u00fcnschen die passende [&hellip;]<\/p>\n","protected":false},"author":1,"featured_media":0,"parent":0,"menu_order":0,"comment_status":"closed","ping_status":"closed","template":"","meta":{"footnotes":""},"class_list":["post-3357","page","type-page","status-publish","hentry"],"yoast_head":"<!-- This site is optimized with the Yoast SEO plugin v27.4 - https:\/\/yoast.com\/product\/yoast-seo-wordpress\/ -->\n<title>Skips Sails - Jachthaven Hindeloopen<\/title>\n<meta name=\"description\" content=\"Mit Skips Sails verf\u00fcgt der Jachthafen Hindeloopen \u00fcber eine qualitativ hochwertige, hauseigene Segelmacherei. Skips Sails ist Vertragsh\u00e4ndler der Segel der renommierten Hersteller UK-De Vries Sails und SailSelect und ist auf die Produktion von Sprayhoods, Bootsplanen und Canvas-Produkten spezialisiert.\" \/>\n<meta name=\"robots\" content=\"index, follow, max-snippet:-1, max-image-preview:large, max-video-preview:-1\" \/>\n<link rel=\"canonical\" href=\"https:\/\/www.jachthavenhindeloopen.nl\/de\/skips-sails\/\" \/>\n<meta property=\"og:locale\" content=\"de_DE\" \/>\n<meta property=\"og:type\" content=\"article\" \/>\n<meta property=\"og:title\" content=\"Skips Sails - Jachthaven Hindeloopen\" \/>\n<meta property=\"og:description\" content=\"Mit Skips Sails verf\u00fcgt der Jachthafen Hindeloopen \u00fcber eine qualitativ hochwertige, hauseigene Segelmacherei. Skips Sails ist Vertragsh\u00e4ndler der Segel der renommierten Hersteller UK-De Vries Sails und SailSelect und ist auf die Produktion von Sprayhoods, Bootsplanen und Canvas-Produkten spezialisiert.\" \/>\n<meta property=\"og:url\" content=\"https:\/\/www.jachthavenhindeloopen.nl\/de\/skips-sails\/\" \/>\n<meta property=\"og:site_name\" content=\"Jachthaven Hindeloopen\" \/>\n<meta property=\"article:publisher\" content=\"https:\/\/www.facebook.com\/jachthaven.hindeloopen\" \/>\n<meta property=\"article:modified_time\" content=\"2026-04-23T14:13:55+00:00\" \/>\n<meta name=\"twitter:card\" content=\"summary_large_image\" \/>\n<meta name=\"twitter:label1\" content=\"Gesch\u00e4tzte Lesezeit\" \/>\n\t<meta name=\"twitter:data1\" content=\"2\u00a0Minuten\" \/>\n<script type=\"application\/ld+json\" class=\"yoast-schema-graph\">{\"@context\":\"https:\\\/\\\/schema.org\",\"@graph\":[{\"@type\":\"WebPage\",\"@id\":\"https:\\\/\\\/www.jachthavenhindeloopen.nl\\\/de\\\/skips-sails\\\/\",\"url\":\"https:\\\/\\\/www.jachthavenhindeloopen.nl\\\/de\\\/skips-sails\\\/\",\"name\":\"Skips Sails - Jachthaven Hindeloopen\",\"isPartOf\":{\"@id\":\"https:\\\/\\\/www.jachthavenhindeloopen.nl\\\/de\\\/#website\"},\"datePublished\":\"2016-04-15T07:39:34+00:00\",\"dateModified\":\"2026-04-23T14:13:55+00:00\",\"description\":\"Mit Skips Sails verf\u00fcgt der Jachthafen Hindeloopen \u00fcber eine qualitativ hochwertige, hauseigene Segelmacherei. Skips Sails ist Vertragsh\u00e4ndler der Segel der renommierten Hersteller UK-De Vries Sails und SailSelect und ist auf die Produktion von Sprayhoods, Bootsplanen und Canvas-Produkten spezialisiert.\",\"breadcrumb\":{\"@id\":\"https:\\\/\\\/www.jachthavenhindeloopen.nl\\\/de\\\/skips-sails\\\/#breadcrumb\"},\"inLanguage\":\"de\",\"potentialAction\":[{\"@type\":\"ReadAction\",\"target\":[\"https:\\\/\\\/www.jachthavenhindeloopen.nl\\\/de\\\/skips-sails\\\/\"]}]},{\"@type\":\"BreadcrumbList\",\"@id\":\"https:\\\/\\\/www.jachthavenhindeloopen.nl\\\/de\\\/skips-sails\\\/#breadcrumb\",\"itemListElement\":[{\"@type\":\"ListItem\",\"position\":1,\"name\":\"Home\",\"item\":\"https:\\\/\\\/www.jachthavenhindeloopen.nl\\\/de\\\/\"},{\"@type\":\"ListItem\",\"position\":2,\"name\":\"Skips Sails\"}]},{\"@type\":\"WebSite\",\"@id\":\"https:\\\/\\\/www.jachthavenhindeloopen.nl\\\/de\\\/#website\",\"url\":\"https:\\\/\\\/www.jachthavenhindeloopen.nl\\\/de\\\/\",\"name\":\"Jachthaven Hindeloopen\",\"description\":\"De veelzijdige kwaliteitshaven in Friesland aan het IJsselmeer\",\"publisher\":{\"@id\":\"https:\\\/\\\/www.jachthavenhindeloopen.nl\\\/de\\\/#organization\"},\"potentialAction\":[{\"@type\":\"SearchAction\",\"target\":{\"@type\":\"EntryPoint\",\"urlTemplate\":\"https:\\\/\\\/www.jachthavenhindeloopen.nl\\\/de\\\/?s={search_term_string}\"},\"query-input\":{\"@type\":\"PropertyValueSpecification\",\"valueRequired\":true,\"valueName\":\"search_term_string\"}}],\"inLanguage\":\"de\"},{\"@type\":\"Organization\",\"@id\":\"https:\\\/\\\/www.jachthavenhindeloopen.nl\\\/de\\\/#organization\",\"name\":\"Jachthaven Hindeloopen\",\"url\":\"https:\\\/\\\/www.jachthavenhindeloopen.nl\\\/de\\\/\",\"logo\":{\"@type\":\"ImageObject\",\"inLanguage\":\"de\",\"@id\":\"https:\\\/\\\/www.jachthavenhindeloopen.nl\\\/de\\\/#\\\/schema\\\/logo\\\/image\\\/\",\"url\":\"https:\\\/\\\/www.jachthavenhindeloopen.nl\\\/wp-content\\\/uploads\\\/2020\\\/03\\\/logo-jachthaven-hindeloopen-1.png\",\"contentUrl\":\"https:\\\/\\\/www.jachthavenhindeloopen.nl\\\/wp-content\\\/uploads\\\/2020\\\/03\\\/logo-jachthaven-hindeloopen-1.png\",\"width\":350,\"height\":50,\"caption\":\"Jachthaven Hindeloopen\"},\"image\":{\"@id\":\"https:\\\/\\\/www.jachthavenhindeloopen.nl\\\/de\\\/#\\\/schema\\\/logo\\\/image\\\/\"},\"sameAs\":[\"https:\\\/\\\/www.facebook.com\\\/jachthaven.hindeloopen\",\"https:\\\/\\\/www.instagram.com\\\/jachthavenhindeloopen\\\/\"]}]}<\/script>\n<!-- \/ Yoast SEO plugin. -->","yoast_head_json":{"title":"Skips Sails - Jachthaven Hindeloopen","description":"Mit Skips Sails verf\u00fcgt der Jachthafen Hindeloopen \u00fcber eine qualitativ hochwertige, hauseigene Segelmacherei. Skips Sails ist Vertragsh\u00e4ndler der Segel der renommierten Hersteller UK-De Vries Sails und SailSelect und ist auf die Produktion von Sprayhoods, Bootsplanen und Canvas-Produkten spezialisiert.","robots":{"index":"index","follow":"follow","max-snippet":"max-snippet:-1","max-image-preview":"max-image-preview:large","max-video-preview":"max-video-preview:-1"},"canonical":"https:\/\/www.jachthavenhindeloopen.nl\/de\/skips-sails\/","og_locale":"de_DE","og_type":"article","og_title":"Skips Sails - Jachthaven Hindeloopen","og_description":"Mit Skips Sails verf\u00fcgt der Jachthafen Hindeloopen \u00fcber eine qualitativ hochwertige, hauseigene Segelmacherei. Skips Sails ist Vertragsh\u00e4ndler der Segel der renommierten Hersteller UK-De Vries Sails und SailSelect und ist auf die Produktion von Sprayhoods, Bootsplanen und Canvas-Produkten spezialisiert.","og_url":"https:\/\/www.jachthavenhindeloopen.nl\/de\/skips-sails\/","og_site_name":"Jachthaven Hindeloopen","article_publisher":"https:\/\/www.facebook.com\/jachthaven.hindeloopen","article_modified_time":"2026-04-23T14:13:55+00:00","twitter_card":"summary_large_image","twitter_misc":{"Gesch\u00e4tzte Lesezeit":"2\u00a0Minuten"},"schema":{"@context":"https:\/\/schema.org","@graph":[{"@type":"WebPage","@id":"https:\/\/www.jachthavenhindeloopen.nl\/de\/skips-sails\/","url":"https:\/\/www.jachthavenhindeloopen.nl\/de\/skips-sails\/","name":"Skips Sails - Jachthaven Hindeloopen","isPartOf":{"@id":"https:\/\/www.jachthavenhindeloopen.nl\/de\/#website"},"datePublished":"2016-04-15T07:39:34+00:00","dateModified":"2026-04-23T14:13:55+00:00","description":"Mit Skips Sails verf\u00fcgt der Jachthafen Hindeloopen \u00fcber eine qualitativ hochwertige, hauseigene Segelmacherei. Skips Sails ist Vertragsh\u00e4ndler der Segel der renommierten Hersteller UK-De Vries Sails und SailSelect und ist auf die Produktion von Sprayhoods, Bootsplanen und Canvas-Produkten spezialisiert.","breadcrumb":{"@id":"https:\/\/www.jachthavenhindeloopen.nl\/de\/skips-sails\/#breadcrumb"},"inLanguage":"de","potentialAction":[{"@type":"ReadAction","target":["https:\/\/www.jachthavenhindeloopen.nl\/de\/skips-sails\/"]}]},{"@type":"BreadcrumbList","@id":"https:\/\/www.jachthavenhindeloopen.nl\/de\/skips-sails\/#breadcrumb","itemListElement":[{"@type":"ListItem","position":1,"name":"Home","item":"https:\/\/www.jachthavenhindeloopen.nl\/de\/"},{"@type":"ListItem","position":2,"name":"Skips Sails"}]},{"@type":"WebSite","@id":"https:\/\/www.jachthavenhindeloopen.nl\/de\/#website","url":"https:\/\/www.jachthavenhindeloopen.nl\/de\/","name":"Jachthaven Hindeloopen","description":"De veelzijdige kwaliteitshaven in Friesland aan het IJsselmeer","publisher":{"@id":"https:\/\/www.jachthavenhindeloopen.nl\/de\/#organization"},"potentialAction":[{"@type":"SearchAction","target":{"@type":"EntryPoint","urlTemplate":"https:\/\/www.jachthavenhindeloopen.nl\/de\/?s={search_term_string}"},"query-input":{"@type":"PropertyValueSpecification","valueRequired":true,"valueName":"search_term_string"}}],"inLanguage":"de"},{"@type":"Organization","@id":"https:\/\/www.jachthavenhindeloopen.nl\/de\/#organization","name":"Jachthaven Hindeloopen","url":"https:\/\/www.jachthavenhindeloopen.nl\/de\/","logo":{"@type":"ImageObject","inLanguage":"de","@id":"https:\/\/www.jachthavenhindeloopen.nl\/de\/#\/schema\/logo\/image\/","url":"https:\/\/www.jachthavenhindeloopen.nl\/wp-content\/uploads\/2020\/03\/logo-jachthaven-hindeloopen-1.png","contentUrl":"https:\/\/www.jachthavenhindeloopen.nl\/wp-content\/uploads\/2020\/03\/logo-jachthaven-hindeloopen-1.png","width":350,"height":50,"caption":"Jachthaven Hindeloopen"},"image":{"@id":"https:\/\/www.jachthavenhindeloopen.nl\/de\/#\/schema\/logo\/image\/"},"sameAs":["https:\/\/www.facebook.com\/jachthaven.hindeloopen","https:\/\/www.instagram.com\/jachthavenhindeloopen\/"]}]}},"_links":{"self":[{"href":"https:\/\/www.jachthavenhindeloopen.nl\/de\/wp-json\/wp\/v2\/pages\/3357","targetHints":{"allow":["GET"]}}],"collection":[{"href":"https:\/\/www.jachthavenhindeloopen.nl\/de\/wp-json\/wp\/v2\/pages"}],"about":[{"href":"https:\/\/www.jachthavenhindeloopen.nl\/de\/wp-json\/wp\/v2\/types\/page"}],"author":[{"embeddable":true,"href":"https:\/\/www.jachthavenhindeloopen.nl\/de\/wp-json\/wp\/v2\/users\/1"}],"replies":[{"embeddable":true,"href":"https:\/\/www.jachthavenhindeloopen.nl\/de\/wp-json\/wp\/v2\/comments?post=3357"}],"version-history":[{"count":8,"href":"https:\/\/www.jachthavenhindeloopen.nl\/de\/wp-json\/wp\/v2\/pages\/3357\/revisions"}],"predecessor-version":[{"id":38716,"href":"https:\/\/www.jachthavenhindeloopen.nl\/de\/wp-json\/wp\/v2\/pages\/3357\/revisions\/38716"}],"wp:attachment":[{"href":"https:\/\/www.jachthavenhindeloopen.nl\/de\/wp-json\/wp\/v2\/media?parent=3357"}],"curies":[{"name":"wp","href":"https:\/\/api.w.org\/{rel}","templated":true}]}}