{"id":36163,"date":"2025-07-03T17:48:24","date_gmt":"2025-07-03T17:48:24","guid":{"rendered":"https:\/\/www.jachthavenhindeloopen.nl\/?page_id=36163"},"modified":"2025-07-04T13:11:35","modified_gmt":"2025-07-04T13:11:35","slug":"winterlagerung-2025-2026","status":"publish","type":"page","link":"https:\/\/www.jachthavenhindeloopen.nl\/de\/winterlagerung-2025-2026\/","title":{"rendered":"Winterlagerung 2025 &#8211; 2026"},"content":{"rendered":"<div class=\"wpb-content-wrapper\">[vc_row][vc_column][vc_column_text css=&#8220;.vc_custom_1751634687483{padding-top: 0px !important;padding-right: 10px !important;padding-bottom: 10px !important;padding-left: 10px !important;}&#8220;]\n<h3>Werter Wassersportler,<\/h3>\n<p>der l\u00e4ngste Tag des Jahres und die k\u00fcrzeste Nacht liegen schon wieder hinter uns. Und auch wenn wir uns noch mitten im Sommer befinden und die Wintermonate gef\u00fchlsm\u00e4\u00dfig noch weit weg sind, bei uns laufen bereits die Vorbereitungen f\u00fcr das Winterlager.<br \/>\nDie Nachfrage nach Winterlagerpl\u00e4tzen steigt, auch immer mehr Kunden au\u00dferhalb der SkipsMaritiem-H\u00e4fen finden den Weg zu uns. Deshalb ist es wichtig, dass Sie als Liegeplatzinhaber oder wiederkehrender Winterlager-Kunde das Winterlager f\u00fcr Ihr Schiff rechtzeitig buchen.<\/p>\n<h4>Anmeldung Winterlager<\/h4>\n<p><span lang=\"DE\">Die Preisliste und das Anmeldeformular k\u00f6nnen Sie sich \u00fcber die nachstehenden\u00a0<\/span><span lang=\"DE\">Download-Buttons<\/span><span lang=\"DE\"> herunterladen. <\/span>Den ausgef\u00fcllten Vertrag mailen Sie bitte an <a href=\"mailto:info@jachthavenhindeloopen.nl\">info@jachthavenhindeloopen.nl<\/a> oder geben diesen an der Rezeption der Werkstatt ab. Sie k\u00f6nnen sich aber auch ein Anmeldeformular in der Werkstatt oder im Hafenb\u00fcro abholen und es vor Ort ausf\u00fcllen und abgeben. Mit einem Mitarbeiter unserer Abteilung Yachtservice stimmen Sie bitte die Daten f\u00fcr das Kranen im Herbst und auch schon f\u00fcr das Fr\u00fchjahr 2026 ab. Die Uhrzeit, zu der Ihr Schiff in der Planung aufgenommen wird, ist eine ungef\u00e4hre Angabe. Wenn Sie beim Kranen dabei sein m\u00f6chten, bitten wir Sie, rechtzeitig anwesend zu sein.<\/p>\n<p><span style=\"color: #000080;\"><strong>WICHTIG!<\/strong><\/span> Wenn wir Ihr Anmeldeformular erhalten haben, mailen wir Ihnen eine Best\u00e4tigung. Ihre Reservierung ist erst dann definitiv, wenn wir Ihr Anmeldeformular ausgef\u00fcllt und unterschrieben retour erhalten haben.<\/p>\n<h4>(Winter)Arbeiten<\/h4>\n<p>M\u00f6chten Sie auch Arbeiten von uns ausf\u00fchren lassen? Bitte teilen Sie uns diese rechtzeitig mit! Wir k\u00f6nnen die Arbeiten dann einplanen, so dass Ihr Schiff im Fr\u00fchjahr wieder planm\u00e4\u00dfig zu Wasser gelassen werden kann. Bitte beachten Sie, dass Auftr\u00e4ge, die erst im Fr\u00fchjahr bei uns eingehen, m\u00f6glicherweise nicht mehr rechtzeitig vor dem Start der Saison eingeplant werden k\u00f6nnen. Standard Wartungsarbeiten k\u00f6nnen Sie auf dem Anmeldeformular angeben. Spezifische Auftr\u00e4ge senden Sie uns bitte in einer separaten E-Mail.<\/p>\n<h4>\u00d6ffnungszeiten der Winterlagerhallen<\/h4>\n<p>Bitte besuchen Sie hierf\u00fcr unsere Website oder entnehmen diese unserem digitalen Rundschreiben (erhalten Sie noch zu einem sp\u00e4teren Zeitpunkt in der Saison).<\/p>\n<h4>Stromanschluss im Winter<\/h4>\n<p>Zwischen dem 31. Oktober und dem 1. April (oder Karfreitag, je nachdem, welcher Tag zuerst ist) wird der Strom im Hafen ausgeschaltet. Wenn Ihr Schiff w\u00e4hrend der Wintermonate im Wasser bleibt oder an Land (im Freien) steht, k\u00f6nnen Sie einen Stromanschluss anfragen (siehe Preisliste Winterlager). Dies geben Sie bitte auf dem Anmeldeformular an. Die Stromversorgung erfolgt auf eigenes Risiko.<\/p>\n<h4>Winterliegeplatz im Hafen<\/h4>\n<p>Selbstverst\u00e4ndlich k\u00f6nnen Sie Ihr Boot in den Wintermonaten auch im Wasser lassen. W\u00fcnschen Sie einen alternativen Liegeplatz? Bitte wenden Sie sich an den Hafenmeister (gern erst ab Oktober). Sie erreichen ihn \u00fcber:<\/p>\n<ul>\n<li>E-Mail <a href=\"mailto:info@jachthavenhindeloopen.nl\">info@jachthavenhindeloopen.nl<\/a> oder<\/li>\n<li>telefonisch \u00fcber <a href=\"tel:0031880504160\" target=\"_blank\" rel=\"noopener\">+31-88-0504160<\/a>.<\/li>\n<\/ul>\n<p>Nach Ihrer Reservierung erhalten Sie eine Best\u00e4tigung der Vereinbarung mit den entsprechenden Bedingungen und Konditionen.<\/p>\n<h4>Kontakt<\/h4>\n<p>Haben Sie Fragen zu dem ein oder anderen Punkt? Bitte wenden Sie sich dann telefonisch \u00fcber die Telefonnummer <a href=\"tel:0031880504145\" target=\"_blank\" rel=\"noopener\">+31-88-0504145<\/a> an uns oder schicken uns eine E-Mail an <a href=\"mailto:info@jachthavenhindeloopen.nl\">info@jachthavenhindeloopen.nl<\/a>. Die Mitarbeiter unserer Yachtservice Abteilung antworten Ihnen gern.<\/p>\n<p>F\u00fcr jetzt w\u00fcnschen wir Ihnen erst noch sonnige Tage!<\/p>\n<p>Freundliche Gr\u00fc\u00dfe<\/p>\n<p>Familie De Vries &amp; Team Jachthaven Hindeloopen[\/vc_column_text][\/vc_column][\/vc_row][vc_row][vc_column width=&#8220;1\/2&#8243;][vc_cta h2=&#8220;&#8220; h4=&#8220;Preisliste Winterlagerung&#8220; txt_align=&#8220;center&#8220; add_button=&#8220;bottom&#8220; btn_title=&#8220;Download&#8220; btn_style=&#8220;outline-custom&#8220; btn_outline_custom_color=&#8220;#201f72&#8243; btn_outline_custom_hover_background=&#8220;#ff5500&#8243; btn_outline_custom_hover_text=&#8220;#ffffff&#8220; btn_align=&#8220;center&#8220; btn_i_icon_fontawesome=&#8220;fab fa-accessible-icon&#8220; btn_add_icon=&#8220;true&#8220; btn_link=&#8220;url:https%3A%2F%2Fwww.jachthavenhindeloopen.nl%2Fwp-content%2Fuploads%2F2025%2F07%2FA-Prijslijst-WB_JHH-2025-2026-DU.pdf|target:_blank&#8220;]Download Preisliste[\/vc_cta][\/vc_column][vc_column width=&#8220;1\/2&#8243;][vc_cta h2=&#8220;&#8220; h4=&#8220;Mietvertrag Winterlager&#8220; txt_align=&#8220;center&#8220; add_button=&#8220;bottom&#8220; btn_title=&#8220;Download&#8220; btn_style=&#8220;outline-custom&#8220; btn_outline_custom_color=&#8220;#201f72&#8243; btn_outline_custom_hover_background=&#8220;#ff5500&#8243; btn_outline_custom_hover_text=&#8220;#ffffff&#8220; btn_align=&#8220;center&#8220; btn_i_icon_fontawesome=&#8220;fab fa-accessible-icon&#8220; css=&#8220;&#8220; btn_add_icon=&#8220;true&#8220; btn_link=&#8220;url:https%3A%2F%2Fwww.jachthavenhindeloopen.nl%2Fwp-content%2Fuploads%2F2021%2F01%2FC-Winterbergingsovereenkomst_JHH-DU-2021-2022-DEF.pdf|target:_blank&#8220;]Download Mietvertrag Winterlager[\/vc_cta][\/vc_column][\/vc_row]\n<\/div>","protected":false},"excerpt":{"rendered":"<p>[vc_row][vc_column][vc_column_text css=&#8220;.vc_custom_1751634687483{padding-top: 0px !important;padding-right: 10px !important;padding-bottom: 10px !important;padding-left: 10px !important;}&#8220;] Werter Wassersportler, der l\u00e4ngste Tag des Jahres und die k\u00fcrzeste Nacht liegen schon wieder hinter uns. Und auch wenn wir uns noch mitten im Sommer befinden und die Wintermonate gef\u00fchlsm\u00e4\u00dfig noch weit weg sind, bei uns laufen bereits die Vorbereitungen f\u00fcr das Winterlager. Die Nachfrage nach Winterlagerpl\u00e4tzen steigt, auch immer [&hellip;]<\/p>\n","protected":false},"author":1,"featured_media":0,"parent":0,"menu_order":0,"comment_status":"closed","ping_status":"closed","template":"","meta":{"footnotes":""},"class_list":["post-36163","page","type-page","status-publish","hentry"],"yoast_head":"<!-- This site is optimized with the Yoast SEO plugin v27.4 - https:\/\/yoast.com\/product\/yoast-seo-wordpress\/ -->\n<title>Winterlagerung 2025 - 2026 - Jachthaven Hindeloopen<\/title>\n<meta name=\"description\" content=\"Eine Winterlagerung beim Jachthafen Hindeloopen bedeutet mehr, als ein Boot an Land zu lagern und im Fr\u00fchjahr wieder zu Wasser zu lassen.\" \/>\n<meta name=\"robots\" content=\"index, follow, max-snippet:-1, max-image-preview:large, max-video-preview:-1\" \/>\n<link rel=\"canonical\" href=\"https:\/\/www.jachthavenhindeloopen.nl\/de\/winterlagerung-2025-2026\/\" \/>\n<meta property=\"og:locale\" content=\"de_DE\" \/>\n<meta property=\"og:type\" content=\"article\" \/>\n<meta property=\"og:title\" content=\"Winterlagerung 2025 - 2026 - Jachthaven Hindeloopen\" \/>\n<meta property=\"og:description\" content=\"Eine Winterlagerung beim Jachthafen Hindeloopen bedeutet mehr, als ein Boot an Land zu lagern und im Fr\u00fchjahr wieder zu Wasser zu lassen.\" \/>\n<meta property=\"og:url\" content=\"https:\/\/www.jachthavenhindeloopen.nl\/de\/winterlagerung-2025-2026\/\" \/>\n<meta property=\"og:site_name\" content=\"Jachthaven Hindeloopen\" \/>\n<meta property=\"article:publisher\" content=\"https:\/\/www.facebook.com\/jachthaven.hindeloopen\" \/>\n<meta property=\"article:modified_time\" content=\"2025-07-04T13:11:35+00:00\" \/>\n<meta name=\"twitter:card\" content=\"summary_large_image\" \/>\n<meta name=\"twitter:label1\" content=\"Gesch\u00e4tzte Lesezeit\" \/>\n\t<meta name=\"twitter:data1\" content=\"3\u00a0Minuten\" \/>\n<script type=\"application\/ld+json\" class=\"yoast-schema-graph\">{\"@context\":\"https:\\\/\\\/schema.org\",\"@graph\":[{\"@type\":\"WebPage\",\"@id\":\"https:\\\/\\\/www.jachthavenhindeloopen.nl\\\/de\\\/winterlagerung-2025-2026\\\/\",\"url\":\"https:\\\/\\\/www.jachthavenhindeloopen.nl\\\/de\\\/winterlagerung-2025-2026\\\/\",\"name\":\"Winterlagerung 2025 - 2026 - Jachthaven Hindeloopen\",\"isPartOf\":{\"@id\":\"https:\\\/\\\/www.jachthavenhindeloopen.nl\\\/de\\\/#website\"},\"datePublished\":\"2025-07-03T17:48:24+00:00\",\"dateModified\":\"2025-07-04T13:11:35+00:00\",\"description\":\"Eine Winterlagerung beim Jachthafen Hindeloopen bedeutet mehr, als ein Boot an Land zu lagern und im Fr\u00fchjahr wieder zu Wasser zu lassen.\",\"breadcrumb\":{\"@id\":\"https:\\\/\\\/www.jachthavenhindeloopen.nl\\\/de\\\/winterlagerung-2025-2026\\\/#breadcrumb\"},\"inLanguage\":\"de\",\"potentialAction\":[{\"@type\":\"ReadAction\",\"target\":[\"https:\\\/\\\/www.jachthavenhindeloopen.nl\\\/de\\\/winterlagerung-2025-2026\\\/\"]}]},{\"@type\":\"BreadcrumbList\",\"@id\":\"https:\\\/\\\/www.jachthavenhindeloopen.nl\\\/de\\\/winterlagerung-2025-2026\\\/#breadcrumb\",\"itemListElement\":[{\"@type\":\"ListItem\",\"position\":1,\"name\":\"Home\",\"item\":\"https:\\\/\\\/www.jachthavenhindeloopen.nl\\\/de\\\/\"},{\"@type\":\"ListItem\",\"position\":2,\"name\":\"Winterlagerung 2025 &#8211; 2026\"}]},{\"@type\":\"WebSite\",\"@id\":\"https:\\\/\\\/www.jachthavenhindeloopen.nl\\\/de\\\/#website\",\"url\":\"https:\\\/\\\/www.jachthavenhindeloopen.nl\\\/de\\\/\",\"name\":\"Jachthaven Hindeloopen\",\"description\":\"De veelzijdige kwaliteitshaven in Friesland aan het IJsselmeer\",\"publisher\":{\"@id\":\"https:\\\/\\\/www.jachthavenhindeloopen.nl\\\/de\\\/#organization\"},\"potentialAction\":[{\"@type\":\"SearchAction\",\"target\":{\"@type\":\"EntryPoint\",\"urlTemplate\":\"https:\\\/\\\/www.jachthavenhindeloopen.nl\\\/de\\\/?s={search_term_string}\"},\"query-input\":{\"@type\":\"PropertyValueSpecification\",\"valueRequired\":true,\"valueName\":\"search_term_string\"}}],\"inLanguage\":\"de\"},{\"@type\":\"Organization\",\"@id\":\"https:\\\/\\\/www.jachthavenhindeloopen.nl\\\/de\\\/#organization\",\"name\":\"Jachthaven Hindeloopen\",\"url\":\"https:\\\/\\\/www.jachthavenhindeloopen.nl\\\/de\\\/\",\"logo\":{\"@type\":\"ImageObject\",\"inLanguage\":\"de\",\"@id\":\"https:\\\/\\\/www.jachthavenhindeloopen.nl\\\/de\\\/#\\\/schema\\\/logo\\\/image\\\/\",\"url\":\"https:\\\/\\\/www.jachthavenhindeloopen.nl\\\/wp-content\\\/uploads\\\/2020\\\/03\\\/logo-jachthaven-hindeloopen-1.png\",\"contentUrl\":\"https:\\\/\\\/www.jachthavenhindeloopen.nl\\\/wp-content\\\/uploads\\\/2020\\\/03\\\/logo-jachthaven-hindeloopen-1.png\",\"width\":350,\"height\":50,\"caption\":\"Jachthaven Hindeloopen\"},\"image\":{\"@id\":\"https:\\\/\\\/www.jachthavenhindeloopen.nl\\\/de\\\/#\\\/schema\\\/logo\\\/image\\\/\"},\"sameAs\":[\"https:\\\/\\\/www.facebook.com\\\/jachthaven.hindeloopen\",\"https:\\\/\\\/www.instagram.com\\\/jachthavenhindeloopen\\\/\"]}]}<\/script>\n<!-- \/ Yoast SEO plugin. -->","yoast_head_json":{"title":"Winterlagerung 2025 - 2026 - Jachthaven Hindeloopen","description":"Eine Winterlagerung beim Jachthafen Hindeloopen bedeutet mehr, als ein Boot an Land zu lagern und im Fr\u00fchjahr wieder zu Wasser zu lassen.","robots":{"index":"index","follow":"follow","max-snippet":"max-snippet:-1","max-image-preview":"max-image-preview:large","max-video-preview":"max-video-preview:-1"},"canonical":"https:\/\/www.jachthavenhindeloopen.nl\/de\/winterlagerung-2025-2026\/","og_locale":"de_DE","og_type":"article","og_title":"Winterlagerung 2025 - 2026 - Jachthaven Hindeloopen","og_description":"Eine Winterlagerung beim Jachthafen Hindeloopen bedeutet mehr, als ein Boot an Land zu lagern und im Fr\u00fchjahr wieder zu Wasser zu lassen.","og_url":"https:\/\/www.jachthavenhindeloopen.nl\/de\/winterlagerung-2025-2026\/","og_site_name":"Jachthaven Hindeloopen","article_publisher":"https:\/\/www.facebook.com\/jachthaven.hindeloopen","article_modified_time":"2025-07-04T13:11:35+00:00","twitter_card":"summary_large_image","twitter_misc":{"Gesch\u00e4tzte Lesezeit":"3\u00a0Minuten"},"schema":{"@context":"https:\/\/schema.org","@graph":[{"@type":"WebPage","@id":"https:\/\/www.jachthavenhindeloopen.nl\/de\/winterlagerung-2025-2026\/","url":"https:\/\/www.jachthavenhindeloopen.nl\/de\/winterlagerung-2025-2026\/","name":"Winterlagerung 2025 - 2026 - Jachthaven Hindeloopen","isPartOf":{"@id":"https:\/\/www.jachthavenhindeloopen.nl\/de\/#website"},"datePublished":"2025-07-03T17:48:24+00:00","dateModified":"2025-07-04T13:11:35+00:00","description":"Eine Winterlagerung beim Jachthafen Hindeloopen bedeutet mehr, als ein Boot an Land zu lagern und im Fr\u00fchjahr wieder zu Wasser zu lassen.","breadcrumb":{"@id":"https:\/\/www.jachthavenhindeloopen.nl\/de\/winterlagerung-2025-2026\/#breadcrumb"},"inLanguage":"de","potentialAction":[{"@type":"ReadAction","target":["https:\/\/www.jachthavenhindeloopen.nl\/de\/winterlagerung-2025-2026\/"]}]},{"@type":"BreadcrumbList","@id":"https:\/\/www.jachthavenhindeloopen.nl\/de\/winterlagerung-2025-2026\/#breadcrumb","itemListElement":[{"@type":"ListItem","position":1,"name":"Home","item":"https:\/\/www.jachthavenhindeloopen.nl\/de\/"},{"@type":"ListItem","position":2,"name":"Winterlagerung 2025 &#8211; 2026"}]},{"@type":"WebSite","@id":"https:\/\/www.jachthavenhindeloopen.nl\/de\/#website","url":"https:\/\/www.jachthavenhindeloopen.nl\/de\/","name":"Jachthaven Hindeloopen","description":"De veelzijdige kwaliteitshaven in Friesland aan het IJsselmeer","publisher":{"@id":"https:\/\/www.jachthavenhindeloopen.nl\/de\/#organization"},"potentialAction":[{"@type":"SearchAction","target":{"@type":"EntryPoint","urlTemplate":"https:\/\/www.jachthavenhindeloopen.nl\/de\/?s={search_term_string}"},"query-input":{"@type":"PropertyValueSpecification","valueRequired":true,"valueName":"search_term_string"}}],"inLanguage":"de"},{"@type":"Organization","@id":"https:\/\/www.jachthavenhindeloopen.nl\/de\/#organization","name":"Jachthaven Hindeloopen","url":"https:\/\/www.jachthavenhindeloopen.nl\/de\/","logo":{"@type":"ImageObject","inLanguage":"de","@id":"https:\/\/www.jachthavenhindeloopen.nl\/de\/#\/schema\/logo\/image\/","url":"https:\/\/www.jachthavenhindeloopen.nl\/wp-content\/uploads\/2020\/03\/logo-jachthaven-hindeloopen-1.png","contentUrl":"https:\/\/www.jachthavenhindeloopen.nl\/wp-content\/uploads\/2020\/03\/logo-jachthaven-hindeloopen-1.png","width":350,"height":50,"caption":"Jachthaven Hindeloopen"},"image":{"@id":"https:\/\/www.jachthavenhindeloopen.nl\/de\/#\/schema\/logo\/image\/"},"sameAs":["https:\/\/www.facebook.com\/jachthaven.hindeloopen","https:\/\/www.instagram.com\/jachthavenhindeloopen\/"]}]}},"_links":{"self":[{"href":"https:\/\/www.jachthavenhindeloopen.nl\/de\/wp-json\/wp\/v2\/pages\/36163","targetHints":{"allow":["GET"]}}],"collection":[{"href":"https:\/\/www.jachthavenhindeloopen.nl\/de\/wp-json\/wp\/v2\/pages"}],"about":[{"href":"https:\/\/www.jachthavenhindeloopen.nl\/de\/wp-json\/wp\/v2\/types\/page"}],"author":[{"embeddable":true,"href":"https:\/\/www.jachthavenhindeloopen.nl\/de\/wp-json\/wp\/v2\/users\/1"}],"replies":[{"embeddable":true,"href":"https:\/\/www.jachthavenhindeloopen.nl\/de\/wp-json\/wp\/v2\/comments?post=36163"}],"version-history":[{"count":3,"href":"https:\/\/www.jachthavenhindeloopen.nl\/de\/wp-json\/wp\/v2\/pages\/36163\/revisions"}],"predecessor-version":[{"id":36198,"href":"https:\/\/www.jachthavenhindeloopen.nl\/de\/wp-json\/wp\/v2\/pages\/36163\/revisions\/36198"}],"wp:attachment":[{"href":"https:\/\/www.jachthavenhindeloopen.nl\/de\/wp-json\/wp\/v2\/media?parent=36163"}],"curies":[{"name":"wp","href":"https:\/\/api.w.org\/{rel}","templated":true}]}}