{"id":4401,"date":"2018-09-14T13:31:22","date_gmt":"2018-09-14T13:31:22","guid":{"rendered":"https:\/\/skipsmaritiem.xdialogue-demo.nl\/?page_id=4401"},"modified":"2024-11-19T14:01:20","modified_gmt":"2024-11-19T14:01:20","slug":"skipsmaritiem","status":"publish","type":"page","link":"https:\/\/www.jachthavenhindeloopen.nl\/de\/yachthafen\/skipsmaritiem\/","title":{"rendered":"SkipsMaritiem"},"content":{"rendered":"<div class=\"wpb-content-wrapper\">[vc_row][vc_column width=&#8220;1\/2&#8243;][vc_column_text]\n<h1>SkipsMaritiem<\/h1>\n<p class=\"lead\">Optimal den Wassersport genie\u00dfen.<\/p>\n<p>Das ist das Ziel der Yachth\u00e4fen von SkipsMaritiem. Mit 1.500 Liegepl\u00e4tzen sind wir der gr\u00f6\u00dfte Anbieter an der friesischen IJsselmeerk\u00fcste. Und da profitieren Sie von. Service und Qualit\u00e4t sind unsere Schl\u00fcsselbegriffe. Sie machten SkipsMaritiem zu einem Begriff in der Wassersportwelt.<\/p>\n<p>Alle Yachth\u00e4fen liegen ideal an den sch\u00f6nsten und popul\u00e4rsten Fahrrouten. Und nat\u00fcrlich sind alle Einrichtungen in Reichweite wenn es geht um Freizeitgestaltung, Erholung, Winterlager und Yacht Service &amp; Refit. SkipsMaritiem kann Ihnen den kompletten Heimathafen bieten. Und da\u00a0f\u00fcnf Yachth\u00e4fen unter unsere Obhut fallen, profitieren Sie als Dauerlieger von vielen Vorteilen.[\/vc_column_text][\/vc_column][vc_column width=&#8220;1\/2&#8243;][vc_gallery images=&#8220;3493,3494,3640,3642&#8243; img_size=&#8220;medium&#8220; columns=&#8220;2&#8243; masonry=&#8220;fitRows&#8220;][\/vc_column][\/vc_row][vc_row full_width=&#8220;stretch_row&#8220; parallax=&#8220;content-moving&#8220; parallax_image=&#8220;4134&#8243; parallax_layers=&#8220;yes&#8220; video_cover=&#8220;3486&#8243; el_class=&#8220;content-padding-mobile-none&#8220; css=&#8220;.vc_custom_1555529967409{background-image: url(https:\/\/skipsmaritiem.xdialogue-demo.nl\/wp-content\/uploads\/2018\/09\/sunny.jpg?id=3486) !important;}&#8220;][vc_column width=&#8220;2\/3&#8243; offset=&#8220;vc_col-sm-offset-2&#8243; el_class=&#8220;text-center white-box content-padding&#8220;]<h2 class=\"text-center\"><small>Exklusiv f\u00fcr Liegeplatz-Inhaber mit einem (Mehr-) Jahresvertrag:<\/small>SkipsMaritiem Membership Card<\/h2><div class='testimonials-carousel  owl-with-navigation' data-owl='{&quot;items&quot;:3,&quot;nav&quot;:true,&quot;navText&quot;:[&quot;Zur\\u00fcck&quot;,&quot;Weiter&quot;],&quot;loop&quot;:true,&quot;autoplay&quot;:true,&quot;autoplayTimeout&quot;:&quot;3000&quot;,&quot;autoplayHoverPause&quot;:true,&quot;responsive&quot;:{&quot;0&quot;:{&quot;items&quot;:1,&quot;dots&quot;:true,&quot;nav&quot;:true},&quot;767&quot;:{&quot;items&quot;:2,&quot;dots&quot;:true},&quot;992&quot;:{&quot;items&quot;:3,&quot;dots&quot;:true}}}'><div class='testimonial'>\n      <h4 class='testimonial-title'>\n      10 % Erm\u00e4\u00dfigung          <\/h4>\n        <p>10% Erm\u00e4\u00dfigung auf nahezu das gesamte Sortiment in den Wassersportgesch\u00e4ften von SkipsMaritiem. (ausgenommen: Treibstoff, Gas, Supermarktartikel, Zeitungen, WLAN-Karten und Briefmarken, Sonderangebote und Aktionsartikel)<\/p>\n    <a href='#' class='btn-inline btn' target=\"_self\"><\/a>\n<\/div>\n<div class='testimonial'>\n      <h4 class='testimonial-title'>\n      10 kostenlose \u00dcbernachtungen          <\/h4>\n        <p>10 kostenlose \u00dcbernachtungen in einem anderen Hafen von SkipsMaritiem<\/p>\n    <a href='#' class='btn-inline btn' target=\"_self\"><\/a>\n<\/div>\n<div class='testimonial'>\n      <h4 class='testimonial-title'>\n      50% Erm\u00e4\u00dfigung          <\/h4>\n        <p>50% Erm\u00e4\u00dfigung auf \u00dcbernachtungen in einem anderen Hafen von SkipsMaritiem, wenn die 10 kostenlosen \u00dcbernachtungen aufgebraucht sind.<\/p>\n    <a href='#' class='btn-inline btn' target=\"_self\"><\/a>\n<\/div>\n<div class='testimonial'>\n      <h4 class='testimonial-title'>\n      Kostenlose schwimmen          <\/h4>\n        <p>Kostenlose Benutzung des Schwimmbads<\/p>\n    <a href='#' class='btn-inline btn' target=\"_self\"><\/a>\n<\/div>\n<div class='testimonial'>\n      <h4 class='testimonial-title'>\n      Winterlager          <\/h4>\n        <p>Sonderpreis f\u00fcr das Winterlager.<\/p>\n    <a href='#' class='btn-inline btn' target=\"_self\"><\/a>\n<\/div>\n<\/div>[\/vc_column][\/vc_row][vc_row full_width=&#8220;stretch_row&#8220; parallax_layers=&#8220;yes&#8220; css=&#8220;.vc_custom_1555529981443{background-image: url(https:\/\/www.jachthavenhindeloopen.nl\/wp-content\/uploads\/2018\/09\/bg.jpg?id=4144) !important;background-position: center !important;background-repeat: no-repeat !important;background-size: cover !important;}&#8220; parallax_offset=&#8220;0&#8243; layer_1_vertical=&#8220;bottom: -30px&#8220; layer_1_horizontal=&#8220;right: -30px&#8220; layer_1_ratio=&#8220;1.85123&#8243; layer_1_z=&#8220;0&#8243; layer_2_vertical=&#8220;top: 40%&#8220; layer_2_horizontal=&#8220;left: 50px&#8220; layer_2_ratio=&#8220;0.69343&#8243; layer_2_width=&#8220;170px&#8220; layer_2_z=&#8220;1&#8243; layer_1_width=&#8220;250px&#8220; layer_1=&#8220;3503&#8243; layer_2=&#8220;3504&#8243;][vc_column width=&#8220;1\/2&#8243;][vc_single_image image=&#8220;3506&#8243; img_size=&#8220;large&#8220;][\/vc_column][vc_column width=&#8220;1\/2&#8243;][vc_column_text]\n<h2><small>Zus\u00e4tzlicher Nutzen<br \/>\n<\/small>Einen Liegeplatz mieten, vier Heimath\u00e4fen!!<\/h2>\n<p class=\"lead\">Auf Wunsch k\u00f6nnen Sie in jeder Saison einmal den Heimathafen wechseln. Sie zahlen in dem Fall nur die Differenz zwischen den Liegeplatzpreisen.<\/p>\n<p>Auch f\u00fcr Passanten haben wir interessante Preisnachl\u00e4sse in petto. Kennen Sie schon unsere Vorteilkarte? Mit dieser Karte haben Sie Recht auf sieben \u00dcbernachtungen in den H\u00e4fen von SkipsMaritiem. Der Preisvorteil kann bis zu 20% betragen.<\/p>\n<p>Vorteilkarte ist eine Saison g\u00fcltig und ist im Hafenb\u00fcro erh\u00e4ltlich.[\/vc_column_text][\/vc_column][vc_column width=&#8220;1\/2&#8243; offset=&#8220;vc_col-sm-offset-3&#8243; css=&#8220;.vc_custom_1411467083077{margin-top: 5.6rem !important;}&#8220;][vc_column_text]\n<h2 class=\"text-uppercase text-center\" style=\"text-align: center;\">Mehrj\u00e4hrige Vertr\u00e4ge<\/h2>\n<p style=\"text-align: center;\">Ihr Vorteil betr\u00e4gt schnell hunderte Euros.<\/p>\n<table class=\"table table-responsive\">\n<tbody>\n<tr>\n<td class=\"text-left\">3-j\u00e4hriger Vertrag bei j\u00e4hrlicher Bezahlung. Sie bekommen j\u00e4hrlich 5% Erm\u00e4\u00dfigung auf den g\u00fcltigen Liegeplatzpreis.<\/td>\n<\/tr>\n<tr>\n<td class=\"text-left\">5-j\u00e4hriger Vertrag bei j\u00e4hrlicher Bezahlung. Sie bekommen j\u00e4hrlich 10% Erm\u00e4\u00dfigung auf den g\u00fcltigen Liegeplatzpreis.<\/td>\n<\/tr>\n<\/tbody>\n<\/table>\n[\/vc_column_text][\/vc_column][\/vc_row][vc_row][vc_column]<h2 class=\"text-center\"><small>Was finden Sie so alles bei uns?<\/small>Einrichtungen &amp; Unterk\u00fcnfte SkipsMaritiem<\/h2><div class='services-carousel  owl-with-navigation' data-owl='{&quot;items&quot;:4,&quot;nav&quot;:true,&quot;navText&quot;:[&quot;Zur\\u00fcck&quot;,&quot;Weiter&quot;],&quot;loop&quot;:true,&quot;autoplay&quot;:true,&quot;autoplayTimeout&quot;:2000,&quot;autoplayHoverPause&quot;:true,&quot;responsive&quot;:{&quot;0&quot;:{&quot;items&quot;:1,&quot;dots&quot;:true,&quot;nav&quot;:true},&quot;767&quot;:{&quot;items&quot;:4,&quot;dots&quot;:true},&quot;992&quot;:{&quot;items&quot;:4,&quot;dots&quot;:true}}}'><div class=\"item\">\n  <a href=\"http:\/\/www.waterrijck.com\/de\" target=\"_blank\" class=\"link-image\" title=\"Urlaub im Waterrijck Stavoren\"><img loading=\"lazy\" decoding=\"async\" width=\"450\" height=\"300\" src=\"https:\/\/www.jachthavenhindeloopen.nl\/wp-content\/uploads\/2018\/09\/Waterrijck.jpg\" class=\"attachment-large size-large\" alt=\"\" srcset=\"https:\/\/www.jachthavenhindeloopen.nl\/wp-content\/uploads\/2018\/09\/Waterrijck.jpg 450w, https:\/\/www.jachthavenhindeloopen.nl\/wp-content\/uploads\/2018\/09\/Waterrijck-300x200.jpg 300w\" sizes=\"auto, (max-width: 450px) 100vw, 450px\" \/><\/a>      <div class=\"item-content\">\n      <h4><a href=\"http:\/\/www.waterrijck.com\/de\" target=\"_blank\" >Urlaub im Waterrijck Stavoren<\/a><\/h4>      <p>In den Ferienh\u00e4usern im Waterrijck Stavoren ist ein angenehmer Aufenthalt garantiert.<\/p>    <\/div>\n  <\/div>\n<div class=\"item\">\n  <a href=\"https:\/\/www.marinastavoren.nl\/camping-sudermeer\/de\/skipslodge\/\" target=\"_blank\" class=\"link-image\" title=\"Der Komfort eines Landhauses und der Charme eines Zeltes\"><img loading=\"lazy\" decoding=\"async\" width=\"450\" height=\"300\" src=\"https:\/\/www.jachthavenhindeloopen.nl\/wp-content\/uploads\/2018\/09\/skipslodge.jpg\" class=\"attachment-large size-large\" alt=\"\" srcset=\"https:\/\/www.jachthavenhindeloopen.nl\/wp-content\/uploads\/2018\/09\/skipslodge.jpg 450w, https:\/\/www.jachthavenhindeloopen.nl\/wp-content\/uploads\/2018\/09\/skipslodge-300x200.jpg 300w\" sizes=\"auto, (max-width: 450px) 100vw, 450px\" \/><\/a>      <div class=\"item-content\">\n      <h4><a href=\"https:\/\/www.marinastavoren.nl\/camping-sudermeer\/de\/skipslodge\/\" target=\"_blank\" >Der Komfort eines Landhauses und der Charme eines Zeltes<\/a><\/h4>      <p>M\u00f6chten Sie mehr Komfort und dennoch den Charme eines Zeltes genie\u00dfen?<\/p>    <\/div>\n  <\/div>\n<div class=\"item\">\n  <a href=\"http:\/\/www.de-potvis.nl\/\" target=\"_blank\" class=\"link-image\" title=\"Standcaf\u00e9 De Potvis Stavoren\"><img loading=\"lazy\" decoding=\"async\" width=\"450\" height=\"300\" src=\"https:\/\/www.jachthavenhindeloopen.nl\/wp-content\/uploads\/2018\/09\/strandpaviljoen-de-potvis.jpg\" class=\"attachment-large size-large\" alt=\"\" srcset=\"https:\/\/www.jachthavenhindeloopen.nl\/wp-content\/uploads\/2018\/09\/strandpaviljoen-de-potvis.jpg 450w, https:\/\/www.jachthavenhindeloopen.nl\/wp-content\/uploads\/2018\/09\/strandpaviljoen-de-potvis-300x200.jpg 300w\" sizes=\"auto, (max-width: 450px) 100vw, 450px\" \/><\/a>      <div class=\"item-content\">\n      <h4><a href=\"http:\/\/www.de-potvis.nl\/\" target=\"_blank\" >Standcaf\u00e9 De Potvis Stavoren<\/a><\/h4>      <p>Genie\u00dfen Sie eine herrliche Aussicht, ein gutes Glas Wein oder ein leckeres BBQ!<\/p>    <\/div>\n  <\/div>\n<div class=\"item\">\n  <a href=\"https:\/\/www.marinastavoren.nl\/camping-sudermeer\/\" target=\"_blank\" class=\"link-image\" title=\"Camping S\u00fadermeer, Erholung pur\"><img loading=\"lazy\" decoding=\"async\" width=\"450\" height=\"300\" src=\"https:\/\/www.jachthavenhindeloopen.nl\/wp-content\/uploads\/2018\/09\/sudermeer.jpg\" class=\"attachment-large size-large\" alt=\"\" srcset=\"https:\/\/www.jachthavenhindeloopen.nl\/wp-content\/uploads\/2018\/09\/sudermeer.jpg 450w, https:\/\/www.jachthavenhindeloopen.nl\/wp-content\/uploads\/2018\/09\/sudermeer-300x200.jpg 300w\" sizes=\"auto, (max-width: 450px) 100vw, 450px\" \/><\/a>      <div class=\"item-content\">\n      <h4><a href=\"https:\/\/www.marinastavoren.nl\/camping-sudermeer\/\" target=\"_blank\" >Camping S\u00fadermeer, Erholung pur<\/a><\/h4>      <p>In den Ferienh\u00e4usern im Waterrijck Stavoren ist ein angenehmer Aufenthalt garantiert.<\/p>    <\/div>\n  <\/div>\n<div class=\"item\">\n  <a href=\"https:\/\/www.yachtservicerefit.nl\/de\/\" target=\"_blank\" class=\"link-image\" title=\"Sorglos auf dem Wasser unterwegs!\"><img loading=\"lazy\" decoding=\"async\" width=\"450\" height=\"300\" src=\"https:\/\/www.jachthavenhindeloopen.nl\/wp-content\/uploads\/2018\/09\/yachtservice.jpg\" class=\"attachment-large size-large\" alt=\"\" srcset=\"https:\/\/www.jachthavenhindeloopen.nl\/wp-content\/uploads\/2018\/09\/yachtservice.jpg 450w, https:\/\/www.jachthavenhindeloopen.nl\/wp-content\/uploads\/2018\/09\/yachtservice-300x200.jpg 300w\" sizes=\"auto, (max-width: 450px) 100vw, 450px\" \/><\/a>      <div class=\"item-content\">\n      <h4><a href=\"https:\/\/www.yachtservicerefit.nl\/de\/\" target=\"_blank\" >Sorglos auf dem Wasser unterwegs!<\/a><\/h4>      <p>Die Yachtservice &amp; Refit-Betriebe von SkipsMaritiem sind professionelle Allround-Organisationen, in denen Ihnen echte Spezialisten fachkundig weiterhelfen.<\/p>    <\/div>\n  <\/div>\n<\/div>[\/vc_column][\/vc_row]\n<\/div>","protected":false},"excerpt":{"rendered":"<p>[vc_row][vc_column width=&#8220;1\/2&#8243;][vc_column_text] SkipsMaritiem Optimal den Wassersport genie\u00dfen. Das ist das Ziel der Yachth\u00e4fen von SkipsMaritiem. Mit 1.500 Liegepl\u00e4tzen sind wir der gr\u00f6\u00dfte Anbieter an der friesischen IJsselmeerk\u00fcste. Und da profitieren Sie von. Service und Qualit\u00e4t sind unsere Schl\u00fcsselbegriffe. Sie machten SkipsMaritiem zu einem Begriff in der Wassersportwelt. Alle Yachth\u00e4fen liegen ideal an den sch\u00f6nsten und popul\u00e4rsten Fahrrouten. Und nat\u00fcrlich sind [&hellip;]<\/p>\n","protected":false},"author":1,"featured_media":0,"parent":7523,"menu_order":0,"comment_status":"closed","ping_status":"open","template":"","meta":{"footnotes":""},"class_list":["post-4401","page","type-page","status-publish","hentry"],"yoast_head":"<!-- This site is optimized with the Yoast SEO plugin v27.4 - https:\/\/yoast.com\/product\/yoast-seo-wordpress\/ -->\n<title>SkipsMaritiem - Jachthaven Hindeloopen<\/title>\n<meta name=\"description\" content=\"Das ist das Ziel der Yachth\u00e4fen von SkipsMaritiem. Mit 2.500 Liegepl\u00e4tzen in Friesland und Flevoland sind wir der gr\u00f6\u00dfte Anbieter an der IJsselmeerk\u00fcste.\" \/>\n<meta name=\"robots\" content=\"index, follow, max-snippet:-1, max-image-preview:large, max-video-preview:-1\" \/>\n<link rel=\"canonical\" href=\"https:\/\/www.jachthavenhindeloopen.nl\/de\/yachthafen\/skipsmaritiem\/\" \/>\n<meta property=\"og:locale\" content=\"de_DE\" \/>\n<meta property=\"og:type\" content=\"article\" \/>\n<meta property=\"og:title\" content=\"SkipsMaritiem - Jachthaven Hindeloopen\" \/>\n<meta property=\"og:description\" content=\"Das ist das Ziel der Yachth\u00e4fen von SkipsMaritiem. Mit 2.500 Liegepl\u00e4tzen in Friesland und Flevoland sind wir der gr\u00f6\u00dfte Anbieter an der IJsselmeerk\u00fcste.\" \/>\n<meta property=\"og:url\" content=\"https:\/\/www.jachthavenhindeloopen.nl\/de\/yachthafen\/skipsmaritiem\/\" \/>\n<meta property=\"og:site_name\" content=\"Jachthaven Hindeloopen\" \/>\n<meta property=\"article:publisher\" content=\"https:\/\/www.facebook.com\/jachthaven.hindeloopen\" \/>\n<meta property=\"article:modified_time\" content=\"2024-11-19T14:01:20+00:00\" \/>\n<meta name=\"twitter:card\" content=\"summary_large_image\" \/>\n<meta name=\"twitter:label1\" content=\"Gesch\u00e4tzte Lesezeit\" \/>\n\t<meta name=\"twitter:data1\" content=\"6\u00a0Minuten\" \/>\n<script type=\"application\/ld+json\" class=\"yoast-schema-graph\">{\"@context\":\"https:\\\/\\\/schema.org\",\"@graph\":[{\"@type\":\"WebPage\",\"@id\":\"https:\\\/\\\/www.jachthavenhindeloopen.nl\\\/de\\\/yachthafen\\\/skipsmaritiem\\\/\",\"url\":\"https:\\\/\\\/www.jachthavenhindeloopen.nl\\\/de\\\/yachthafen\\\/skipsmaritiem\\\/\",\"name\":\"SkipsMaritiem - Jachthaven Hindeloopen\",\"isPartOf\":{\"@id\":\"https:\\\/\\\/www.jachthavenhindeloopen.nl\\\/de\\\/#website\"},\"datePublished\":\"2018-09-14T13:31:22+00:00\",\"dateModified\":\"2024-11-19T14:01:20+00:00\",\"description\":\"Das ist das Ziel der Yachth\u00e4fen von SkipsMaritiem. Mit 2.500 Liegepl\u00e4tzen in Friesland und Flevoland sind wir der gr\u00f6\u00dfte Anbieter an der IJsselmeerk\u00fcste.\",\"breadcrumb\":{\"@id\":\"https:\\\/\\\/www.jachthavenhindeloopen.nl\\\/de\\\/yachthafen\\\/skipsmaritiem\\\/#breadcrumb\"},\"inLanguage\":\"de\",\"potentialAction\":[{\"@type\":\"ReadAction\",\"target\":[\"https:\\\/\\\/www.jachthavenhindeloopen.nl\\\/de\\\/yachthafen\\\/skipsmaritiem\\\/\"]}]},{\"@type\":\"BreadcrumbList\",\"@id\":\"https:\\\/\\\/www.jachthavenhindeloopen.nl\\\/de\\\/yachthafen\\\/skipsmaritiem\\\/#breadcrumb\",\"itemListElement\":[{\"@type\":\"ListItem\",\"position\":1,\"name\":\"Home\",\"item\":\"https:\\\/\\\/www.jachthavenhindeloopen.nl\\\/de\\\/\"},{\"@type\":\"ListItem\",\"position\":2,\"name\":\"Yachthafen\",\"item\":\"https:\\\/\\\/www.jachthavenhindeloopen.nl\\\/de\\\/yachthafen\\\/\"},{\"@type\":\"ListItem\",\"position\":3,\"name\":\"SkipsMaritiem\"}]},{\"@type\":\"WebSite\",\"@id\":\"https:\\\/\\\/www.jachthavenhindeloopen.nl\\\/de\\\/#website\",\"url\":\"https:\\\/\\\/www.jachthavenhindeloopen.nl\\\/de\\\/\",\"name\":\"Jachthaven Hindeloopen\",\"description\":\"De veelzijdige kwaliteitshaven in Friesland aan het IJsselmeer\",\"publisher\":{\"@id\":\"https:\\\/\\\/www.jachthavenhindeloopen.nl\\\/de\\\/#organization\"},\"potentialAction\":[{\"@type\":\"SearchAction\",\"target\":{\"@type\":\"EntryPoint\",\"urlTemplate\":\"https:\\\/\\\/www.jachthavenhindeloopen.nl\\\/de\\\/?s={search_term_string}\"},\"query-input\":{\"@type\":\"PropertyValueSpecification\",\"valueRequired\":true,\"valueName\":\"search_term_string\"}}],\"inLanguage\":\"de\"},{\"@type\":\"Organization\",\"@id\":\"https:\\\/\\\/www.jachthavenhindeloopen.nl\\\/de\\\/#organization\",\"name\":\"Jachthaven Hindeloopen\",\"url\":\"https:\\\/\\\/www.jachthavenhindeloopen.nl\\\/de\\\/\",\"logo\":{\"@type\":\"ImageObject\",\"inLanguage\":\"de\",\"@id\":\"https:\\\/\\\/www.jachthavenhindeloopen.nl\\\/de\\\/#\\\/schema\\\/logo\\\/image\\\/\",\"url\":\"https:\\\/\\\/www.jachthavenhindeloopen.nl\\\/wp-content\\\/uploads\\\/2020\\\/03\\\/logo-jachthaven-hindeloopen-1.png\",\"contentUrl\":\"https:\\\/\\\/www.jachthavenhindeloopen.nl\\\/wp-content\\\/uploads\\\/2020\\\/03\\\/logo-jachthaven-hindeloopen-1.png\",\"width\":350,\"height\":50,\"caption\":\"Jachthaven Hindeloopen\"},\"image\":{\"@id\":\"https:\\\/\\\/www.jachthavenhindeloopen.nl\\\/de\\\/#\\\/schema\\\/logo\\\/image\\\/\"},\"sameAs\":[\"https:\\\/\\\/www.facebook.com\\\/jachthaven.hindeloopen\",\"https:\\\/\\\/www.instagram.com\\\/jachthavenhindeloopen\\\/\"]}]}<\/script>\n<!-- \/ Yoast SEO plugin. -->","yoast_head_json":{"title":"SkipsMaritiem - Jachthaven Hindeloopen","description":"Das ist das Ziel der Yachth\u00e4fen von SkipsMaritiem. Mit 2.500 Liegepl\u00e4tzen in Friesland und Flevoland sind wir der gr\u00f6\u00dfte Anbieter an der IJsselmeerk\u00fcste.","robots":{"index":"index","follow":"follow","max-snippet":"max-snippet:-1","max-image-preview":"max-image-preview:large","max-video-preview":"max-video-preview:-1"},"canonical":"https:\/\/www.jachthavenhindeloopen.nl\/de\/yachthafen\/skipsmaritiem\/","og_locale":"de_DE","og_type":"article","og_title":"SkipsMaritiem - Jachthaven Hindeloopen","og_description":"Das ist das Ziel der Yachth\u00e4fen von SkipsMaritiem. Mit 2.500 Liegepl\u00e4tzen in Friesland und Flevoland sind wir der gr\u00f6\u00dfte Anbieter an der IJsselmeerk\u00fcste.","og_url":"https:\/\/www.jachthavenhindeloopen.nl\/de\/yachthafen\/skipsmaritiem\/","og_site_name":"Jachthaven Hindeloopen","article_publisher":"https:\/\/www.facebook.com\/jachthaven.hindeloopen","article_modified_time":"2024-11-19T14:01:20+00:00","twitter_card":"summary_large_image","twitter_misc":{"Gesch\u00e4tzte Lesezeit":"6\u00a0Minuten"},"schema":{"@context":"https:\/\/schema.org","@graph":[{"@type":"WebPage","@id":"https:\/\/www.jachthavenhindeloopen.nl\/de\/yachthafen\/skipsmaritiem\/","url":"https:\/\/www.jachthavenhindeloopen.nl\/de\/yachthafen\/skipsmaritiem\/","name":"SkipsMaritiem - Jachthaven Hindeloopen","isPartOf":{"@id":"https:\/\/www.jachthavenhindeloopen.nl\/de\/#website"},"datePublished":"2018-09-14T13:31:22+00:00","dateModified":"2024-11-19T14:01:20+00:00","description":"Das ist das Ziel der Yachth\u00e4fen von SkipsMaritiem. Mit 2.500 Liegepl\u00e4tzen in Friesland und Flevoland sind wir der gr\u00f6\u00dfte Anbieter an der IJsselmeerk\u00fcste.","breadcrumb":{"@id":"https:\/\/www.jachthavenhindeloopen.nl\/de\/yachthafen\/skipsmaritiem\/#breadcrumb"},"inLanguage":"de","potentialAction":[{"@type":"ReadAction","target":["https:\/\/www.jachthavenhindeloopen.nl\/de\/yachthafen\/skipsmaritiem\/"]}]},{"@type":"BreadcrumbList","@id":"https:\/\/www.jachthavenhindeloopen.nl\/de\/yachthafen\/skipsmaritiem\/#breadcrumb","itemListElement":[{"@type":"ListItem","position":1,"name":"Home","item":"https:\/\/www.jachthavenhindeloopen.nl\/de\/"},{"@type":"ListItem","position":2,"name":"Yachthafen","item":"https:\/\/www.jachthavenhindeloopen.nl\/de\/yachthafen\/"},{"@type":"ListItem","position":3,"name":"SkipsMaritiem"}]},{"@type":"WebSite","@id":"https:\/\/www.jachthavenhindeloopen.nl\/de\/#website","url":"https:\/\/www.jachthavenhindeloopen.nl\/de\/","name":"Jachthaven Hindeloopen","description":"De veelzijdige kwaliteitshaven in Friesland aan het IJsselmeer","publisher":{"@id":"https:\/\/www.jachthavenhindeloopen.nl\/de\/#organization"},"potentialAction":[{"@type":"SearchAction","target":{"@type":"EntryPoint","urlTemplate":"https:\/\/www.jachthavenhindeloopen.nl\/de\/?s={search_term_string}"},"query-input":{"@type":"PropertyValueSpecification","valueRequired":true,"valueName":"search_term_string"}}],"inLanguage":"de"},{"@type":"Organization","@id":"https:\/\/www.jachthavenhindeloopen.nl\/de\/#organization","name":"Jachthaven Hindeloopen","url":"https:\/\/www.jachthavenhindeloopen.nl\/de\/","logo":{"@type":"ImageObject","inLanguage":"de","@id":"https:\/\/www.jachthavenhindeloopen.nl\/de\/#\/schema\/logo\/image\/","url":"https:\/\/www.jachthavenhindeloopen.nl\/wp-content\/uploads\/2020\/03\/logo-jachthaven-hindeloopen-1.png","contentUrl":"https:\/\/www.jachthavenhindeloopen.nl\/wp-content\/uploads\/2020\/03\/logo-jachthaven-hindeloopen-1.png","width":350,"height":50,"caption":"Jachthaven Hindeloopen"},"image":{"@id":"https:\/\/www.jachthavenhindeloopen.nl\/de\/#\/schema\/logo\/image\/"},"sameAs":["https:\/\/www.facebook.com\/jachthaven.hindeloopen","https:\/\/www.instagram.com\/jachthavenhindeloopen\/"]}]}},"_links":{"self":[{"href":"https:\/\/www.jachthavenhindeloopen.nl\/de\/wp-json\/wp\/v2\/pages\/4401","targetHints":{"allow":["GET"]}}],"collection":[{"href":"https:\/\/www.jachthavenhindeloopen.nl\/de\/wp-json\/wp\/v2\/pages"}],"about":[{"href":"https:\/\/www.jachthavenhindeloopen.nl\/de\/wp-json\/wp\/v2\/types\/page"}],"author":[{"embeddable":true,"href":"https:\/\/www.jachthavenhindeloopen.nl\/de\/wp-json\/wp\/v2\/users\/1"}],"replies":[{"embeddable":true,"href":"https:\/\/www.jachthavenhindeloopen.nl\/de\/wp-json\/wp\/v2\/comments?post=4401"}],"version-history":[{"count":15,"href":"https:\/\/www.jachthavenhindeloopen.nl\/de\/wp-json\/wp\/v2\/pages\/4401\/revisions"}],"predecessor-version":[{"id":25561,"href":"https:\/\/www.jachthavenhindeloopen.nl\/de\/wp-json\/wp\/v2\/pages\/4401\/revisions\/25561"}],"up":[{"embeddable":true,"href":"https:\/\/www.jachthavenhindeloopen.nl\/de\/wp-json\/wp\/v2\/pages\/7523"}],"wp:attachment":[{"href":"https:\/\/www.jachthavenhindeloopen.nl\/de\/wp-json\/wp\/v2\/media?parent=4401"}],"curies":[{"name":"wp","href":"https:\/\/api.w.org\/{rel}","templated":true}]}}