{"id":4408,"date":"2019-02-21T11:37:02","date_gmt":"2019-02-21T11:37:02","guid":{"rendered":"https:\/\/skipsmaritiem.xdialogue-demo.nl\/skipswinkel\/"},"modified":"2024-11-19T14:10:19","modified_gmt":"2024-11-19T14:10:19","slug":"wassersportgeschaeft","status":"publish","type":"page","link":"https:\/\/www.jachthavenhindeloopen.nl\/de\/wassersportgeschaeft\/","title":{"rendered":"Wassersportgesch\u00e4ft"},"content":{"rendered":"<div class=\"wpb-content-wrapper\">[vc_row][vc_column width=&#8220;1\/2&#8243;][vc_column_text]\n<h1>Wassersportgesch\u00e4ft<\/h1>\n<p class=\"lead\">Sortiment f\u00fcr alle Altersgruppen<\/p>\n<p>Sind Sie auf der Suche nach neuen Zubeh\u00f6rteilen f\u00fcr Ihr Boot, nach einem qualitativ hochwertigen Segelanzug oder nach modischer Freizeitkleidung? Dann begr\u00fc\u00dfen wir Sie sehr herzlich in unserem Wassersportgesch\u00e4ft. Wir bieten im Laden ein breit gef\u00e4chertes Sortiment an Segel- und Freizeitkleidung sowie technischen Zubeh\u00f6rteilen f\u00fcr den Innen- und Au\u00dfenbereich Ihres Bootes. Finden Sie in unserem Sortiment nicht das Zubeh\u00f6rteil, das Sie f\u00fcr Ihr Boot ben\u00f6tigen? Sprechen Sie uns an. Da es in all unseren H\u00e4fen Wassersportgesch\u00e4fte gibt, haben wir viele Zubeh\u00f6rteile vorr\u00e4tig. Ist das Zubeh\u00f6rteil dennoch nicht auf Lager? Dann bestellen wir es gerne f\u00fcr Sie.[\/vc_column_text][vc_column_text]\n<p><a class=\"btn btn-secundary modal-button\" href=\"https:\/\/www.skipswinkel.com\" target=\"_blank\" rel=\"noopener noreferrer\">Besuchen Sie unsere SkipsWinkel Website<\/a><\/p>\n[\/vc_column_text][\/vc_column][vc_column width=&#8220;1\/2&#8243;][vc_gallery images=&#8220;8363,8366,8360,8357&#8243; img_size=&#8220;medium&#8220; columns=&#8220;2&#8243; masonry=&#8220;fitRows&#8220;][\/vc_column][\/vc_row][vc_row full_width=&#8220;stretch_row&#8220; parallax=&#8220;content-moving&#8220; parallax_image=&#8220;4190&#8243; parallax_layers=&#8220;yes&#8220; video_cover=&#8220;3486&#8243; el_class=&#8220;content-padding-mobile-none&#8220;][vc_column width=&#8220;2\/3&#8243; offset=&#8220;vc_col-sm-offset-2&#8243; el_class=&#8220;text-center white-box content-padding&#8220;]<h2 class=\"text-center\"><small>Alles f\u00fcr Ihr Schiff und Ihre Crew<\/small>Wassersportgesch\u00e4ft<\/h2><div class='testimonials-carousel  owl-with-navigation' data-owl='{&quot;items&quot;:3,&quot;nav&quot;:true,&quot;navText&quot;:[&quot;Zur\\u00fcck&quot;,&quot;Weiter&quot;],&quot;loop&quot;:true,&quot;autoplay&quot;:true,&quot;autoplayTimeout&quot;:&quot;3000&quot;,&quot;autoplayHoverPause&quot;:true,&quot;responsive&quot;:{&quot;0&quot;:{&quot;items&quot;:1,&quot;dots&quot;:true,&quot;nav&quot;:true},&quot;767&quot;:{&quot;items&quot;:2,&quot;dots&quot;:true},&quot;992&quot;:{&quot;items&quot;:3,&quot;dots&quot;:true}}}'><div class='testimonial'>\n      <h4 class='testimonial-title'>\n      Segel- und Freizeitkleidung          <\/h4>\n        <p>In unserer Kollektion von Segel- und Freizeitbekleidung finden Sie renommierten Top-Marken wie Gaastra, Musto und North Sails.<\/p>\n    <a href='' class='btn-inline btn' target=\"_self\"><\/a>\n<\/div>\n<div class='testimonial'>\n      <h4 class='testimonial-title'>\n      Schiffszubeh\u00f6r          <\/h4>\n        <p>Das Sortiment reicht von Elektronik, Geschenkartikeln, Navigationskarten und -ausr\u00fcstung, Rettungswesten und -fl\u00f6\u00dfen, Gummibooten und -motoren bis hin zu Edelstahlwaren, \u00d6llampen, Wartungsprodukten, Zubeh\u00f6r aus Teakholz, Seilen, Farben und Beleuchtung.<\/p>\n    <a href='' class='btn-inline btn' target=\"_self\"><\/a>\n<\/div>\n<div class='testimonial'>\n      <h4 class='testimonial-title'>\n      Rettungsinseln zu vermieten          <\/h4>\n        <p>Sie k\u00f6nnen auch eine Rettungsinsel in den Wassersportgesch\u00e4ften mieten. Weil eine Rettungsinsel ein Verfalldatum, geht dies nur auf Bestellung. Eine Rettungsinsel enth\u00e4lt zum Beispiel Feuerwerksk\u00f6rper mit einer garantierten Betriebsdauer. Da sie nicht wirklich billig sind, ist das Mieten eine attraktive Option.<\/p>\n    <a href='' class='btn-inline btn' target=\"_self\"><\/a>\n<\/div>\n<div class='testimonial'>\n      <h4 class='testimonial-title'>\n      Laufende Werbeaktionen          <\/h4>\n        <p>Als begeisterter Wassersportler m\u00f6chten Sie qualitativ hochwertige Produkte. Und vorzugsweise zum niedrigsten Preis. Darum haben unsere Wassersportgesch\u00e4ften von April bis Oktober st\u00e4ndig mehr als zweihundert Wassersportartikel f\u00fcr Sie im Angebot!<\/p>\n    <a href='' class='btn-inline btn' target=\"_self\"><\/a>\n<\/div>\n<\/div>[\/vc_column][\/vc_row][vc_row full_width=&#8220;stretch_row&#8220; css=&#8220;.vc_custom_1550674932784{background-position: center !important;background-repeat: no-repeat !important;background-size: cover !important;}&#8220;][vc_column width=&#8220;1\/2&#8243;][vc_single_image image=&#8220;25555&#8243; img_size=&#8220;large&#8220;][\/vc_column][vc_column width=&#8220;1\/2&#8243;][vc_column_text css=&#8220;.vc_custom_1555053589878{padding-top: 80px !important;}&#8220;]\n<h2>Unsere Standorte<\/h2>\n<p class=\"lead\">Besuchen Sie eines unserer Wassersportgesch\u00e4fte in unseren H\u00e4fen oder besuchen Sie SkipsWinkel Sneek.<\/p>\n[\/vc_column_text][\/vc_column][vc_column width=&#8220;1\/2&#8243; offset=&#8220;vc_col-sm-offset-3&#8243; css=&#8220;.vc_custom_1411467083077{margin-top: 5.6rem !important;}&#8220;][vc_column_text]\n<h2 class=\"text-uppercase text-center\" style=\"text-align: center;\">Wassersportgesch\u00e4fte in unseren H\u00e4fen<\/h2>\n<table class=\"table table-responsive\">\n<tbody>\n<tr>\n<td class=\"text-left\" style=\"text-align: center;\">Jachthaven Hindeloopen\u00a0Watersportwinkel<\/td>\n<\/tr>\n<tr>\n<td class=\"text-left\" style=\"text-align: center;\">Marina Stavoren Watersportwinkel<\/td>\n<\/tr>\n<tr>\n<td class=\"text-left\" style=\"text-align: center;\">Jachthaven Friese Hoek Watersportwinkel<\/td>\n<\/tr>\n<tr>\n<td class=\"text-left\" style=\"text-align: center;\">SkipsWinkel Sneek<\/td>\n<\/tr>\n<tr>\n<td class=\"text-left\" style=\"text-align: center;\"><\/td>\n<\/tr>\n<\/tbody>\n<\/table>\n[\/vc_column_text][\/vc_column][\/vc_row][vc_row][vc_column]<h2 class=\"text-center\"><small>Alles f\u00fcr Ihr Schiff und Ihre Crew<\/small>Unser Sortiment<\/h2><div class='services-carousel  owl-with-navigation' data-owl='{&quot;items&quot;:4,&quot;nav&quot;:true,&quot;navText&quot;:[&quot;Zur\\u00fcck&quot;,&quot;Weiter&quot;],&quot;loop&quot;:true,&quot;autoplay&quot;:true,&quot;autoplayTimeout&quot;:2000,&quot;autoplayHoverPause&quot;:true,&quot;responsive&quot;:{&quot;0&quot;:{&quot;items&quot;:1,&quot;dots&quot;:true,&quot;nav&quot;:true},&quot;767&quot;:{&quot;items&quot;:4,&quot;dots&quot;:true},&quot;992&quot;:{&quot;items&quot;:4,&quot;dots&quot;:true}}}'><div class=\"item\">\n  <a href=\"https:\/\/www.skipswinkel.com\/persoonlijke-uitrusting\/\" target=\"_blank\" class=\"link-image\" title=\"Pers\u00f6nliche Ausr\u00fcstung\"><img loading=\"lazy\" decoding=\"async\" width=\"450\" height=\"300\" src=\"https:\/\/www.jachthavenhindeloopen.nl\/wp-content\/uploads\/2019\/02\/skipswinkel-persoonlijke-uitrusting.jpg\" class=\"attachment-large size-large\" alt=\"SkipsWinkel Persoonlijke Uitrusting\" srcset=\"https:\/\/www.jachthavenhindeloopen.nl\/wp-content\/uploads\/2019\/02\/skipswinkel-persoonlijke-uitrusting.jpg 450w, https:\/\/www.jachthavenhindeloopen.nl\/wp-content\/uploads\/2019\/02\/skipswinkel-persoonlijke-uitrusting-300x200.jpg 300w\" sizes=\"auto, (max-width: 450px) 100vw, 450px\" \/><\/a>      <div class=\"item-content\">\n      <h4><a href=\"https:\/\/www.skipswinkel.com\/persoonlijke-uitrusting\/\" target=\"_blank\" >Pers\u00f6nliche Ausr\u00fcstung<\/a><\/h4>      <p>Macht den Aufenthalt auf Ihrem Schiff angenehm!!<\/p>    <\/div>\n  <\/div>\n<div class=\"item\">\n  <a href=\"https:\/\/www.skipswinkel.com\/bootuitrusting\/\" target=\"_blank\" class=\"link-image\" title=\"Bootsausr\u00fcstung\"><img loading=\"lazy\" decoding=\"async\" width=\"450\" height=\"300\" src=\"https:\/\/www.jachthavenhindeloopen.nl\/wp-content\/uploads\/2019\/02\/bootuitrusting-skipswinkel.jpg\" class=\"attachment-large size-large\" alt=\"Bootuitrusting SkipsWinkel\" srcset=\"https:\/\/www.jachthavenhindeloopen.nl\/wp-content\/uploads\/2019\/02\/bootuitrusting-skipswinkel.jpg 450w, https:\/\/www.jachthavenhindeloopen.nl\/wp-content\/uploads\/2019\/02\/bootuitrusting-skipswinkel-300x200.jpg 300w\" sizes=\"auto, (max-width: 450px) 100vw, 450px\" \/><\/a>      <div class=\"item-content\">\n      <h4><a href=\"https:\/\/www.skipswinkel.com\/bootuitrusting\/\" target=\"_blank\" >Bootsausr\u00fcstung<\/a><\/h4>      <p>F\u00fcr alle Wassersport-Accessoires!<\/p>    <\/div>\n  <\/div>\n<div class=\"item\">\n  <a href=\"https:\/\/www.skipswinkel.com\/motoren\/\" target=\"_blank\" class=\"link-image\" title=\"Motoren\"><img loading=\"lazy\" decoding=\"async\" width=\"450\" height=\"300\" src=\"https:\/\/www.jachthavenhindeloopen.nl\/wp-content\/uploads\/2019\/02\/skipswinkel-motoren.jpg\" class=\"attachment-large size-large\" alt=\"SkipsWinkel Motoren\" srcset=\"https:\/\/www.jachthavenhindeloopen.nl\/wp-content\/uploads\/2019\/02\/skipswinkel-motoren.jpg 450w, https:\/\/www.jachthavenhindeloopen.nl\/wp-content\/uploads\/2019\/02\/skipswinkel-motoren-300x200.jpg 300w\" sizes=\"auto, (max-width: 450px) 100vw, 450px\" \/><\/a>      <div class=\"item-content\">\n      <h4><a href=\"https:\/\/www.skipswinkel.com\/motoren\/\" target=\"_blank\" >Motoren<\/a><\/h4>      <p>Unbesorgtes fahren!<\/p>    <\/div>\n  <\/div>\n<div class=\"item\">\n  <a href=\"https:\/\/www.skipswinkel.com\/boten\/\" target=\"_blank\" class=\"link-image\" title=\"Boote\"><img loading=\"lazy\" decoding=\"async\" width=\"450\" height=\"300\" src=\"https:\/\/www.jachthavenhindeloopen.nl\/wp-content\/uploads\/2019\/02\/skipswinkel-boten.jpg\" class=\"attachment-large size-large\" alt=\"SkipsWinkel boten\" srcset=\"https:\/\/www.jachthavenhindeloopen.nl\/wp-content\/uploads\/2019\/02\/skipswinkel-boten.jpg 450w, https:\/\/www.jachthavenhindeloopen.nl\/wp-content\/uploads\/2019\/02\/skipswinkel-boten-300x200.jpg 300w\" sizes=\"auto, (max-width: 450px) 100vw, 450px\" \/><\/a>      <div class=\"item-content\">\n      <h4><a href=\"https:\/\/www.skipswinkel.com\/boten\/\" target=\"_blank\" >Boote<\/a><\/h4>      <p>Ein RIB oder kleines Motorboot? Bei uns sind Sie richtig!<\/p>    <\/div>\n  <\/div>\n<div class=\"item\">\n  <a href=\"https:\/\/www.skipswinkel.com\/fun-fusion\/\" target=\"_blank\" class=\"link-image\" title=\"Spa\u00df\"><img loading=\"lazy\" decoding=\"async\" width=\"450\" height=\"300\" src=\"https:\/\/www.jachthavenhindeloopen.nl\/wp-content\/uploads\/2019\/02\/fun-skipswinkel.jpg\" class=\"attachment-large size-large\" alt=\"Fun SkipsWinkel\" srcset=\"https:\/\/www.jachthavenhindeloopen.nl\/wp-content\/uploads\/2019\/02\/fun-skipswinkel.jpg 450w, https:\/\/www.jachthavenhindeloopen.nl\/wp-content\/uploads\/2019\/02\/fun-skipswinkel-300x200.jpg 300w\" sizes=\"auto, (max-width: 450px) 100vw, 450px\" \/><\/a>      <div class=\"item-content\">\n      <h4><a href=\"https:\/\/www.skipswinkel.com\/fun-fusion\/\" target=\"_blank\" >Spa\u00df<\/a><\/h4>      <p>Wir wollen dich aufs Wasser bringen!<\/p>    <\/div>\n  <\/div>\n<\/div>[\/vc_column][\/vc_row]\n<\/div>","protected":false},"excerpt":{"rendered":"<p>[vc_row][vc_column width=&#8220;1\/2&#8243;][vc_column_text] Wassersportgesch\u00e4ft Sortiment f\u00fcr alle Altersgruppen Sind Sie auf der Suche nach neuen Zubeh\u00f6rteilen f\u00fcr Ihr Boot, nach einem qualitativ hochwertigen Segelanzug oder nach modischer Freizeitkleidung? Dann begr\u00fc\u00dfen wir Sie sehr herzlich in unserem Wassersportgesch\u00e4ft. Wir bieten im Laden ein breit gef\u00e4chertes Sortiment an Segel- und Freizeitkleidung sowie technischen Zubeh\u00f6rteilen f\u00fcr den Innen- und Au\u00dfenbereich Ihres Bootes. Finden Sie [&hellip;]<\/p>\n","protected":false},"author":1,"featured_media":0,"parent":0,"menu_order":0,"comment_status":"closed","ping_status":"open","template":"","meta":{"footnotes":""},"class_list":["post-4408","page","type-page","status-publish","hentry"],"yoast_head":"<!-- This site is optimized with the Yoast SEO plugin v27.5 - https:\/\/yoast.com\/product\/yoast-seo-wordpress\/ -->\n<title>Wassersportgesch\u00e4ft - Jachthaven Hindeloopen<\/title>\n<meta name=\"description\" content=\"Auf der Suche nach Unterteilen f\u00fcr Ihr Schiff, Accessoires f\u00fcr die Schiffseinrichtung, hochqualitative Segelkleidung oder nach modischer Freizeitkleidung?\" \/>\n<meta name=\"robots\" content=\"index, follow, max-snippet:-1, max-image-preview:large, max-video-preview:-1\" \/>\n<link rel=\"canonical\" href=\"https:\/\/www.jachthavenhindeloopen.nl\/de\/wassersportgeschaeft\/\" \/>\n<meta property=\"og:locale\" content=\"de_DE\" \/>\n<meta property=\"og:type\" content=\"article\" \/>\n<meta property=\"og:title\" content=\"Wassersportgesch\u00e4ft - Jachthaven Hindeloopen\" \/>\n<meta property=\"og:description\" content=\"Auf der Suche nach Unterteilen f\u00fcr Ihr Schiff, Accessoires f\u00fcr die Schiffseinrichtung, hochqualitative Segelkleidung oder nach modischer Freizeitkleidung?\" \/>\n<meta property=\"og:url\" content=\"https:\/\/www.jachthavenhindeloopen.nl\/de\/wassersportgeschaeft\/\" \/>\n<meta property=\"og:site_name\" content=\"Jachthaven Hindeloopen\" \/>\n<meta property=\"article:publisher\" content=\"https:\/\/www.facebook.com\/jachthaven.hindeloopen\" \/>\n<meta property=\"article:modified_time\" content=\"2024-11-19T14:10:19+00:00\" \/>\n<meta name=\"twitter:card\" content=\"summary_large_image\" \/>\n<meta name=\"twitter:label1\" content=\"Gesch\u00e4tzte Lesezeit\" \/>\n\t<meta name=\"twitter:data1\" content=\"2\u00a0Minuten\" \/>\n<script type=\"application\/ld+json\" class=\"yoast-schema-graph\">{\"@context\":\"https:\\\/\\\/schema.org\",\"@graph\":[{\"@type\":\"WebPage\",\"@id\":\"https:\\\/\\\/www.jachthavenhindeloopen.nl\\\/de\\\/wassersportgeschaeft\\\/\",\"url\":\"https:\\\/\\\/www.jachthavenhindeloopen.nl\\\/de\\\/wassersportgeschaeft\\\/\",\"name\":\"Wassersportgesch\u00e4ft - Jachthaven Hindeloopen\",\"isPartOf\":{\"@id\":\"https:\\\/\\\/www.jachthavenhindeloopen.nl\\\/de\\\/#website\"},\"datePublished\":\"2019-02-21T11:37:02+00:00\",\"dateModified\":\"2024-11-19T14:10:19+00:00\",\"description\":\"Auf der Suche nach Unterteilen f\u00fcr Ihr Schiff, Accessoires f\u00fcr die Schiffseinrichtung, hochqualitative Segelkleidung oder nach modischer Freizeitkleidung?\",\"breadcrumb\":{\"@id\":\"https:\\\/\\\/www.jachthavenhindeloopen.nl\\\/de\\\/wassersportgeschaeft\\\/#breadcrumb\"},\"inLanguage\":\"de\",\"potentialAction\":[{\"@type\":\"ReadAction\",\"target\":[\"https:\\\/\\\/www.jachthavenhindeloopen.nl\\\/de\\\/wassersportgeschaeft\\\/\"]}]},{\"@type\":\"BreadcrumbList\",\"@id\":\"https:\\\/\\\/www.jachthavenhindeloopen.nl\\\/de\\\/wassersportgeschaeft\\\/#breadcrumb\",\"itemListElement\":[{\"@type\":\"ListItem\",\"position\":1,\"name\":\"Home\",\"item\":\"https:\\\/\\\/www.jachthavenhindeloopen.nl\\\/de\\\/\"},{\"@type\":\"ListItem\",\"position\":2,\"name\":\"Wassersportgesch\u00e4ft\"}]},{\"@type\":\"WebSite\",\"@id\":\"https:\\\/\\\/www.jachthavenhindeloopen.nl\\\/de\\\/#website\",\"url\":\"https:\\\/\\\/www.jachthavenhindeloopen.nl\\\/de\\\/\",\"name\":\"Jachthaven Hindeloopen\",\"description\":\"De veelzijdige kwaliteitshaven in Friesland aan het IJsselmeer\",\"publisher\":{\"@id\":\"https:\\\/\\\/www.jachthavenhindeloopen.nl\\\/de\\\/#organization\"},\"potentialAction\":[{\"@type\":\"SearchAction\",\"target\":{\"@type\":\"EntryPoint\",\"urlTemplate\":\"https:\\\/\\\/www.jachthavenhindeloopen.nl\\\/de\\\/?s={search_term_string}\"},\"query-input\":{\"@type\":\"PropertyValueSpecification\",\"valueRequired\":true,\"valueName\":\"search_term_string\"}}],\"inLanguage\":\"de\"},{\"@type\":\"Organization\",\"@id\":\"https:\\\/\\\/www.jachthavenhindeloopen.nl\\\/de\\\/#organization\",\"name\":\"Jachthaven Hindeloopen\",\"url\":\"https:\\\/\\\/www.jachthavenhindeloopen.nl\\\/de\\\/\",\"logo\":{\"@type\":\"ImageObject\",\"inLanguage\":\"de\",\"@id\":\"https:\\\/\\\/www.jachthavenhindeloopen.nl\\\/de\\\/#\\\/schema\\\/logo\\\/image\\\/\",\"url\":\"https:\\\/\\\/www.jachthavenhindeloopen.nl\\\/wp-content\\\/uploads\\\/2020\\\/03\\\/logo-jachthaven-hindeloopen-1.png\",\"contentUrl\":\"https:\\\/\\\/www.jachthavenhindeloopen.nl\\\/wp-content\\\/uploads\\\/2020\\\/03\\\/logo-jachthaven-hindeloopen-1.png\",\"width\":350,\"height\":50,\"caption\":\"Jachthaven Hindeloopen\"},\"image\":{\"@id\":\"https:\\\/\\\/www.jachthavenhindeloopen.nl\\\/de\\\/#\\\/schema\\\/logo\\\/image\\\/\"},\"sameAs\":[\"https:\\\/\\\/www.facebook.com\\\/jachthaven.hindeloopen\",\"https:\\\/\\\/www.instagram.com\\\/jachthavenhindeloopen\\\/\"]}]}<\/script>\n<!-- \/ Yoast SEO plugin. -->","yoast_head_json":{"title":"Wassersportgesch\u00e4ft - Jachthaven Hindeloopen","description":"Auf der Suche nach Unterteilen f\u00fcr Ihr Schiff, Accessoires f\u00fcr die Schiffseinrichtung, hochqualitative Segelkleidung oder nach modischer Freizeitkleidung?","robots":{"index":"index","follow":"follow","max-snippet":"max-snippet:-1","max-image-preview":"max-image-preview:large","max-video-preview":"max-video-preview:-1"},"canonical":"https:\/\/www.jachthavenhindeloopen.nl\/de\/wassersportgeschaeft\/","og_locale":"de_DE","og_type":"article","og_title":"Wassersportgesch\u00e4ft - Jachthaven Hindeloopen","og_description":"Auf der Suche nach Unterteilen f\u00fcr Ihr Schiff, Accessoires f\u00fcr die Schiffseinrichtung, hochqualitative Segelkleidung oder nach modischer Freizeitkleidung?","og_url":"https:\/\/www.jachthavenhindeloopen.nl\/de\/wassersportgeschaeft\/","og_site_name":"Jachthaven Hindeloopen","article_publisher":"https:\/\/www.facebook.com\/jachthaven.hindeloopen","article_modified_time":"2024-11-19T14:10:19+00:00","twitter_card":"summary_large_image","twitter_misc":{"Gesch\u00e4tzte Lesezeit":"2\u00a0Minuten"},"schema":{"@context":"https:\/\/schema.org","@graph":[{"@type":"WebPage","@id":"https:\/\/www.jachthavenhindeloopen.nl\/de\/wassersportgeschaeft\/","url":"https:\/\/www.jachthavenhindeloopen.nl\/de\/wassersportgeschaeft\/","name":"Wassersportgesch\u00e4ft - Jachthaven Hindeloopen","isPartOf":{"@id":"https:\/\/www.jachthavenhindeloopen.nl\/de\/#website"},"datePublished":"2019-02-21T11:37:02+00:00","dateModified":"2024-11-19T14:10:19+00:00","description":"Auf der Suche nach Unterteilen f\u00fcr Ihr Schiff, Accessoires f\u00fcr die Schiffseinrichtung, hochqualitative Segelkleidung oder nach modischer Freizeitkleidung?","breadcrumb":{"@id":"https:\/\/www.jachthavenhindeloopen.nl\/de\/wassersportgeschaeft\/#breadcrumb"},"inLanguage":"de","potentialAction":[{"@type":"ReadAction","target":["https:\/\/www.jachthavenhindeloopen.nl\/de\/wassersportgeschaeft\/"]}]},{"@type":"BreadcrumbList","@id":"https:\/\/www.jachthavenhindeloopen.nl\/de\/wassersportgeschaeft\/#breadcrumb","itemListElement":[{"@type":"ListItem","position":1,"name":"Home","item":"https:\/\/www.jachthavenhindeloopen.nl\/de\/"},{"@type":"ListItem","position":2,"name":"Wassersportgesch\u00e4ft"}]},{"@type":"WebSite","@id":"https:\/\/www.jachthavenhindeloopen.nl\/de\/#website","url":"https:\/\/www.jachthavenhindeloopen.nl\/de\/","name":"Jachthaven Hindeloopen","description":"De veelzijdige kwaliteitshaven in Friesland aan het IJsselmeer","publisher":{"@id":"https:\/\/www.jachthavenhindeloopen.nl\/de\/#organization"},"potentialAction":[{"@type":"SearchAction","target":{"@type":"EntryPoint","urlTemplate":"https:\/\/www.jachthavenhindeloopen.nl\/de\/?s={search_term_string}"},"query-input":{"@type":"PropertyValueSpecification","valueRequired":true,"valueName":"search_term_string"}}],"inLanguage":"de"},{"@type":"Organization","@id":"https:\/\/www.jachthavenhindeloopen.nl\/de\/#organization","name":"Jachthaven Hindeloopen","url":"https:\/\/www.jachthavenhindeloopen.nl\/de\/","logo":{"@type":"ImageObject","inLanguage":"de","@id":"https:\/\/www.jachthavenhindeloopen.nl\/de\/#\/schema\/logo\/image\/","url":"https:\/\/www.jachthavenhindeloopen.nl\/wp-content\/uploads\/2020\/03\/logo-jachthaven-hindeloopen-1.png","contentUrl":"https:\/\/www.jachthavenhindeloopen.nl\/wp-content\/uploads\/2020\/03\/logo-jachthaven-hindeloopen-1.png","width":350,"height":50,"caption":"Jachthaven Hindeloopen"},"image":{"@id":"https:\/\/www.jachthavenhindeloopen.nl\/de\/#\/schema\/logo\/image\/"},"sameAs":["https:\/\/www.facebook.com\/jachthaven.hindeloopen","https:\/\/www.instagram.com\/jachthavenhindeloopen\/"]}]}},"_links":{"self":[{"href":"https:\/\/www.jachthavenhindeloopen.nl\/de\/wp-json\/wp\/v2\/pages\/4408","targetHints":{"allow":["GET"]}}],"collection":[{"href":"https:\/\/www.jachthavenhindeloopen.nl\/de\/wp-json\/wp\/v2\/pages"}],"about":[{"href":"https:\/\/www.jachthavenhindeloopen.nl\/de\/wp-json\/wp\/v2\/types\/page"}],"author":[{"embeddable":true,"href":"https:\/\/www.jachthavenhindeloopen.nl\/de\/wp-json\/wp\/v2\/users\/1"}],"replies":[{"embeddable":true,"href":"https:\/\/www.jachthavenhindeloopen.nl\/de\/wp-json\/wp\/v2\/comments?post=4408"}],"version-history":[{"count":13,"href":"https:\/\/www.jachthavenhindeloopen.nl\/de\/wp-json\/wp\/v2\/pages\/4408\/revisions"}],"predecessor-version":[{"id":25568,"href":"https:\/\/www.jachthavenhindeloopen.nl\/de\/wp-json\/wp\/v2\/pages\/4408\/revisions\/25568"}],"wp:attachment":[{"href":"https:\/\/www.jachthavenhindeloopen.nl\/de\/wp-json\/wp\/v2\/media?parent=4408"}],"curies":[{"name":"wp","href":"https:\/\/api.w.org\/{rel}","templated":true}]}}