{"id":7508,"date":"2018-04-18T15:20:55","date_gmt":"2018-04-18T14:20:55","guid":{"rendered":"http:\/\/www.jachthavenhindeloopen.nl\/agenda\/"},"modified":"2025-05-26T14:23:30","modified_gmt":"2025-05-26T14:23:30","slug":"kalender","status":"publish","type":"page","link":"https:\/\/www.jachthavenhindeloopen.nl\/de\/kalender\/","title":{"rendered":"Kalender"},"content":{"rendered":"<div class=\"wpb-content-wrapper\">[vc_row el_id=&#8220;rally&#8220;][vc_column width=&#8220;1\/2&#8243;][vc_custom_heading text=&#8220;Samstag, den 31. Mai: Oldtimer Elf-St\u00e4dte Rally&#8220; use_theme_fonts=&#8220;yes&#8220; css=&#8220;&#8220;][vc_column_text css=&#8220;&#8220;]Notieren Sie sich in\u00a0Ihrem\u00a0Kalender: Samstag, den 31. Mai! Ein Tag der Nostalgie auf R\u00e4dern! Dann findet n\u00e4mlich die 37.\u00a0Oldtimer Elf-St\u00e4dte\u00a0Rally\u00a0statt. Die Oldtimer starten im malerischen Sloten und fahren eine sch\u00f6ne Strecke entlang der elf friesischen St\u00e4dte: IJlst, Sneek, Leeuwarden, Dokkum, Franeker, Harlingen, Bolsward, Workum, Hindeloopen, Stavoren und zur\u00fcck nach Sloten. Eine einzigartige Gelegenheit, diese fahrenden Museumsst\u00fccke aus der N\u00e4he zu bewundern.[\/vc_column_text][\/vc_column][vc_column width=&#8220;1\/2&#8243;][vc_single_image image=&#8220;34805&#8243; img_size=&#8220;full&#8220; css=&#8220;&#8220;][\/vc_column][\/vc_row][vc_row el_id=&#8220;fiets&#8220;][vc_column width=&#8220;1\/2&#8243;][vc_custom_heading text=&#8220;Montag, den 9. Juni: Elf-St\u00e4dtetour mit dem Fahrrad&#8220; use_theme_fonts=&#8220;yes&#8220; css=&#8220;&#8220;][vc_column_text css=&#8220;&#8220;]Am Montag, dem 9. Juni ist es wieder soweit! Dann startet die 113. Elf-St\u00e4dtetour auf dem Fahrrad \u2013 das Fahrradfestival in Friesland. Bis zu 15.000 Radfahrer fahren an diesem Tag durch die malerische friesische Landschaft und die 11 Friesischen St\u00e4dte, jeder in seinem eigenen Tempo. Es ist ein bunter Zug von Radlern, der ein beeindruckendes Spektakel bietet.<\/p>\n<p>Die Strecke? Sie ist beachtliche 235 Kilometer lang. Start und Ziel ist in Bolsward, wo die Atmosph\u00e4re schon fr\u00fch am Morgen zu brodeln anf\u00e4ngt. Unterwegs trifft man auf eine bunte Mischung von Teilnehmern: von schnellen Rennfahrern auf Rennr\u00e4dern bis hin zu geselligen Tourenradlern auf Omafahrr\u00e4dern, Tandems, Lieger\u00e4dern und allem, was dazwischen liegt. Alles ist erlaubt, solange es auf R\u00e4dern f\u00e4hrt! Besonders witzig und sehenswert: Einige Radler fahren die Tour in auff\u00e4lligen Outfits &#8211; von Superhelden bis hin zu kompletten Karnevals-Kreationen. Und auch f\u00fcr das Publikum gibt es viel zu erleben. Entlang der gesamten Strecke herrscht eine stimmungsvolle Atmosph\u00e4re. In jeder Stadt werden sowohl die Teilnehmer als auch die Zuschauer mit Musik und Spa\u00df willkommen gehei\u00dfen. Ob Sie mitradeln oder anfeuern: Die Elf-St\u00e4dtetour auf dem Fahrrad ist ein Erlebnis, das Sie sich nicht entgehen lassen sollten.[\/vc_column_text][\/vc_column][vc_column width=&#8220;1\/2&#8243;][vc_single_image image=&#8220;34809&#8243; img_size=&#8220;full&#8220; css=&#8220;&#8220;][\/vc_column][\/vc_row][vc_row el_id=&#8220;stavers&#8220;][vc_column width=&#8220;1\/2&#8243;][vc_custom_heading text=&#8220;Samstag, den 28. Juni: \u201aBeurtschependag\u2018&#8220; use_theme_fonts=&#8220;yes&#8220; css=&#8220;&#8220;][vc_column_text css=&#8220;&#8220;]Hindeloopen feiert dieses Jahr 800 Jahre Stadtrechte. Ein beeindruckendes Jubil\u00e4um f\u00fcr eine Stadt mit einer reichen Geschichte. Der Name Hindeloopen \u2013 damals noch \u201aHindolop\u2018 \u2013 tauchte zum ersten Mal im Jahr 825 auf. Erst um 1225 erhielt Hindeloopen Stadtrechte. Hindeloopen ist eine Stadt mit jahrhundertelanger Tradition und einer maritimen Vergangenheit mit den Handelsrouten \u00fcber die Ostsee. Diese beiden Faktoren haben die Stadt gepr\u00e4gt. Auch die weltber\u00fchmte Hindelooper Malerei und die farbenfrohe Tracht haben ihren Ursprung in dieser Zeit. Hindeloopen strahlt seit Jahrhunderten Charakter und Kultur aus. Darum darf sie sich zu Recht eine der \u00e4ltesten und sch\u00f6nsten St\u00e4dte Frieslands nennen. Und nat\u00fcrlich l\u00e4sst Hindeloopen ein solches Jubil\u00e4um nicht unbemerkt verstreichen! Dieses Festjahr ist gepr\u00e4gt von besonderen Veranstaltungen und Festen. Eine dieser Veranstaltungen ist der \u201aBeurtschependag\u2018 am 28. Juni. F\u00fcr Kinder gibt es auf dem Parkplatz hinter der Kirche eine Kirmes und ein Auftreten des legend\u00e4ren Hakim aus der Sesamstra\u00dfe. Au\u00dferdem gibt es in Hindeloopen diverse Theaterauff\u00fchrungen. Besuchen Sie die wundersch\u00f6n restaurierten Lastenk\u00e4hne im Hafen des Ortes, die die Atmosph\u00e4re vergangener Zeiten wieder aufleben lassen. Auch gibt es einen Markt, der einen Besuch wert ist. Kurzum, ein lebendiger Tag, den Sie sich nicht entgehen lassen sollten und gut zu kombinieren ist mit unserem Sommerfest! Mehr Information zu \u201aHindeloopen 800 Jahre Stadtrechte\u2018 finden Sie auch auf der Website <a href=\"http:\/\/www.hylpen800.nl\">www.hylpen800.nl<\/a>.<\/p>\n<p>Weitere Informationen zu diesen und anderen Aktivit\u00e4ten, die in und um Hindeloopen stattfinden, finden Sie auf der Website <a href=\"http:\/\/www.waterlandvanfriesland.nl\">www.waterlandvanfriesland.nl<\/a>.[\/vc_column_text][\/vc_column][vc_column width=&#8220;1\/2&#8243;][vc_single_image image=&#8220;34813&#8243; img_size=&#8220;full&#8220; css=&#8220;&#8220;][\/vc_column][\/vc_row][vc_row disable_element=&#8220;yes&#8220;][vc_column offset=&#8220;vc_hidden-lg vc_hidden-md vc_hidden-sm vc_hidden-xs&#8220;][vc_single_image image=&#8220;8113&#8243; img_size=&#8220;full&#8220; alignment=&#8220;center&#8220; onclick=&#8220;img_link_large&#8220;][vc_btn title=&#8220;Agenda downloaden&#8220; style=&#8220;custom&#8220; custom_background=&#8220;#ff5500&#8243; custom_text=&#8220;#ffffff&#8220; align=&#8220;center&#8220; link=&#8220;url:https%3A%2F%2Fwww.jachthavenhindeloopen.nl%2Fwp-content%2Fuploads%2F2024%2F07%2FPoster_activiteiten_kalender_2024_v4.pdf|target:_blank&#8220;][\/vc_column][\/vc_row][vc_row][vc_column][vc_column_text][\/vc_column_text][\/vc_column][\/vc_row][vc_row][vc_column][vc_column_text]<iframe loading=\"lazy\" src=\"https:\/\/calendar.google.com\/calendar\/embed?src=qglovkpblg444921s5orn938js%40group.calendar.google.com&amp;ctz=Europe%2FAmsterdam\" width=\"800\" height=\"600\" frameborder=\"0\" scrolling=\"no\"><span data-mce-type=\"bookmark\" style=\"display: inline-block; width: 0px; overflow: hidden; line-height: 0;\" class=\"mce_SELRES_start\">\ufeff<\/span><\/iframe>[\/vc_column_text][\/vc_column][\/vc_row][vc_row][vc_column][vc_column_text][\/vc_column_text][\/vc_column][\/vc_row]\n<\/div>","protected":false},"excerpt":{"rendered":"<p>[vc_row el_id=&#8220;rally&#8220;][vc_column width=&#8220;1\/2&#8243;][vc_custom_heading text=&#8220;Samstag, den 31. Mai: Oldtimer Elf-St\u00e4dte Rally&#8220; use_theme_fonts=&#8220;yes&#8220; css=&#8220;&#8220;][vc_column_text css=&#8220;&#8220;]Notieren Sie sich in\u00a0Ihrem\u00a0Kalender: Samstag, den 31. Mai! Ein Tag der Nostalgie auf R\u00e4dern! Dann findet n\u00e4mlich die 37.\u00a0Oldtimer Elf-St\u00e4dte\u00a0Rally\u00a0statt. Die Oldtimer starten im malerischen Sloten und fahren eine sch\u00f6ne Strecke entlang der elf friesischen St\u00e4dte: IJlst, Sneek, Leeuwarden, Dokkum, Franeker, Harlingen, Bolsward, Workum, Hindeloopen, Stavoren und zur\u00fcck [&hellip;]<\/p>\n","protected":false},"author":1,"featured_media":0,"parent":0,"menu_order":0,"comment_status":"open","ping_status":"open","template":"","meta":{"footnotes":""},"class_list":["post-7508","page","type-page","status-publish","hentry"],"yoast_head":"<!-- This site is optimized with the Yoast SEO plugin v27.4 - https:\/\/yoast.com\/product\/yoast-seo-wordpress\/ -->\n<title>Kalender - Jachthaven Hindeloopen<\/title>\n<meta name=\"robots\" content=\"index, follow, max-snippet:-1, max-image-preview:large, max-video-preview:-1\" \/>\n<link rel=\"canonical\" href=\"https:\/\/www.jachthavenhindeloopen.nl\/de\/kalender\/\" \/>\n<meta property=\"og:locale\" content=\"de_DE\" \/>\n<meta property=\"og:type\" content=\"article\" \/>\n<meta property=\"og:title\" content=\"Kalender - Jachthaven Hindeloopen\" \/>\n<meta property=\"og:description\" content=\"[vc_row el_id=&#8220;rally&#8220;][vc_column width=&#8220;1\/2&#8243;][vc_custom_heading text=&#8220;Samstag, den 31. Mai: Oldtimer Elf-St\u00e4dte Rally&#8220; use_theme_fonts=&#8220;yes&#8220; css=&#8220;&#8220;][vc_column_text css=&#8220;&#8220;]Notieren Sie sich in\u00a0Ihrem\u00a0Kalender: Samstag, den 31. Mai! Ein Tag der Nostalgie auf R\u00e4dern! Dann findet n\u00e4mlich die 37.\u00a0Oldtimer Elf-St\u00e4dte\u00a0Rally\u00a0statt. Die Oldtimer starten im malerischen Sloten und fahren eine sch\u00f6ne Strecke entlang der elf friesischen St\u00e4dte: IJlst, Sneek, Leeuwarden, Dokkum, Franeker, Harlingen, Bolsward, Workum, Hindeloopen, Stavoren und zur\u00fcck [&hellip;]\" \/>\n<meta property=\"og:url\" content=\"https:\/\/www.jachthavenhindeloopen.nl\/de\/kalender\/\" \/>\n<meta property=\"og:site_name\" content=\"Jachthaven Hindeloopen\" \/>\n<meta property=\"article:publisher\" content=\"https:\/\/www.facebook.com\/jachthaven.hindeloopen\" \/>\n<meta property=\"article:modified_time\" content=\"2025-05-26T14:23:30+00:00\" \/>\n<meta name=\"twitter:card\" content=\"summary_large_image\" \/>\n<meta name=\"twitter:label1\" content=\"Gesch\u00e4tzte Lesezeit\" \/>\n\t<meta name=\"twitter:data1\" content=\"3\u00a0Minuten\" \/>\n<script type=\"application\/ld+json\" class=\"yoast-schema-graph\">{\"@context\":\"https:\\\/\\\/schema.org\",\"@graph\":[{\"@type\":\"WebPage\",\"@id\":\"https:\\\/\\\/www.jachthavenhindeloopen.nl\\\/de\\\/kalender\\\/\",\"url\":\"https:\\\/\\\/www.jachthavenhindeloopen.nl\\\/de\\\/kalender\\\/\",\"name\":\"Kalender - Jachthaven Hindeloopen\",\"isPartOf\":{\"@id\":\"https:\\\/\\\/www.jachthavenhindeloopen.nl\\\/de\\\/#website\"},\"datePublished\":\"2018-04-18T14:20:55+00:00\",\"dateModified\":\"2025-05-26T14:23:30+00:00\",\"breadcrumb\":{\"@id\":\"https:\\\/\\\/www.jachthavenhindeloopen.nl\\\/de\\\/kalender\\\/#breadcrumb\"},\"inLanguage\":\"de\",\"potentialAction\":[{\"@type\":\"ReadAction\",\"target\":[\"https:\\\/\\\/www.jachthavenhindeloopen.nl\\\/de\\\/kalender\\\/\"]}]},{\"@type\":\"BreadcrumbList\",\"@id\":\"https:\\\/\\\/www.jachthavenhindeloopen.nl\\\/de\\\/kalender\\\/#breadcrumb\",\"itemListElement\":[{\"@type\":\"ListItem\",\"position\":1,\"name\":\"Home\",\"item\":\"https:\\\/\\\/www.jachthavenhindeloopen.nl\\\/de\\\/\"},{\"@type\":\"ListItem\",\"position\":2,\"name\":\"Kalender\"}]},{\"@type\":\"WebSite\",\"@id\":\"https:\\\/\\\/www.jachthavenhindeloopen.nl\\\/de\\\/#website\",\"url\":\"https:\\\/\\\/www.jachthavenhindeloopen.nl\\\/de\\\/\",\"name\":\"Jachthaven Hindeloopen\",\"description\":\"De veelzijdige kwaliteitshaven in Friesland aan het IJsselmeer\",\"publisher\":{\"@id\":\"https:\\\/\\\/www.jachthavenhindeloopen.nl\\\/de\\\/#organization\"},\"potentialAction\":[{\"@type\":\"SearchAction\",\"target\":{\"@type\":\"EntryPoint\",\"urlTemplate\":\"https:\\\/\\\/www.jachthavenhindeloopen.nl\\\/de\\\/?s={search_term_string}\"},\"query-input\":{\"@type\":\"PropertyValueSpecification\",\"valueRequired\":true,\"valueName\":\"search_term_string\"}}],\"inLanguage\":\"de\"},{\"@type\":\"Organization\",\"@id\":\"https:\\\/\\\/www.jachthavenhindeloopen.nl\\\/de\\\/#organization\",\"name\":\"Jachthaven Hindeloopen\",\"url\":\"https:\\\/\\\/www.jachthavenhindeloopen.nl\\\/de\\\/\",\"logo\":{\"@type\":\"ImageObject\",\"inLanguage\":\"de\",\"@id\":\"https:\\\/\\\/www.jachthavenhindeloopen.nl\\\/de\\\/#\\\/schema\\\/logo\\\/image\\\/\",\"url\":\"https:\\\/\\\/www.jachthavenhindeloopen.nl\\\/wp-content\\\/uploads\\\/2020\\\/03\\\/logo-jachthaven-hindeloopen-1.png\",\"contentUrl\":\"https:\\\/\\\/www.jachthavenhindeloopen.nl\\\/wp-content\\\/uploads\\\/2020\\\/03\\\/logo-jachthaven-hindeloopen-1.png\",\"width\":350,\"height\":50,\"caption\":\"Jachthaven Hindeloopen\"},\"image\":{\"@id\":\"https:\\\/\\\/www.jachthavenhindeloopen.nl\\\/de\\\/#\\\/schema\\\/logo\\\/image\\\/\"},\"sameAs\":[\"https:\\\/\\\/www.facebook.com\\\/jachthaven.hindeloopen\",\"https:\\\/\\\/www.instagram.com\\\/jachthavenhindeloopen\\\/\"]}]}<\/script>\n<!-- \/ Yoast SEO plugin. -->","yoast_head_json":{"title":"Kalender - Jachthaven Hindeloopen","robots":{"index":"index","follow":"follow","max-snippet":"max-snippet:-1","max-image-preview":"max-image-preview:large","max-video-preview":"max-video-preview:-1"},"canonical":"https:\/\/www.jachthavenhindeloopen.nl\/de\/kalender\/","og_locale":"de_DE","og_type":"article","og_title":"Kalender - Jachthaven Hindeloopen","og_description":"[vc_row el_id=&#8220;rally&#8220;][vc_column width=&#8220;1\/2&#8243;][vc_custom_heading text=&#8220;Samstag, den 31. Mai: Oldtimer Elf-St\u00e4dte Rally&#8220; use_theme_fonts=&#8220;yes&#8220; css=&#8220;&#8220;][vc_column_text css=&#8220;&#8220;]Notieren Sie sich in\u00a0Ihrem\u00a0Kalender: Samstag, den 31. Mai! Ein Tag der Nostalgie auf R\u00e4dern! Dann findet n\u00e4mlich die 37.\u00a0Oldtimer Elf-St\u00e4dte\u00a0Rally\u00a0statt. Die Oldtimer starten im malerischen Sloten und fahren eine sch\u00f6ne Strecke entlang der elf friesischen St\u00e4dte: IJlst, Sneek, Leeuwarden, Dokkum, Franeker, Harlingen, Bolsward, Workum, Hindeloopen, Stavoren und zur\u00fcck [&hellip;]","og_url":"https:\/\/www.jachthavenhindeloopen.nl\/de\/kalender\/","og_site_name":"Jachthaven Hindeloopen","article_publisher":"https:\/\/www.facebook.com\/jachthaven.hindeloopen","article_modified_time":"2025-05-26T14:23:30+00:00","twitter_card":"summary_large_image","twitter_misc":{"Gesch\u00e4tzte Lesezeit":"3\u00a0Minuten"},"schema":{"@context":"https:\/\/schema.org","@graph":[{"@type":"WebPage","@id":"https:\/\/www.jachthavenhindeloopen.nl\/de\/kalender\/","url":"https:\/\/www.jachthavenhindeloopen.nl\/de\/kalender\/","name":"Kalender - Jachthaven Hindeloopen","isPartOf":{"@id":"https:\/\/www.jachthavenhindeloopen.nl\/de\/#website"},"datePublished":"2018-04-18T14:20:55+00:00","dateModified":"2025-05-26T14:23:30+00:00","breadcrumb":{"@id":"https:\/\/www.jachthavenhindeloopen.nl\/de\/kalender\/#breadcrumb"},"inLanguage":"de","potentialAction":[{"@type":"ReadAction","target":["https:\/\/www.jachthavenhindeloopen.nl\/de\/kalender\/"]}]},{"@type":"BreadcrumbList","@id":"https:\/\/www.jachthavenhindeloopen.nl\/de\/kalender\/#breadcrumb","itemListElement":[{"@type":"ListItem","position":1,"name":"Home","item":"https:\/\/www.jachthavenhindeloopen.nl\/de\/"},{"@type":"ListItem","position":2,"name":"Kalender"}]},{"@type":"WebSite","@id":"https:\/\/www.jachthavenhindeloopen.nl\/de\/#website","url":"https:\/\/www.jachthavenhindeloopen.nl\/de\/","name":"Jachthaven Hindeloopen","description":"De veelzijdige kwaliteitshaven in Friesland aan het IJsselmeer","publisher":{"@id":"https:\/\/www.jachthavenhindeloopen.nl\/de\/#organization"},"potentialAction":[{"@type":"SearchAction","target":{"@type":"EntryPoint","urlTemplate":"https:\/\/www.jachthavenhindeloopen.nl\/de\/?s={search_term_string}"},"query-input":{"@type":"PropertyValueSpecification","valueRequired":true,"valueName":"search_term_string"}}],"inLanguage":"de"},{"@type":"Organization","@id":"https:\/\/www.jachthavenhindeloopen.nl\/de\/#organization","name":"Jachthaven Hindeloopen","url":"https:\/\/www.jachthavenhindeloopen.nl\/de\/","logo":{"@type":"ImageObject","inLanguage":"de","@id":"https:\/\/www.jachthavenhindeloopen.nl\/de\/#\/schema\/logo\/image\/","url":"https:\/\/www.jachthavenhindeloopen.nl\/wp-content\/uploads\/2020\/03\/logo-jachthaven-hindeloopen-1.png","contentUrl":"https:\/\/www.jachthavenhindeloopen.nl\/wp-content\/uploads\/2020\/03\/logo-jachthaven-hindeloopen-1.png","width":350,"height":50,"caption":"Jachthaven Hindeloopen"},"image":{"@id":"https:\/\/www.jachthavenhindeloopen.nl\/de\/#\/schema\/logo\/image\/"},"sameAs":["https:\/\/www.facebook.com\/jachthaven.hindeloopen","https:\/\/www.instagram.com\/jachthavenhindeloopen\/"]}]}},"_links":{"self":[{"href":"https:\/\/www.jachthavenhindeloopen.nl\/de\/wp-json\/wp\/v2\/pages\/7508","targetHints":{"allow":["GET"]}}],"collection":[{"href":"https:\/\/www.jachthavenhindeloopen.nl\/de\/wp-json\/wp\/v2\/pages"}],"about":[{"href":"https:\/\/www.jachthavenhindeloopen.nl\/de\/wp-json\/wp\/v2\/types\/page"}],"author":[{"embeddable":true,"href":"https:\/\/www.jachthavenhindeloopen.nl\/de\/wp-json\/wp\/v2\/users\/1"}],"replies":[{"embeddable":true,"href":"https:\/\/www.jachthavenhindeloopen.nl\/de\/wp-json\/wp\/v2\/comments?post=7508"}],"version-history":[{"count":9,"href":"https:\/\/www.jachthavenhindeloopen.nl\/de\/wp-json\/wp\/v2\/pages\/7508\/revisions"}],"predecessor-version":[{"id":34902,"href":"https:\/\/www.jachthavenhindeloopen.nl\/de\/wp-json\/wp\/v2\/pages\/7508\/revisions\/34902"}],"wp:attachment":[{"href":"https:\/\/www.jachthavenhindeloopen.nl\/de\/wp-json\/wp\/v2\/media?parent=7508"}],"curies":[{"name":"wp","href":"https:\/\/api.w.org\/{rel}","templated":true}]}}