{"id":7524,"date":"2018-04-25T10:29:34","date_gmt":"2018-04-25T09:29:34","guid":{"rendered":"http:\/\/www.jachthavenhindeloopen.nl\/jachthafen\/liegeplatz\/"},"modified":"2021-01-12T12:38:34","modified_gmt":"2021-01-12T12:38:34","slug":"liegeplatz","status":"publish","type":"page","link":"https:\/\/www.jachthavenhindeloopen.nl\/de\/yachthafen\/liegeplatz\/","title":{"rendered":"Liegeplatz"},"content":{"rendered":"<div class=\"wpb-content-wrapper\">[vc_row][vc_column][vc_column_text]\n<h2>Ihr Liegeplatz liegt direkt am IJsselmeer<\/h2>\n<p>Unser gem\u00fctlicher und vielseitiger Jachthafen liegt in ausgezeichneter Lage direkt am IJsselmeer und in unmittelbarer N\u00e4he des gleichnamigen St\u00e4dtchens Hindeloopen mit seinen malerischen H\u00e4usern.[\/vc_column_text][\/vc_column][\/vc_row][vc_row css=&#8220;.vc_custom_1519913668189{background-color: #ebeef3 !important;}&#8220;][vc_column][vc_custom_heading text=&#8220;In unserem Jachthafen k\u00f6nnen Sie aus verschiedenen Liegeplatzvereinbarungen ausw\u00e4hlen:&#8220; font_container=&#8220;tag:h3|text_align:left&#8220; google_fonts=&#8220;font_family:Oswald%3A300%2Cregular%2C700|font_style:400%20regular%3A400%3Anormal&#8220;][vc_row_inner][vc_column_inner width=&#8220;1\/2&#8243;][vc_column_text]\n<table class=\"table table-hover\">\n<thead>\n<tr>\n<th>Art<\/th>\n<th>Zeitraum<\/th>\n<\/tr>\n<\/thead>\n<tbody>\n<tr>\n<td>Jahresliegeplatz<\/td>\n<td>vom 1. April bis 1. April<\/td>\n<\/tr>\n<tr>\n<td>Winterliegeplatz<\/td>\n<td>vom 1. November bis 1. April<\/td>\n<\/tr>\n<tr>\n<td>Monatsliegeplatz<\/td>\n<td>f\u00fcr 1 oder 2 Monate<\/td>\n<\/tr>\n<tr>\n<td>Gastliegeplatz<\/td>\n<td>f\u00fcr 1 oder mehrere Tage<\/td>\n<\/tr>\n<\/tbody>\n<\/table>\n[\/vc_column_text][\/vc_column_inner][vc_column_inner width=&#8220;1\/2&#8243;][vc_single_image image=&#8220;7890&#8243; img_size=&#8220;full&#8220; alignment=&#8220;center&#8220; css=&#8220;.vc_custom_1610371643413{padding-top: 30px !important;padding-bottom: 15px !important;}&#8220;][\/vc_column_inner][\/vc_row_inner][\/vc_column][\/vc_row][vc_row css=&#8220;.vc_custom_1445977500865{margin-top: 80px !important;padding-top: 10px !important;padding-right: 10px !important;padding-bottom: 10px !important;padding-left: 10px !important;}&#8220;][vc_column width=&#8220;1\/2&#8243;][vc_cta h2=&#8220;&#8220; h4=&#8220;Preisliste Jachthafen Hindeloopen&#8220; txt_align=&#8220;center&#8220; add_button=&#8220;bottom&#8220; btn_title=&#8220;Download&#8220; btn_style=&#8220;outline-custom&#8220; btn_outline_custom_color=&#8220;#201f72&#8243; btn_outline_custom_hover_background=&#8220;#ff5500&#8243; btn_outline_custom_hover_text=&#8220;#ffffff&#8220; btn_align=&#8220;center&#8220; btn_i_icon_fontawesome=&#8220;fas fa-download&#8220; btn_button_block=&#8220;true&#8220; btn_add_icon=&#8220;true&#8220; btn_link=&#8220;url:%2Fwp-content%2Fuploads%2F2025%2F07%2FPrijslijst-ligplaatsen-JachthavenHindeloopen-03-2026.pdf|title:Preisliste%20Jachthafen%20Hindeloopen%20|target:%20_blank|&#8220;]Laden Sie hier die Preisliste f\u00fcr Liegepl\u00e4tze herunter[\/vc_cta][\/vc_column][vc_column width=&#8220;1\/2&#8243;][vc_cta h2=&#8220;&#8220; h4=&#8220;Liegeplatz Jachthafen Hindeloopen&#8220; txt_align=&#8220;center&#8220; add_button=&#8220;bottom&#8220; btn_title=&#8220;Reservieren&#8220; btn_style=&#8220;outline-custom&#8220; btn_outline_custom_color=&#8220;#201f72&#8243; btn_outline_custom_hover_background=&#8220;#ff5500&#8243; btn_outline_custom_hover_text=&#8220;#ffffff&#8220; btn_align=&#8220;center&#8220; btn_i_icon_fontawesome=&#8220;fas fa-download&#8220; btn_button_block=&#8220;true&#8220; btn_add_icon=&#8220;true&#8220; btn_link=&#8220;url:%2Fde%2Fkontaktformular-liegeplatz%2F|||&#8220;]Reservieren Sie hier Ihren Liegeplatz[\/vc_cta][\/vc_column][\/vc_row]\n<\/div>","protected":false},"excerpt":{"rendered":"<p>[vc_row][vc_column][vc_column_text] Ihr Liegeplatz liegt direkt am IJsselmeer Unser gem\u00fctlicher und vielseitiger Jachthafen liegt in ausgezeichneter Lage direkt am IJsselmeer und in unmittelbarer N\u00e4he des gleichnamigen St\u00e4dtchens Hindeloopen mit seinen malerischen H\u00e4usern.[\/vc_column_text][\/vc_column][\/vc_row][vc_row css=&#8220;.vc_custom_1519913668189{background-color: #ebeef3 !important;}&#8220;][vc_column][vc_custom_heading text=&#8220;In unserem Jachthafen k\u00f6nnen Sie aus verschiedenen Liegeplatzvereinbarungen ausw\u00e4hlen:&#8220; font_container=&#8220;tag:h3|text_align:left&#8220; google_fonts=&#8220;font_family:Oswald%3A300%2Cregular%2C700|font_style:400%20regular%3A400%3Anormal&#8220;][vc_row_inner][vc_column_inner width=&#8220;1\/2&#8243;][vc_column_text] Art Zeitraum Jahresliegeplatz vom 1. April bis 1. April Winterliegeplatz vom 1. November bis [&hellip;]<\/p>\n","protected":false},"author":1,"featured_media":0,"parent":7523,"menu_order":0,"comment_status":"closed","ping_status":"closed","template":"page-templates\/page-left.php","meta":{"footnotes":""},"class_list":["post-7524","page","type-page","status-publish","hentry"],"yoast_head":"<!-- This site is optimized with the Yoast SEO plugin v27.5 - https:\/\/yoast.com\/product\/yoast-seo-wordpress\/ -->\n<title>Liegeplatz - Jachthaven Hindeloopen<\/title>\n<meta name=\"description\" content=\"Jachthafen Hindeloopen, direkt am IJsselmeer und in der N\u00e4he von Hindeloopen Ihr Liegeplatz liegt direkt am IJsselmeer.\" \/>\n<meta name=\"robots\" content=\"index, follow, max-snippet:-1, max-image-preview:large, max-video-preview:-1\" \/>\n<link rel=\"canonical\" href=\"https:\/\/www.jachthavenhindeloopen.nl\/de\/yachthafen\/liegeplatz\/\" \/>\n<meta property=\"og:locale\" content=\"de_DE\" \/>\n<meta property=\"og:type\" content=\"article\" \/>\n<meta property=\"og:title\" content=\"Liegeplatz - Jachthaven Hindeloopen\" \/>\n<meta property=\"og:description\" content=\"Jachthafen Hindeloopen, direkt am IJsselmeer und in der N\u00e4he von Hindeloopen Ihr Liegeplatz liegt direkt am IJsselmeer.\" \/>\n<meta property=\"og:url\" content=\"https:\/\/www.jachthavenhindeloopen.nl\/de\/yachthafen\/liegeplatz\/\" \/>\n<meta property=\"og:site_name\" content=\"Jachthaven Hindeloopen\" \/>\n<meta property=\"article:publisher\" content=\"https:\/\/www.facebook.com\/jachthaven.hindeloopen\" \/>\n<meta property=\"article:modified_time\" content=\"2021-01-12T12:38:34+00:00\" \/>\n<meta name=\"twitter:card\" content=\"summary_large_image\" \/>\n<meta name=\"twitter:label1\" content=\"Gesch\u00e4tzte Lesezeit\" \/>\n\t<meta name=\"twitter:data1\" content=\"1\u00a0Minute\" \/>\n<script type=\"application\/ld+json\" class=\"yoast-schema-graph\">{\"@context\":\"https:\\\/\\\/schema.org\",\"@graph\":[{\"@type\":\"WebPage\",\"@id\":\"https:\\\/\\\/www.jachthavenhindeloopen.nl\\\/de\\\/yachthafen\\\/liegeplatz\\\/\",\"url\":\"https:\\\/\\\/www.jachthavenhindeloopen.nl\\\/de\\\/yachthafen\\\/liegeplatz\\\/\",\"name\":\"Liegeplatz - Jachthaven Hindeloopen\",\"isPartOf\":{\"@id\":\"https:\\\/\\\/www.jachthavenhindeloopen.nl\\\/de\\\/#website\"},\"datePublished\":\"2018-04-25T09:29:34+00:00\",\"dateModified\":\"2021-01-12T12:38:34+00:00\",\"description\":\"Jachthafen Hindeloopen, direkt am IJsselmeer und in der N\u00e4he von Hindeloopen Ihr Liegeplatz liegt direkt am IJsselmeer.\",\"breadcrumb\":{\"@id\":\"https:\\\/\\\/www.jachthavenhindeloopen.nl\\\/de\\\/yachthafen\\\/liegeplatz\\\/#breadcrumb\"},\"inLanguage\":\"de\",\"potentialAction\":[{\"@type\":\"ReadAction\",\"target\":[\"https:\\\/\\\/www.jachthavenhindeloopen.nl\\\/de\\\/yachthafen\\\/liegeplatz\\\/\"]}]},{\"@type\":\"BreadcrumbList\",\"@id\":\"https:\\\/\\\/www.jachthavenhindeloopen.nl\\\/de\\\/yachthafen\\\/liegeplatz\\\/#breadcrumb\",\"itemListElement\":[{\"@type\":\"ListItem\",\"position\":1,\"name\":\"Home\",\"item\":\"https:\\\/\\\/www.jachthavenhindeloopen.nl\\\/de\\\/\"},{\"@type\":\"ListItem\",\"position\":2,\"name\":\"Yachthafen\",\"item\":\"https:\\\/\\\/www.jachthavenhindeloopen.nl\\\/de\\\/yachthafen\\\/\"},{\"@type\":\"ListItem\",\"position\":3,\"name\":\"Liegeplatz\"}]},{\"@type\":\"WebSite\",\"@id\":\"https:\\\/\\\/www.jachthavenhindeloopen.nl\\\/de\\\/#website\",\"url\":\"https:\\\/\\\/www.jachthavenhindeloopen.nl\\\/de\\\/\",\"name\":\"Jachthaven Hindeloopen\",\"description\":\"De veelzijdige kwaliteitshaven in Friesland aan het IJsselmeer\",\"publisher\":{\"@id\":\"https:\\\/\\\/www.jachthavenhindeloopen.nl\\\/de\\\/#organization\"},\"potentialAction\":[{\"@type\":\"SearchAction\",\"target\":{\"@type\":\"EntryPoint\",\"urlTemplate\":\"https:\\\/\\\/www.jachthavenhindeloopen.nl\\\/de\\\/?s={search_term_string}\"},\"query-input\":{\"@type\":\"PropertyValueSpecification\",\"valueRequired\":true,\"valueName\":\"search_term_string\"}}],\"inLanguage\":\"de\"},{\"@type\":\"Organization\",\"@id\":\"https:\\\/\\\/www.jachthavenhindeloopen.nl\\\/de\\\/#organization\",\"name\":\"Jachthaven Hindeloopen\",\"url\":\"https:\\\/\\\/www.jachthavenhindeloopen.nl\\\/de\\\/\",\"logo\":{\"@type\":\"ImageObject\",\"inLanguage\":\"de\",\"@id\":\"https:\\\/\\\/www.jachthavenhindeloopen.nl\\\/de\\\/#\\\/schema\\\/logo\\\/image\\\/\",\"url\":\"https:\\\/\\\/www.jachthavenhindeloopen.nl\\\/wp-content\\\/uploads\\\/2020\\\/03\\\/logo-jachthaven-hindeloopen-1.png\",\"contentUrl\":\"https:\\\/\\\/www.jachthavenhindeloopen.nl\\\/wp-content\\\/uploads\\\/2020\\\/03\\\/logo-jachthaven-hindeloopen-1.png\",\"width\":350,\"height\":50,\"caption\":\"Jachthaven Hindeloopen\"},\"image\":{\"@id\":\"https:\\\/\\\/www.jachthavenhindeloopen.nl\\\/de\\\/#\\\/schema\\\/logo\\\/image\\\/\"},\"sameAs\":[\"https:\\\/\\\/www.facebook.com\\\/jachthaven.hindeloopen\",\"https:\\\/\\\/www.instagram.com\\\/jachthavenhindeloopen\\\/\"]}]}<\/script>\n<!-- \/ Yoast SEO plugin. -->","yoast_head_json":{"title":"Liegeplatz - Jachthaven Hindeloopen","description":"Jachthafen Hindeloopen, direkt am IJsselmeer und in der N\u00e4he von Hindeloopen Ihr Liegeplatz liegt direkt am IJsselmeer.","robots":{"index":"index","follow":"follow","max-snippet":"max-snippet:-1","max-image-preview":"max-image-preview:large","max-video-preview":"max-video-preview:-1"},"canonical":"https:\/\/www.jachthavenhindeloopen.nl\/de\/yachthafen\/liegeplatz\/","og_locale":"de_DE","og_type":"article","og_title":"Liegeplatz - Jachthaven Hindeloopen","og_description":"Jachthafen Hindeloopen, direkt am IJsselmeer und in der N\u00e4he von Hindeloopen Ihr Liegeplatz liegt direkt am IJsselmeer.","og_url":"https:\/\/www.jachthavenhindeloopen.nl\/de\/yachthafen\/liegeplatz\/","og_site_name":"Jachthaven Hindeloopen","article_publisher":"https:\/\/www.facebook.com\/jachthaven.hindeloopen","article_modified_time":"2021-01-12T12:38:34+00:00","twitter_card":"summary_large_image","twitter_misc":{"Gesch\u00e4tzte Lesezeit":"1\u00a0Minute"},"schema":{"@context":"https:\/\/schema.org","@graph":[{"@type":"WebPage","@id":"https:\/\/www.jachthavenhindeloopen.nl\/de\/yachthafen\/liegeplatz\/","url":"https:\/\/www.jachthavenhindeloopen.nl\/de\/yachthafen\/liegeplatz\/","name":"Liegeplatz - Jachthaven Hindeloopen","isPartOf":{"@id":"https:\/\/www.jachthavenhindeloopen.nl\/de\/#website"},"datePublished":"2018-04-25T09:29:34+00:00","dateModified":"2021-01-12T12:38:34+00:00","description":"Jachthafen Hindeloopen, direkt am IJsselmeer und in der N\u00e4he von Hindeloopen Ihr Liegeplatz liegt direkt am IJsselmeer.","breadcrumb":{"@id":"https:\/\/www.jachthavenhindeloopen.nl\/de\/yachthafen\/liegeplatz\/#breadcrumb"},"inLanguage":"de","potentialAction":[{"@type":"ReadAction","target":["https:\/\/www.jachthavenhindeloopen.nl\/de\/yachthafen\/liegeplatz\/"]}]},{"@type":"BreadcrumbList","@id":"https:\/\/www.jachthavenhindeloopen.nl\/de\/yachthafen\/liegeplatz\/#breadcrumb","itemListElement":[{"@type":"ListItem","position":1,"name":"Home","item":"https:\/\/www.jachthavenhindeloopen.nl\/de\/"},{"@type":"ListItem","position":2,"name":"Yachthafen","item":"https:\/\/www.jachthavenhindeloopen.nl\/de\/yachthafen\/"},{"@type":"ListItem","position":3,"name":"Liegeplatz"}]},{"@type":"WebSite","@id":"https:\/\/www.jachthavenhindeloopen.nl\/de\/#website","url":"https:\/\/www.jachthavenhindeloopen.nl\/de\/","name":"Jachthaven Hindeloopen","description":"De veelzijdige kwaliteitshaven in Friesland aan het IJsselmeer","publisher":{"@id":"https:\/\/www.jachthavenhindeloopen.nl\/de\/#organization"},"potentialAction":[{"@type":"SearchAction","target":{"@type":"EntryPoint","urlTemplate":"https:\/\/www.jachthavenhindeloopen.nl\/de\/?s={search_term_string}"},"query-input":{"@type":"PropertyValueSpecification","valueRequired":true,"valueName":"search_term_string"}}],"inLanguage":"de"},{"@type":"Organization","@id":"https:\/\/www.jachthavenhindeloopen.nl\/de\/#organization","name":"Jachthaven Hindeloopen","url":"https:\/\/www.jachthavenhindeloopen.nl\/de\/","logo":{"@type":"ImageObject","inLanguage":"de","@id":"https:\/\/www.jachthavenhindeloopen.nl\/de\/#\/schema\/logo\/image\/","url":"https:\/\/www.jachthavenhindeloopen.nl\/wp-content\/uploads\/2020\/03\/logo-jachthaven-hindeloopen-1.png","contentUrl":"https:\/\/www.jachthavenhindeloopen.nl\/wp-content\/uploads\/2020\/03\/logo-jachthaven-hindeloopen-1.png","width":350,"height":50,"caption":"Jachthaven Hindeloopen"},"image":{"@id":"https:\/\/www.jachthavenhindeloopen.nl\/de\/#\/schema\/logo\/image\/"},"sameAs":["https:\/\/www.facebook.com\/jachthaven.hindeloopen","https:\/\/www.instagram.com\/jachthavenhindeloopen\/"]}]}},"_links":{"self":[{"href":"https:\/\/www.jachthavenhindeloopen.nl\/de\/wp-json\/wp\/v2\/pages\/7524","targetHints":{"allow":["GET"]}}],"collection":[{"href":"https:\/\/www.jachthavenhindeloopen.nl\/de\/wp-json\/wp\/v2\/pages"}],"about":[{"href":"https:\/\/www.jachthavenhindeloopen.nl\/de\/wp-json\/wp\/v2\/types\/page"}],"author":[{"embeddable":true,"href":"https:\/\/www.jachthavenhindeloopen.nl\/de\/wp-json\/wp\/v2\/users\/1"}],"replies":[{"embeddable":true,"href":"https:\/\/www.jachthavenhindeloopen.nl\/de\/wp-json\/wp\/v2\/comments?post=7524"}],"version-history":[{"count":5,"href":"https:\/\/www.jachthavenhindeloopen.nl\/de\/wp-json\/wp\/v2\/pages\/7524\/revisions"}],"predecessor-version":[{"id":8853,"href":"https:\/\/www.jachthavenhindeloopen.nl\/de\/wp-json\/wp\/v2\/pages\/7524\/revisions\/8853"}],"up":[{"embeddable":true,"href":"https:\/\/www.jachthavenhindeloopen.nl\/de\/wp-json\/wp\/v2\/pages\/7523"}],"wp:attachment":[{"href":"https:\/\/www.jachthavenhindeloopen.nl\/de\/wp-json\/wp\/v2\/media?parent=7524"}],"curies":[{"name":"wp","href":"https:\/\/api.w.org\/{rel}","templated":true}]}}