{"id":7526,"date":"2018-04-25T12:06:10","date_gmt":"2018-04-25T11:06:10","guid":{"rendered":"http:\/\/www.jachthavenhindeloopen.nl\/jachthafen\/winterlagerung\/"},"modified":"2025-07-02T12:12:22","modified_gmt":"2025-07-02T12:12:22","slug":"winterlagerung","status":"publish","type":"page","link":"https:\/\/www.jachthavenhindeloopen.nl\/de\/yachthafen\/winterlagerung\/","title":{"rendered":"Winterlagerung"},"content":{"rendered":"<div class=\"wpb-content-wrapper\">[vc_row][vc_column][vc_column_text]\n<h2>Winterlagerung beim Jachthafen Hindeloopen<\/h2>\n<p>M\u00f6chten Sie die Wintersaison unbeschwert beginnen und Ihr Boot dabei in guten H\u00e4nden wissen? Lassen Sie Ihr Boot in einer unserer beheizten oder isolierten Hallen sicher \u00fcberwintern.\u00a0 Auch eine Winterlagerung im Wasser ist bei uns m\u00f6glich. Dies ist f\u00fcr Dauerlieger im Preis inbegriffen.<\/p>\n<p>Der Jachthafen Hindeloopen bietet insgesamt 7.200 m\u00b2 \u00fcberdachten Platz zur Winterlagerung mit Isolierung. Drei der Lagerhallen sind beheizt. Au\u00dferdem verf\u00fcgen wir \u00fcber ca. 5.500 m\u00b2 an Stellfl\u00e4chen auf dem Hafengel\u00e4nde. Mithilfe eines Schiffshebekrans mit einer Hebekapazit\u00e4t bis zu 60 Tonnen und Transportm\u00f6glichkeiten bis zu 70 Tonnen k\u00f6nnen wir auch gr\u00f6\u00dfere Schiffe m\u00fchelos zu ihrem Bestimmungsort transportieren.[\/vc_column_text][\/vc_column][\/vc_row][vc_row css=&#8220;.vc_custom_1610367866794{padding-top: 10px !important;padding-right: 10px !important;padding-bottom: 10px !important;padding-left: 10px !important;background-color: #ebeef3 !important;border-radius: 10px !important;}&#8220;][vc_column width=&#8220;2\/3&#8243;][vc_column_text]\n<h3>Yachtservice &amp; Refit w\u00e4hrend der Winterlagerung<\/h3>\n<p>Eine Winterlagerung beim Jachthafen Hindeloopen bedeutet mehr, als ein Boot an Land zu lagern und im Fr\u00fchjahr wieder zu Wasser zu lassen. Im Winter nutzen wir gerne die Zeit f\u00fcr Wartungsarbeiten, damit Ihr Boot in der neuen Wassersportsaison wieder in einem einwandfreien Zustand ist. Wir legen sehr viel Wert auf Qualit\u00e4t. Die Monteure, die Ihr Boot warten, sind erfahrene Fachleute, die \u00fcber moderne Ausr\u00fcstung und Ger\u00e4te verf\u00fcgen. W\u00e4hrend das Boot, inkl. Motor und Sanit\u00e4ranlage, winterfertig gemacht wird, arbeiten unsere Mitarbeiter mit einer Checkliste. So wird Ihr Boot gut auf die kalte Jahreszeit vorbereitet und kann es im Fr\u00fchling wieder im perfekten Zustand zu Wasser gelassen werden.[\/vc_column_text][\/vc_column][vc_column width=&#8220;1\/3&#8243;][vc_single_image image=&#8220;8269&#8243; img_size=&#8220;full&#8220; css=&#8220;.vc_custom_1610367840230{padding-top: 15px !important;}&#8220;][\/vc_column][\/vc_row][vc_row css=&#8220;.vc_custom_1610368059237{margin-top: 40px !important;padding-top: 10px !important;padding-right: 10px !important;padding-bottom: 10px !important;padding-left: 10px !important;}&#8220;][vc_column width=&#8220;2\/3&#8243;][vc_column_text css=&#8220;.vc_custom_1519918546974{padding-bottom: 10px !important;}&#8220;]\n<h3>Kontrollen<\/h3>\n<p>Es ist sehr wichtig, dass Sie Ihre Rettungswesten, Rettungsinseln und Feuerl\u00f6scher regelm\u00e4\u00dfig \u00fcberpr\u00fcfen lassen. Im Schnitt ist dies alle drei Jahre notwendig. Wir erledigen das gerne f\u00fcr Sie! Daf\u00fcr arbeiten wir mit zertifizierten Pr\u00fcfstellen zusammen. So bekommen Sie garantiert eine fachgerechte Pr\u00fcfung Ihres Materials. Sie k\u00f6nnen die zu kontrollierenden Sicherheitsprodukte am Ende der Fahrsaison bei uns abgeben und wir k\u00fcmmern uns darum, dass Ihre Sicherheitsprodukte f\u00fcr die neue Saison gepr\u00fcft sind.[\/vc_column_text][\/vc_column][vc_column width=&#8220;1\/3&#8243;][vc_single_image image=&#8220;8275&#8243; img_size=&#8220;full&#8220; css=&#8220;.vc_custom_1610367850099{padding-top: 15px !important;}&#8220;][\/vc_column][\/vc_row][vc_row css=&#8220;.vc_custom_1454427140848{margin-top: 80px !important;padding-top: 10px !important;padding-right: 10px !important;padding-bottom: 10px !important;padding-left: 10px !important;}&#8220;][vc_column width=&#8220;1\/2&#8243; css=&#8220;.vc_custom_1446027030326{padding-top: 30px !important;padding-bottom: 30px !important;}&#8220;][vc_cta h2=&#8220;&#8220; h4=&#8220;Preisliste Winterlagerung&#8220; txt_align=&#8220;center&#8220; add_button=&#8220;bottom&#8220; btn_title=&#8220;Download Preisliste&#8220; btn_style=&#8220;outline-custom&#8220; btn_outline_custom_color=&#8220;#201f72&#8243; btn_outline_custom_hover_background=&#8220;#ff5500&#8243; btn_outline_custom_hover_text=&#8220;#ffffff&#8220; btn_align=&#8220;center&#8220; btn_i_icon_fontawesome=&#8220;fab fa-accessible-icon&#8220; btn_add_icon=&#8220;true&#8220; btn_link=&#8220;url:https%3A%2F%2Fwww.jachthavenhindeloopen.nl%2Fwp-content%2Fuploads%2F2025%2F07%2FA-Prijslijst-WB_JHH-2025-2026-DU.pdf|title:Preisliste%20Winterlagerung|target:_blank&#8220;]Laden Sie hier die Preisliste f\u00fcr die Winterlagerung herunter[\/vc_cta][\/vc_column][vc_column width=&#8220;1\/2&#8243; css=&#8220;.vc_custom_1446026964018{padding-top: 30px !important;padding-bottom: 30px !important;}&#8220;][vc_cta h2=&#8220;&#8220; h4=&#8220;Mietvertrag Winterlager&#8220; txt_align=&#8220;center&#8220; add_button=&#8220;bottom&#8220; btn_title=&#8220;Herunterladen&#8220; btn_style=&#8220;outline-custom&#8220; btn_outline_custom_color=&#8220;#201f72&#8243; btn_outline_custom_hover_background=&#8220;#ff5500&#8243; btn_outline_custom_hover_text=&#8220;#ffffff&#8220; btn_align=&#8220;center&#8220; btn_i_icon_fontawesome=&#8220;fa fa-cloud-download&#8220; css=&#8220;&#8220; btn_add_icon=&#8220;true&#8220; btn_link=&#8220;url:%2Fwp-content%2Fuploads%2F2021%2F01%2FC-Winterbergingsovereenkomst_JHH-DU-2021-2022-DEF.pdf|title:Winterlagervereinbarung|target:%20_blank|&#8220;]Download Mietvertrag Winterlager[\/vc_cta][\/vc_column][\/vc_row]\n<\/div>","protected":false},"excerpt":{"rendered":"<p>[vc_row][vc_column][vc_column_text] Winterlagerung beim Jachthafen Hindeloopen M\u00f6chten Sie die Wintersaison unbeschwert beginnen und Ihr Boot dabei in guten H\u00e4nden wissen? Lassen Sie Ihr Boot in einer unserer beheizten oder isolierten Hallen sicher \u00fcberwintern.\u00a0 Auch eine Winterlagerung im Wasser ist bei uns m\u00f6glich. Dies ist f\u00fcr Dauerlieger im Preis inbegriffen. Der Jachthafen Hindeloopen bietet insgesamt 7.200 m\u00b2 \u00fcberdachten Platz zur Winterlagerung mit [&hellip;]<\/p>\n","protected":false},"author":1,"featured_media":0,"parent":7523,"menu_order":0,"comment_status":"closed","ping_status":"closed","template":"page-templates\/page-left.php","meta":{"footnotes":""},"class_list":["post-7526","page","type-page","status-publish","hentry"],"yoast_head":"<!-- This site is optimized with the Yoast SEO plugin v27.4 - https:\/\/yoast.com\/product\/yoast-seo-wordpress\/ -->\n<title>Winterlagerung - Jachthaven Hindeloopen<\/title>\n<meta name=\"description\" content=\"Der Jachthafen Hindeloopen bietet insgesamt 7.200 m\u00b2 \u00fcberdachten Platz zur Winterlagerung mit Isolierung.\" \/>\n<meta name=\"robots\" content=\"index, follow, max-snippet:-1, max-image-preview:large, max-video-preview:-1\" \/>\n<link rel=\"canonical\" href=\"https:\/\/www.jachthavenhindeloopen.nl\/de\/yachthafen\/winterlagerung\/\" \/>\n<meta property=\"og:locale\" content=\"de_DE\" \/>\n<meta property=\"og:type\" content=\"article\" \/>\n<meta property=\"og:title\" content=\"Winterlagerung - Jachthaven Hindeloopen\" \/>\n<meta property=\"og:description\" content=\"Der Jachthafen Hindeloopen bietet insgesamt 7.200 m\u00b2 \u00fcberdachten Platz zur Winterlagerung mit Isolierung.\" \/>\n<meta property=\"og:url\" content=\"https:\/\/www.jachthavenhindeloopen.nl\/de\/yachthafen\/winterlagerung\/\" \/>\n<meta property=\"og:site_name\" content=\"Jachthaven Hindeloopen\" \/>\n<meta property=\"article:publisher\" content=\"https:\/\/www.facebook.com\/jachthaven.hindeloopen\" \/>\n<meta property=\"article:modified_time\" content=\"2025-07-02T12:12:22+00:00\" \/>\n<meta name=\"twitter:card\" content=\"summary_large_image\" \/>\n<meta name=\"twitter:label1\" content=\"Gesch\u00e4tzte Lesezeit\" \/>\n\t<meta name=\"twitter:data1\" content=\"2\u00a0Minuten\" \/>\n<script type=\"application\/ld+json\" class=\"yoast-schema-graph\">{\"@context\":\"https:\\\/\\\/schema.org\",\"@graph\":[{\"@type\":\"WebPage\",\"@id\":\"https:\\\/\\\/www.jachthavenhindeloopen.nl\\\/de\\\/yachthafen\\\/winterlagerung\\\/\",\"url\":\"https:\\\/\\\/www.jachthavenhindeloopen.nl\\\/de\\\/yachthafen\\\/winterlagerung\\\/\",\"name\":\"Winterlagerung - Jachthaven Hindeloopen\",\"isPartOf\":{\"@id\":\"https:\\\/\\\/www.jachthavenhindeloopen.nl\\\/de\\\/#website\"},\"datePublished\":\"2018-04-25T11:06:10+00:00\",\"dateModified\":\"2025-07-02T12:12:22+00:00\",\"description\":\"Der Jachthafen Hindeloopen bietet insgesamt 7.200 m\u00b2 \u00fcberdachten Platz zur Winterlagerung mit Isolierung.\",\"breadcrumb\":{\"@id\":\"https:\\\/\\\/www.jachthavenhindeloopen.nl\\\/de\\\/yachthafen\\\/winterlagerung\\\/#breadcrumb\"},\"inLanguage\":\"de\",\"potentialAction\":[{\"@type\":\"ReadAction\",\"target\":[\"https:\\\/\\\/www.jachthavenhindeloopen.nl\\\/de\\\/yachthafen\\\/winterlagerung\\\/\"]}]},{\"@type\":\"BreadcrumbList\",\"@id\":\"https:\\\/\\\/www.jachthavenhindeloopen.nl\\\/de\\\/yachthafen\\\/winterlagerung\\\/#breadcrumb\",\"itemListElement\":[{\"@type\":\"ListItem\",\"position\":1,\"name\":\"Home\",\"item\":\"https:\\\/\\\/www.jachthavenhindeloopen.nl\\\/de\\\/\"},{\"@type\":\"ListItem\",\"position\":2,\"name\":\"Yachthafen\",\"item\":\"https:\\\/\\\/www.jachthavenhindeloopen.nl\\\/de\\\/yachthafen\\\/\"},{\"@type\":\"ListItem\",\"position\":3,\"name\":\"Winterlagerung\"}]},{\"@type\":\"WebSite\",\"@id\":\"https:\\\/\\\/www.jachthavenhindeloopen.nl\\\/de\\\/#website\",\"url\":\"https:\\\/\\\/www.jachthavenhindeloopen.nl\\\/de\\\/\",\"name\":\"Jachthaven Hindeloopen\",\"description\":\"De veelzijdige kwaliteitshaven in Friesland aan het IJsselmeer\",\"publisher\":{\"@id\":\"https:\\\/\\\/www.jachthavenhindeloopen.nl\\\/de\\\/#organization\"},\"potentialAction\":[{\"@type\":\"SearchAction\",\"target\":{\"@type\":\"EntryPoint\",\"urlTemplate\":\"https:\\\/\\\/www.jachthavenhindeloopen.nl\\\/de\\\/?s={search_term_string}\"},\"query-input\":{\"@type\":\"PropertyValueSpecification\",\"valueRequired\":true,\"valueName\":\"search_term_string\"}}],\"inLanguage\":\"de\"},{\"@type\":\"Organization\",\"@id\":\"https:\\\/\\\/www.jachthavenhindeloopen.nl\\\/de\\\/#organization\",\"name\":\"Jachthaven Hindeloopen\",\"url\":\"https:\\\/\\\/www.jachthavenhindeloopen.nl\\\/de\\\/\",\"logo\":{\"@type\":\"ImageObject\",\"inLanguage\":\"de\",\"@id\":\"https:\\\/\\\/www.jachthavenhindeloopen.nl\\\/de\\\/#\\\/schema\\\/logo\\\/image\\\/\",\"url\":\"https:\\\/\\\/www.jachthavenhindeloopen.nl\\\/wp-content\\\/uploads\\\/2020\\\/03\\\/logo-jachthaven-hindeloopen-1.png\",\"contentUrl\":\"https:\\\/\\\/www.jachthavenhindeloopen.nl\\\/wp-content\\\/uploads\\\/2020\\\/03\\\/logo-jachthaven-hindeloopen-1.png\",\"width\":350,\"height\":50,\"caption\":\"Jachthaven Hindeloopen\"},\"image\":{\"@id\":\"https:\\\/\\\/www.jachthavenhindeloopen.nl\\\/de\\\/#\\\/schema\\\/logo\\\/image\\\/\"},\"sameAs\":[\"https:\\\/\\\/www.facebook.com\\\/jachthaven.hindeloopen\",\"https:\\\/\\\/www.instagram.com\\\/jachthavenhindeloopen\\\/\"]}]}<\/script>\n<!-- \/ Yoast SEO plugin. -->","yoast_head_json":{"title":"Winterlagerung - Jachthaven Hindeloopen","description":"Der Jachthafen Hindeloopen bietet insgesamt 7.200 m\u00b2 \u00fcberdachten Platz zur Winterlagerung mit Isolierung.","robots":{"index":"index","follow":"follow","max-snippet":"max-snippet:-1","max-image-preview":"max-image-preview:large","max-video-preview":"max-video-preview:-1"},"canonical":"https:\/\/www.jachthavenhindeloopen.nl\/de\/yachthafen\/winterlagerung\/","og_locale":"de_DE","og_type":"article","og_title":"Winterlagerung - Jachthaven Hindeloopen","og_description":"Der Jachthafen Hindeloopen bietet insgesamt 7.200 m\u00b2 \u00fcberdachten Platz zur Winterlagerung mit Isolierung.","og_url":"https:\/\/www.jachthavenhindeloopen.nl\/de\/yachthafen\/winterlagerung\/","og_site_name":"Jachthaven Hindeloopen","article_publisher":"https:\/\/www.facebook.com\/jachthaven.hindeloopen","article_modified_time":"2025-07-02T12:12:22+00:00","twitter_card":"summary_large_image","twitter_misc":{"Gesch\u00e4tzte Lesezeit":"2\u00a0Minuten"},"schema":{"@context":"https:\/\/schema.org","@graph":[{"@type":"WebPage","@id":"https:\/\/www.jachthavenhindeloopen.nl\/de\/yachthafen\/winterlagerung\/","url":"https:\/\/www.jachthavenhindeloopen.nl\/de\/yachthafen\/winterlagerung\/","name":"Winterlagerung - Jachthaven Hindeloopen","isPartOf":{"@id":"https:\/\/www.jachthavenhindeloopen.nl\/de\/#website"},"datePublished":"2018-04-25T11:06:10+00:00","dateModified":"2025-07-02T12:12:22+00:00","description":"Der Jachthafen Hindeloopen bietet insgesamt 7.200 m\u00b2 \u00fcberdachten Platz zur Winterlagerung mit Isolierung.","breadcrumb":{"@id":"https:\/\/www.jachthavenhindeloopen.nl\/de\/yachthafen\/winterlagerung\/#breadcrumb"},"inLanguage":"de","potentialAction":[{"@type":"ReadAction","target":["https:\/\/www.jachthavenhindeloopen.nl\/de\/yachthafen\/winterlagerung\/"]}]},{"@type":"BreadcrumbList","@id":"https:\/\/www.jachthavenhindeloopen.nl\/de\/yachthafen\/winterlagerung\/#breadcrumb","itemListElement":[{"@type":"ListItem","position":1,"name":"Home","item":"https:\/\/www.jachthavenhindeloopen.nl\/de\/"},{"@type":"ListItem","position":2,"name":"Yachthafen","item":"https:\/\/www.jachthavenhindeloopen.nl\/de\/yachthafen\/"},{"@type":"ListItem","position":3,"name":"Winterlagerung"}]},{"@type":"WebSite","@id":"https:\/\/www.jachthavenhindeloopen.nl\/de\/#website","url":"https:\/\/www.jachthavenhindeloopen.nl\/de\/","name":"Jachthaven Hindeloopen","description":"De veelzijdige kwaliteitshaven in Friesland aan het IJsselmeer","publisher":{"@id":"https:\/\/www.jachthavenhindeloopen.nl\/de\/#organization"},"potentialAction":[{"@type":"SearchAction","target":{"@type":"EntryPoint","urlTemplate":"https:\/\/www.jachthavenhindeloopen.nl\/de\/?s={search_term_string}"},"query-input":{"@type":"PropertyValueSpecification","valueRequired":true,"valueName":"search_term_string"}}],"inLanguage":"de"},{"@type":"Organization","@id":"https:\/\/www.jachthavenhindeloopen.nl\/de\/#organization","name":"Jachthaven Hindeloopen","url":"https:\/\/www.jachthavenhindeloopen.nl\/de\/","logo":{"@type":"ImageObject","inLanguage":"de","@id":"https:\/\/www.jachthavenhindeloopen.nl\/de\/#\/schema\/logo\/image\/","url":"https:\/\/www.jachthavenhindeloopen.nl\/wp-content\/uploads\/2020\/03\/logo-jachthaven-hindeloopen-1.png","contentUrl":"https:\/\/www.jachthavenhindeloopen.nl\/wp-content\/uploads\/2020\/03\/logo-jachthaven-hindeloopen-1.png","width":350,"height":50,"caption":"Jachthaven Hindeloopen"},"image":{"@id":"https:\/\/www.jachthavenhindeloopen.nl\/de\/#\/schema\/logo\/image\/"},"sameAs":["https:\/\/www.facebook.com\/jachthaven.hindeloopen","https:\/\/www.instagram.com\/jachthavenhindeloopen\/"]}]}},"_links":{"self":[{"href":"https:\/\/www.jachthavenhindeloopen.nl\/de\/wp-json\/wp\/v2\/pages\/7526","targetHints":{"allow":["GET"]}}],"collection":[{"href":"https:\/\/www.jachthavenhindeloopen.nl\/de\/wp-json\/wp\/v2\/pages"}],"about":[{"href":"https:\/\/www.jachthavenhindeloopen.nl\/de\/wp-json\/wp\/v2\/types\/page"}],"author":[{"embeddable":true,"href":"https:\/\/www.jachthavenhindeloopen.nl\/de\/wp-json\/wp\/v2\/users\/1"}],"replies":[{"embeddable":true,"href":"https:\/\/www.jachthavenhindeloopen.nl\/de\/wp-json\/wp\/v2\/comments?post=7526"}],"version-history":[{"count":7,"href":"https:\/\/www.jachthavenhindeloopen.nl\/de\/wp-json\/wp\/v2\/pages\/7526\/revisions"}],"predecessor-version":[{"id":36131,"href":"https:\/\/www.jachthavenhindeloopen.nl\/de\/wp-json\/wp\/v2\/pages\/7526\/revisions\/36131"}],"up":[{"embeddable":true,"href":"https:\/\/www.jachthavenhindeloopen.nl\/de\/wp-json\/wp\/v2\/pages\/7523"}],"wp:attachment":[{"href":"https:\/\/www.jachthavenhindeloopen.nl\/de\/wp-json\/wp\/v2\/media?parent=7526"}],"curies":[{"name":"wp","href":"https:\/\/api.w.org\/{rel}","templated":true}]}}