{"id":7529,"date":"2018-04-30T13:03:31","date_gmt":"2018-04-30T12:03:31","guid":{"rendered":"http:\/\/www.jachthavenhindeloopen.nl\/jachthafen\/tarife-jachthaven-hindeloopen\/"},"modified":"2025-07-02T12:11:56","modified_gmt":"2025-07-02T12:11:56","slug":"tarife-jachthafen-hindeloopen","status":"publish","type":"page","link":"https:\/\/www.jachthavenhindeloopen.nl\/de\/yachthafen\/tarife-jachthafen-hindeloopen\/","title":{"rendered":"Tarife"},"content":{"rendered":"<div class=\"wpb-content-wrapper\">[vc_row][vc_column][vc_column_text]\n<h2>Preise f\u00fcr Jachthafen Hindeloopen<\/h2>\n<p>Neben unseren aktuellen Preisen k\u00f6nnen Sie hier die Liegeplatzvereinbarung und die Winterlagervereinbarung herunterladen.[\/vc_column_text][\/vc_column][\/vc_row][vc_row css=&#8220;.vc_custom_1610022025844{padding-top: 10px !important;padding-right: 10px !important;padding-bottom: 10px !important;padding-left: 10px !important;background-color: #ebeef3 !important;border-radius: 10px !important;}&#8220;][vc_column][vc_column_text]\n<h3 style=\"text-align: left;\">Preise f\u00fcr einen Liegeplatz<\/h3>\n<table class=\"table table-responsive\">\n<tbody>\n<tr>\n<td class=\"text-left\">Preisliste<\/td>\n<td class=\"text-left\"><a href=\"\/wp-content\/uploads\/2025\/07\/Prijslijst-ligplaatsen-JachthavenHindeloopen-03-2026.pdf\" target=\"_blank\" rel=\"noopener\"><strong>PDF herunterladen<\/strong><\/a><\/td>\n<\/tr>\n<tr>\n<td class=\"text-left\">Preisliste SkipsMaritiem Yachth\u00e4fen<\/td>\n<td class=\"text-left\"><a href=\"\/wp-content\/uploads\/2025\/07\/Prijslijst_ligplaatsen_SkipsMaritiem_2026_april.pdf\" target=\"_blank\" rel=\"noopener\"><strong>PDF herunterladen<\/strong><\/a><\/td>\n<\/tr>\n<tr>\n<td class=\"text-left\">Liegeplatzvereinbarung<\/td>\n<td class=\"text-left\"><a href=\"https:\/\/www.jachthavenhindeloopen.nl\/wp-content\/uploads\/2022\/09\/Ligplaatsovereenkomst-DU_2022.pdf\" target=\"_blank\" rel=\"noopener\"><strong>PDF herunterladen<\/strong><\/a><\/td>\n<\/tr>\n<\/tbody>\n<\/table>\n[\/vc_column_text][\/vc_column][\/vc_row][vc_row css=&#8220;.vc_custom_1610022160088{margin-top: 60px !important;padding-top: 10px !important;padding-right: 10px !important;padding-bottom: 10px !important;padding-left: 10px !important;background-color: #ebeef3 !important;border-radius: 10px !important;}&#8220;][vc_column][vc_column_text css=&#8220;&#8220;]\n<h3 style=\"text-align: left;\">Preise f\u00fcr eine Winterlagerung<\/h3>\n<table class=\"table table-responsive\">\n<tbody>\n<tr>\n<td class=\"text-left\">Preisliste<\/td>\n<td class=\"text-left\"><a href=\"https:\/\/www.jachthavenhindeloopen.nl\/wp-content\/uploads\/2025\/07\/A-Prijslijst-WB_JHH-2025-2026-DU-1.pdf\" target=\"_blank\" rel=\"noopener\"><strong>PDF herunterladen<\/strong><\/a><\/td>\n<\/tr>\n<tr>\n<td class=\"text-left\">Mietvertrag Winterlager<\/td>\n<td class=\"text-left\"><a href=\"\/wp-content\/uploads\/2021\/01\/C-Winterbergingsovereenkomst_JHH-DU-2021-2022-DEF.pdf\" target=\"_blank\" rel=\"noopener\"><strong>PDF herunterladen<\/strong><\/a><\/td>\n<\/tr>\n<\/tbody>\n<\/table>\n[\/vc_column_text][\/vc_column][\/vc_row][vc_row css=&#8220;.vc_custom_1446035548470{margin-top: 60px !important;padding-top: 0px !important;padding-right: 0px !important;padding-bottom: 0px !important;padding-left: 0px !important;}&#8220;][vc_column width=&#8220;2\/3&#8243; css=&#8220;.vc_custom_1446035501897{padding-top: 10px !important;padding-bottom: 30px !important;}&#8220;][vc_column_text]\n<h3>Kontakt<\/h3>\n<p>M\u00f6chten Sie wissen, welche Boxennummern verf\u00fcgbar sind oder erhalten Sie gerne weitere Informationen? Kontaktieren Sie uns. Wir beantworten gerne Ihre Fragen. Sie k\u00f6nnen auch jederzeit das <a href=\"http:\/\/www.jachthavenhindeloopen.nl\/de\/kontaktformular-liegeplatz\/\" target=\"_blank\" rel=\"noopener noreferrer\">Antragsformular<\/a> ausf\u00fcllen oder eine E-Mail an\u00a0<a href=\"mailto:info@jachthavenhindeloopen.nl\"><u>info@jachthavenhindeloopen.nl<\/u><\/a>.<\/p>\n<p>M\u00f6chten Sie einen Vertrag f\u00fcr einen Jahresliegeplatz oder f\u00fcr einen mehrj\u00e4hrigen Liegeplatz in unserem Jachthafen abschlie\u00dfen? Laden Sie dann\u00a0<a href=\"http:\/\/www.jachthavenhindeloopen.nl\/de\/kontaktformular-liegeplatz\/\" target=\"_blank\" rel=\"noopener noreferrer\">hier<\/a> das Anmeldeformular herunter und senden Sie uns das ausgef\u00fcllte Formular per E-Mail oder Post zu, zusammen mit einem (oder mehreren) aktuellen Foto(s) des Bootes.[\/vc_column_text][\/vc_column][vc_column width=&#8220;1\/3&#8243; css=&#8220;.vc_custom_1446035764451{margin-top: 40px !important;padding-top: 30px !important;padding-bottom: 30px !important;}&#8220;][vc_cta h2=&#8220;&#8220; h4=&#8220;Antragsformular&#8220; txt_align=&#8220;center&#8220; add_button=&#8220;bottom&#8220; btn_title=&#8220;Herunterladen&#8220; btn_style=&#8220;outline-custom&#8220; btn_outline_custom_color=&#8220;#201f72&#8243; btn_outline_custom_hover_background=&#8220;#ff5500&#8243; btn_outline_custom_hover_text=&#8220;#ffffff&#8220; btn_align=&#8220;center&#8220; btn_i_icon_fontawesome=&#8220;fa fa-cloud-download&#8220; btn_add_icon=&#8220;true&#8220; btn_link=&#8220;url:%2Fde%2Fkontaktformular-liegeplatz%2F|title:Winterlagervereinbarung|target:%20_blank|&#8220;]Laden Sie hier das Antragsformular herunter[\/vc_cta][\/vc_column][\/vc_row]\n<\/div>","protected":false},"excerpt":{"rendered":"<p>[vc_row][vc_column][vc_column_text] Preise f\u00fcr Jachthafen Hindeloopen Neben unseren aktuellen Preisen k\u00f6nnen Sie hier die Liegeplatzvereinbarung und die Winterlagervereinbarung herunterladen.[\/vc_column_text][\/vc_column][\/vc_row][vc_row css=&#8220;.vc_custom_1610022025844{padding-top: 10px !important;padding-right: 10px !important;padding-bottom: 10px !important;padding-left: 10px !important;background-color: #ebeef3 !important;border-radius: 10px !important;}&#8220;][vc_column][vc_column_text] Preise f\u00fcr einen Liegeplatz Preisliste PDF herunterladen Preisliste SkipsMaritiem Yachth\u00e4fen PDF herunterladen Liegeplatzvereinbarung PDF herunterladen [\/vc_column_text][\/vc_column][\/vc_row][vc_row css=&#8220;.vc_custom_1610022160088{margin-top: 60px !important;padding-top: 10px !important;padding-right: 10px !important;padding-bottom: 10px !important;padding-left: 10px !important;background-color: #ebeef3 !important;border-radius: [&hellip;]<\/p>\n","protected":false},"author":1,"featured_media":0,"parent":7523,"menu_order":0,"comment_status":"closed","ping_status":"closed","template":"page-templates\/page-left.php","meta":{"footnotes":""},"class_list":["post-7529","page","type-page","status-publish","hentry"],"yoast_head":"<!-- This site is optimized with the Yoast SEO plugin v27.6 - https:\/\/yoast.com\/product\/yoast-seo-wordpress\/ -->\n<title>Tarife - Jachthaven Hindeloopen<\/title>\n<meta name=\"description\" content=\"Neben unseren aktuellen Preisen k\u00f6nnen Sie hier die Liegeplatzvereinbarung und die Winterlagervereinbarung herunterladen.\" \/>\n<meta name=\"robots\" content=\"index, follow, max-snippet:-1, max-image-preview:large, max-video-preview:-1\" \/>\n<link rel=\"canonical\" href=\"https:\/\/www.jachthavenhindeloopen.nl\/de\/yachthafen\/tarife-jachthafen-hindeloopen\/\" \/>\n<meta property=\"og:locale\" content=\"de_DE\" \/>\n<meta property=\"og:type\" content=\"article\" \/>\n<meta property=\"og:title\" content=\"Tarife - Jachthaven Hindeloopen\" \/>\n<meta property=\"og:description\" content=\"Neben unseren aktuellen Preisen k\u00f6nnen Sie hier die Liegeplatzvereinbarung und die Winterlagervereinbarung herunterladen.\" \/>\n<meta property=\"og:url\" content=\"https:\/\/www.jachthavenhindeloopen.nl\/de\/yachthafen\/tarife-jachthafen-hindeloopen\/\" \/>\n<meta property=\"og:site_name\" content=\"Jachthaven Hindeloopen\" \/>\n<meta property=\"article:publisher\" content=\"https:\/\/www.facebook.com\/jachthaven.hindeloopen\" \/>\n<meta property=\"article:modified_time\" content=\"2025-07-02T12:11:56+00:00\" \/>\n<meta name=\"twitter:card\" content=\"summary_large_image\" \/>\n<meta name=\"twitter:label1\" content=\"Gesch\u00e4tzte Lesezeit\" \/>\n\t<meta name=\"twitter:data1\" content=\"1\u00a0Minute\" \/>\n<script type=\"application\/ld+json\" class=\"yoast-schema-graph\">{\"@context\":\"https:\\\/\\\/schema.org\",\"@graph\":[{\"@type\":\"WebPage\",\"@id\":\"https:\\\/\\\/www.jachthavenhindeloopen.nl\\\/de\\\/yachthafen\\\/tarife-jachthafen-hindeloopen\\\/\",\"url\":\"https:\\\/\\\/www.jachthavenhindeloopen.nl\\\/de\\\/yachthafen\\\/tarife-jachthafen-hindeloopen\\\/\",\"name\":\"Tarife - Jachthaven Hindeloopen\",\"isPartOf\":{\"@id\":\"https:\\\/\\\/www.jachthavenhindeloopen.nl\\\/de\\\/#website\"},\"datePublished\":\"2018-04-30T12:03:31+00:00\",\"dateModified\":\"2025-07-02T12:11:56+00:00\",\"description\":\"Neben unseren aktuellen Preisen k\u00f6nnen Sie hier die Liegeplatzvereinbarung und die Winterlagervereinbarung herunterladen.\",\"breadcrumb\":{\"@id\":\"https:\\\/\\\/www.jachthavenhindeloopen.nl\\\/de\\\/yachthafen\\\/tarife-jachthafen-hindeloopen\\\/#breadcrumb\"},\"inLanguage\":\"de\",\"potentialAction\":[{\"@type\":\"ReadAction\",\"target\":[\"https:\\\/\\\/www.jachthavenhindeloopen.nl\\\/de\\\/yachthafen\\\/tarife-jachthafen-hindeloopen\\\/\"]}]},{\"@type\":\"BreadcrumbList\",\"@id\":\"https:\\\/\\\/www.jachthavenhindeloopen.nl\\\/de\\\/yachthafen\\\/tarife-jachthafen-hindeloopen\\\/#breadcrumb\",\"itemListElement\":[{\"@type\":\"ListItem\",\"position\":1,\"name\":\"Home\",\"item\":\"https:\\\/\\\/www.jachthavenhindeloopen.nl\\\/de\\\/\"},{\"@type\":\"ListItem\",\"position\":2,\"name\":\"Yachthafen\",\"item\":\"https:\\\/\\\/www.jachthavenhindeloopen.nl\\\/de\\\/yachthafen\\\/\"},{\"@type\":\"ListItem\",\"position\":3,\"name\":\"Tarife\"}]},{\"@type\":\"WebSite\",\"@id\":\"https:\\\/\\\/www.jachthavenhindeloopen.nl\\\/de\\\/#website\",\"url\":\"https:\\\/\\\/www.jachthavenhindeloopen.nl\\\/de\\\/\",\"name\":\"Jachthaven Hindeloopen\",\"description\":\"De veelzijdige kwaliteitshaven in Friesland aan het IJsselmeer\",\"publisher\":{\"@id\":\"https:\\\/\\\/www.jachthavenhindeloopen.nl\\\/de\\\/#organization\"},\"potentialAction\":[{\"@type\":\"SearchAction\",\"target\":{\"@type\":\"EntryPoint\",\"urlTemplate\":\"https:\\\/\\\/www.jachthavenhindeloopen.nl\\\/de\\\/?s={search_term_string}\"},\"query-input\":{\"@type\":\"PropertyValueSpecification\",\"valueRequired\":true,\"valueName\":\"search_term_string\"}}],\"inLanguage\":\"de\"},{\"@type\":\"Organization\",\"@id\":\"https:\\\/\\\/www.jachthavenhindeloopen.nl\\\/de\\\/#organization\",\"name\":\"Jachthaven Hindeloopen\",\"url\":\"https:\\\/\\\/www.jachthavenhindeloopen.nl\\\/de\\\/\",\"logo\":{\"@type\":\"ImageObject\",\"inLanguage\":\"de\",\"@id\":\"https:\\\/\\\/www.jachthavenhindeloopen.nl\\\/de\\\/#\\\/schema\\\/logo\\\/image\\\/\",\"url\":\"https:\\\/\\\/www.jachthavenhindeloopen.nl\\\/wp-content\\\/uploads\\\/2020\\\/03\\\/logo-jachthaven-hindeloopen-1.png\",\"contentUrl\":\"https:\\\/\\\/www.jachthavenhindeloopen.nl\\\/wp-content\\\/uploads\\\/2020\\\/03\\\/logo-jachthaven-hindeloopen-1.png\",\"width\":350,\"height\":50,\"caption\":\"Jachthaven Hindeloopen\"},\"image\":{\"@id\":\"https:\\\/\\\/www.jachthavenhindeloopen.nl\\\/de\\\/#\\\/schema\\\/logo\\\/image\\\/\"},\"sameAs\":[\"https:\\\/\\\/www.facebook.com\\\/jachthaven.hindeloopen\",\"https:\\\/\\\/www.instagram.com\\\/jachthavenhindeloopen\\\/\"]}]}<\/script>\n<!-- \/ Yoast SEO plugin. -->","yoast_head_json":{"title":"Tarife - Jachthaven Hindeloopen","description":"Neben unseren aktuellen Preisen k\u00f6nnen Sie hier die Liegeplatzvereinbarung und die Winterlagervereinbarung herunterladen.","robots":{"index":"index","follow":"follow","max-snippet":"max-snippet:-1","max-image-preview":"max-image-preview:large","max-video-preview":"max-video-preview:-1"},"canonical":"https:\/\/www.jachthavenhindeloopen.nl\/de\/yachthafen\/tarife-jachthafen-hindeloopen\/","og_locale":"de_DE","og_type":"article","og_title":"Tarife - Jachthaven Hindeloopen","og_description":"Neben unseren aktuellen Preisen k\u00f6nnen Sie hier die Liegeplatzvereinbarung und die Winterlagervereinbarung herunterladen.","og_url":"https:\/\/www.jachthavenhindeloopen.nl\/de\/yachthafen\/tarife-jachthafen-hindeloopen\/","og_site_name":"Jachthaven Hindeloopen","article_publisher":"https:\/\/www.facebook.com\/jachthaven.hindeloopen","article_modified_time":"2025-07-02T12:11:56+00:00","twitter_card":"summary_large_image","twitter_misc":{"Gesch\u00e4tzte Lesezeit":"1\u00a0Minute"},"schema":{"@context":"https:\/\/schema.org","@graph":[{"@type":"WebPage","@id":"https:\/\/www.jachthavenhindeloopen.nl\/de\/yachthafen\/tarife-jachthafen-hindeloopen\/","url":"https:\/\/www.jachthavenhindeloopen.nl\/de\/yachthafen\/tarife-jachthafen-hindeloopen\/","name":"Tarife - Jachthaven Hindeloopen","isPartOf":{"@id":"https:\/\/www.jachthavenhindeloopen.nl\/de\/#website"},"datePublished":"2018-04-30T12:03:31+00:00","dateModified":"2025-07-02T12:11:56+00:00","description":"Neben unseren aktuellen Preisen k\u00f6nnen Sie hier die Liegeplatzvereinbarung und die Winterlagervereinbarung herunterladen.","breadcrumb":{"@id":"https:\/\/www.jachthavenhindeloopen.nl\/de\/yachthafen\/tarife-jachthafen-hindeloopen\/#breadcrumb"},"inLanguage":"de","potentialAction":[{"@type":"ReadAction","target":["https:\/\/www.jachthavenhindeloopen.nl\/de\/yachthafen\/tarife-jachthafen-hindeloopen\/"]}]},{"@type":"BreadcrumbList","@id":"https:\/\/www.jachthavenhindeloopen.nl\/de\/yachthafen\/tarife-jachthafen-hindeloopen\/#breadcrumb","itemListElement":[{"@type":"ListItem","position":1,"name":"Home","item":"https:\/\/www.jachthavenhindeloopen.nl\/de\/"},{"@type":"ListItem","position":2,"name":"Yachthafen","item":"https:\/\/www.jachthavenhindeloopen.nl\/de\/yachthafen\/"},{"@type":"ListItem","position":3,"name":"Tarife"}]},{"@type":"WebSite","@id":"https:\/\/www.jachthavenhindeloopen.nl\/de\/#website","url":"https:\/\/www.jachthavenhindeloopen.nl\/de\/","name":"Jachthaven Hindeloopen","description":"De veelzijdige kwaliteitshaven in Friesland aan het IJsselmeer","publisher":{"@id":"https:\/\/www.jachthavenhindeloopen.nl\/de\/#organization"},"potentialAction":[{"@type":"SearchAction","target":{"@type":"EntryPoint","urlTemplate":"https:\/\/www.jachthavenhindeloopen.nl\/de\/?s={search_term_string}"},"query-input":{"@type":"PropertyValueSpecification","valueRequired":true,"valueName":"search_term_string"}}],"inLanguage":"de"},{"@type":"Organization","@id":"https:\/\/www.jachthavenhindeloopen.nl\/de\/#organization","name":"Jachthaven Hindeloopen","url":"https:\/\/www.jachthavenhindeloopen.nl\/de\/","logo":{"@type":"ImageObject","inLanguage":"de","@id":"https:\/\/www.jachthavenhindeloopen.nl\/de\/#\/schema\/logo\/image\/","url":"https:\/\/www.jachthavenhindeloopen.nl\/wp-content\/uploads\/2020\/03\/logo-jachthaven-hindeloopen-1.png","contentUrl":"https:\/\/www.jachthavenhindeloopen.nl\/wp-content\/uploads\/2020\/03\/logo-jachthaven-hindeloopen-1.png","width":350,"height":50,"caption":"Jachthaven Hindeloopen"},"image":{"@id":"https:\/\/www.jachthavenhindeloopen.nl\/de\/#\/schema\/logo\/image\/"},"sameAs":["https:\/\/www.facebook.com\/jachthaven.hindeloopen","https:\/\/www.instagram.com\/jachthavenhindeloopen\/"]}]}},"_links":{"self":[{"href":"https:\/\/www.jachthavenhindeloopen.nl\/de\/wp-json\/wp\/v2\/pages\/7529","targetHints":{"allow":["GET"]}}],"collection":[{"href":"https:\/\/www.jachthavenhindeloopen.nl\/de\/wp-json\/wp\/v2\/pages"}],"about":[{"href":"https:\/\/www.jachthavenhindeloopen.nl\/de\/wp-json\/wp\/v2\/types\/page"}],"author":[{"embeddable":true,"href":"https:\/\/www.jachthavenhindeloopen.nl\/de\/wp-json\/wp\/v2\/users\/1"}],"replies":[{"embeddable":true,"href":"https:\/\/www.jachthavenhindeloopen.nl\/de\/wp-json\/wp\/v2\/comments?post=7529"}],"version-history":[{"count":9,"href":"https:\/\/www.jachthavenhindeloopen.nl\/de\/wp-json\/wp\/v2\/pages\/7529\/revisions"}],"predecessor-version":[{"id":36130,"href":"https:\/\/www.jachthavenhindeloopen.nl\/de\/wp-json\/wp\/v2\/pages\/7529\/revisions\/36130"}],"up":[{"embeddable":true,"href":"https:\/\/www.jachthavenhindeloopen.nl\/de\/wp-json\/wp\/v2\/pages\/7523"}],"wp:attachment":[{"href":"https:\/\/www.jachthavenhindeloopen.nl\/de\/wp-json\/wp\/v2\/media?parent=7529"}],"curies":[{"name":"wp","href":"https:\/\/api.w.org\/{rel}","templated":true}]}}