{"id":7532,"date":"2018-04-30T14:29:51","date_gmt":"2018-04-30T13:29:51","guid":{"rendered":"http:\/\/www.jachthavenhindeloopen.nl\/umgebung\/"},"modified":"2021-01-08T14:58:26","modified_gmt":"2021-01-08T14:58:26","slug":"umgebung","status":"publish","type":"page","link":"https:\/\/www.jachthavenhindeloopen.nl\/de\/umgebung\/","title":{"rendered":"Umgebung"},"content":{"rendered":"<div class=\"wpb-content-wrapper\">[vc_row][vc_column width=&#8220;1\/2&#8243;][vc_masonry_media_grid element_width=&#8220;6&#8243; gap=&#8220;15&#8243; grid_id=&#8220;vc_gid:1610117877580-0c4f3e2f-8bec-7&#8243; include=&#8220;8306,8312,8315,8309&#8243;][\/vc_column][vc_column width=&#8220;1\/2&#8243;][vc_column_text css=&#8220;.vc_custom_1519917066686{padding-top: 0px !important;padding-right: 10px !important;padding-bottom: 10px !important;padding-left: 0px !important;}&#8220;]\n<h3>Hindeloopen<\/h3>\n<p>Hindeloopen ist ein sehr malerisches St\u00e4dtchen mit gem\u00fctlichen Gassen und Holzbr\u00fccken \u00fcber den schmalen Kan\u00e4len und Grachten. Die vielen Ateliers sorgen f\u00fcr viel Farbe im Ort, der zu den friesischen elf St\u00e4dten geh\u00f6rt. Auch der alte Hafen mit den gem\u00fctlichen Caf\u00e9s und Kneipen ist sehr einladend.<\/p>\n<p>Hindeloopen war fr\u00fcher eine geschlossene Gemeinschaft mit einer eigenen Kultur, Sprache und einzigartigen Trachten. Das St\u00e4dtchen war und ist innerhalb und au\u00dferhalb der Niederlande f\u00fcr seine reich bemalten M\u00f6bel und Gegenst\u00e4nde bekannt. Durch diese besondere Volkskunst kam die Stadt im 17. und 18. Jahrhundert zu Wohlstand. Aus der damaligen Bl\u00fctezeit stammen viele gro\u00dfe Kapit\u00e4nsh\u00e4user, die heute noch zu besichtigen sind.<br \/>\nWeitere auff\u00e4llige Geb\u00e4ude sind das Hidde Nijland Museum, das jetzige Schleusenhaus aus 1619 mit seiner L\u00fcgenbank, die Reformierte Kirche von 1632 und der Westerturm von 1593.[\/vc_column_text][\/vc_column][\/vc_row][vc_row][vc_column][vc_tta_tour][vc_tta_section i_type=&#8220;material&#8220; i_icon_material=&#8220;vc-material vc-material-account_balance&#8220; add_icon=&#8220;true&#8220; title=&#8220;Erfgoed en historie&#8220; tab_id=&#8220;1504786417482-72ce3aaf-9042&#8243;][vc_row_inner][vc_column_inner width=&#8220;1\/2&#8243;][vc_column_text]<strong>Eine der elf friesischen St\u00e4dte mit einem einzigartigen Charakter<\/strong><br \/>\nHindeloopen ist eine der kleineren elf friesischen St\u00e4dte mit einem ganz eigenen Charakter. Kennzeichnend daf\u00fcr ist die besondere Geschichte, die individuelle Wohnkultur und der einzigartige Lebensstil, die bunte Tracht und eine eigene Sprache.<\/p>\n<p><strong>Amsterdam,\u00a0Skandinavien und Russland<\/strong><br \/>\nIm 17. und 18. Jahrhundert war der gr\u00f6\u00dfte Teil der m\u00e4nnlichen Bev\u00f6lkerung von Hindeloopen am Handel mit und der Seefahrt nach Skandinavien und Russland beteiligt. Unter anderem durch die Handelsbeziehungen mit der Weltstadt Amsterdam erlebte Hindeloopen im 17. und 18. Jahrhundert eine Bl\u00fctezeit.\u00a0Die Stadt hatte zeitweise eine gro\u00dfe Flotte von mehr als 100 Schiffen, die um die Welt segelten und z\u00e4hlte in ihrer erfolgreichsten Zeit ungef\u00e4hr 2300 Einwohner im Vergleich zu den heutigen etwa 850 Einwohnern.<\/p>\n<p><strong>Von einer wichtigen Handelsstadt zum touristischen Reiseziel<br \/>\n<\/strong><\/p>\n<p>Im 19. Jahrhundert begann der Niedergang der Stadt.\u00a0Die Kaufleute und Schiffer zogen nach Amsterdam und aus Hindeloopen wurde ein armes Fischerst\u00e4dtchen.<\/p>\n<p>Im Laufe des 20. Jahrhunderts verbesserte sich die wirtschaftliche Lage f\u00fcr die Stadt allm\u00e4hlich wieder durch den wachsenden Tourismus. In der Stadt selbst erinnern noch viele Geb\u00e4ude an die ehemalige Bl\u00fctezeit von Hindeloopen. Man findet im Ort zum Beispiel noch einige \u201eGrootschipper\u201c-H\u00e4user mit dahinter den charakteristischen \u201eLikh\u00fasjes\u201c, den Sommerh\u00e4uschen f\u00fcr die Seemannsfrauen, in denen sie im Sommer wohnten, solange ihre M\u00e4nner auf See waren.[\/vc_column_text][\/vc_column_inner][vc_column_inner width=&#8220;1\/2&#8243;][vc_column_text]Im Museum Hindeloopen wird die Wohnkultur und der Lebensstil von Hindeloopen im Laufe der Jahrhunderte anschaulich\u00a0 pr\u00e4sentiert. Der Hafen ist noch immer der Ort, in dem sich ein Gro\u00dfteil des allt\u00e4glichen Lebens abspielt. Dort k\u00f6nnen Sie das Sylh\u00fas (das Schleusenw\u00e4rter-Haus)\u00a0mit der charakteristischen Klappbr\u00fccke besichtigen. Die am Schleusenhaus angebaute L\u00fcgenbank ist der Treffpunkt f\u00fcr die m\u00e4nnliche Bev\u00f6lkerung von Hindeloopen.<\/p>\n<p><strong>Stilvolle Tracht und Malerei<br \/>\n<\/strong>Hindeloopen hatte fr\u00fcher eine eigene Tracht. Heutzutage zeigt nur noch die volkst\u00fcmliche Gesangs- und Tanzgruppe \u201eAald\u00a0Hielpen\u201c die Trachten w\u00e4hrend Vorstellungen in Hindeloopen oder weit dar\u00fcber hinaus.\u00a0Auch die Hindelooper Malerei ist weltber\u00fchmt.[\/vc_column_text][\/vc_column_inner][\/vc_row_inner][\/vc_tta_section][vc_tta_section i_type=&#8220;material&#8220; i_icon_material=&#8220;vc-material vc-material-photo_camera&#8220; add_icon=&#8220;true&#8220; title=&#8220;Bezienswaardigheden&#8220; tab_id=&#8220;1504786417567-c07eba6d-6004&#8243;][vc_column_text]Bei einem Spaziergang durch die Altstadt laufen Sie entlang sch\u00f6ner urspr\u00fcnglicher Stadth\u00e4user und Details. Zu den Sehensw\u00fcrdigkeiten geh\u00f6ren:<\/p>\n<ul>\n<li>Schleusenw\u00e4rterhaus (Sylh\u00fas)<\/li>\n<li>L\u00fcgenbank (Leugenbank)<\/li>\n<li>Altes Rettungsbootshaus von KNRM<\/li>\n<li>Mennonitische Kirche \u201eDe Kleine Vermaning\u201c<\/li>\n<li>Mennonitische Kirche \u201eDe Grote Vermaning\u201c<\/li>\n<li>Kommandeurs-H\u00e4user &amp; Likh\u00fbzen (Sommerh\u00e4user)<\/li>\n<li>Niederl\u00e4ndische Reformierte Kirche &amp; Westerturm<\/li>\n<li>Ehemaliges Rathaus \/ Museum Hindeloopen<\/li>\n<li>Altes Rathaus<\/li>\n<li>Klappbr\u00fccke<\/li>\n<li>Vondelingenplein<\/li>\n<li>Denkmal auf dem Hafenkai<\/li>\n<\/ul>\n[\/vc_column_text][\/vc_tta_section][vc_tta_section i_type=&#8220;material&#8220; i_icon_material=&#8220;vc-material vc-material-beach_access&#8220; add_icon=&#8220;true&#8220; title=&#8220;Wind- oder Kitesurfen&#8220; tab_id=&#8220;1504786607194-4315cef7-1189&#8243;][vc_column_text]F\u00fcr Jung und Alt ist Wind- oder Kitesurfen ein aufregender und spektakul\u00e4rer Wassersport. Der Kite- und Surfspot Hindeloopen ist entlang der friesischen IJsselmeerk\u00fcste einer der idealen Orte f\u00fcr (Kite-) Surfer.[\/vc_column_text][\/vc_tta_section][\/vc_tta_tour][\/vc_column][\/vc_row]\n<\/div>","protected":false},"excerpt":{"rendered":"<p>[vc_row][vc_column width=&#8220;1\/2&#8243;][vc_masonry_media_grid element_width=&#8220;6&#8243; gap=&#8220;15&#8243; grid_id=&#8220;vc_gid:1610117877580-0c4f3e2f-8bec-7&#8243; include=&#8220;8306,8312,8315,8309&#8243;][\/vc_column][vc_column width=&#8220;1\/2&#8243;][vc_column_text css=&#8220;.vc_custom_1519917066686{padding-top: 0px !important;padding-right: 10px !important;padding-bottom: 10px !important;padding-left: 0px !important;}&#8220;] Hindeloopen Hindeloopen ist ein sehr malerisches St\u00e4dtchen mit gem\u00fctlichen Gassen und Holzbr\u00fccken \u00fcber den schmalen Kan\u00e4len und Grachten. Die vielen Ateliers sorgen f\u00fcr viel Farbe im Ort, der zu den friesischen elf St\u00e4dten geh\u00f6rt. Auch der alte Hafen mit den gem\u00fctlichen Caf\u00e9s und Kneipen [&hellip;]<\/p>\n","protected":false},"author":1,"featured_media":0,"parent":0,"menu_order":0,"comment_status":"closed","ping_status":"closed","template":"","meta":{"footnotes":""},"class_list":["post-7532","page","type-page","status-publish","hentry"],"yoast_head":"<!-- This site is optimized with the Yoast SEO plugin v27.5 - https:\/\/yoast.com\/product\/yoast-seo-wordpress\/ -->\n<title>Umgebung - Jachthaven Hindeloopen<\/title>\n<meta name=\"robots\" content=\"index, follow, max-snippet:-1, max-image-preview:large, max-video-preview:-1\" \/>\n<link rel=\"canonical\" href=\"https:\/\/www.jachthavenhindeloopen.nl\/de\/umgebung\/\" \/>\n<meta property=\"og:locale\" content=\"de_DE\" \/>\n<meta property=\"og:type\" content=\"article\" \/>\n<meta property=\"og:title\" content=\"Umgebung - Jachthaven Hindeloopen\" \/>\n<meta property=\"og:description\" content=\"[vc_row][vc_column width=&#8220;1\/2&#8243;][vc_masonry_media_grid element_width=&#8220;6&#8243; gap=&#8220;15&#8243; grid_id=&#8220;vc_gid:1610117877580-0c4f3e2f-8bec-7&#8243; include=&#8220;8306,8312,8315,8309&#8243;][\/vc_column][vc_column width=&#8220;1\/2&#8243;][vc_column_text css=&#8220;.vc_custom_1519917066686{padding-top: 0px !important;padding-right: 10px !important;padding-bottom: 10px !important;padding-left: 0px !important;}&#8220;] Hindeloopen Hindeloopen ist ein sehr malerisches St\u00e4dtchen mit gem\u00fctlichen Gassen und Holzbr\u00fccken \u00fcber den schmalen Kan\u00e4len und Grachten. Die vielen Ateliers sorgen f\u00fcr viel Farbe im Ort, der zu den friesischen elf St\u00e4dten geh\u00f6rt. Auch der alte Hafen mit den gem\u00fctlichen Caf\u00e9s und Kneipen [&hellip;]\" \/>\n<meta property=\"og:url\" content=\"https:\/\/www.jachthavenhindeloopen.nl\/de\/umgebung\/\" \/>\n<meta property=\"og:site_name\" content=\"Jachthaven Hindeloopen\" \/>\n<meta property=\"article:publisher\" content=\"https:\/\/www.facebook.com\/jachthaven.hindeloopen\" \/>\n<meta property=\"article:modified_time\" content=\"2021-01-08T14:58:26+00:00\" \/>\n<meta name=\"twitter:card\" content=\"summary_large_image\" \/>\n<meta name=\"twitter:label1\" content=\"Gesch\u00e4tzte Lesezeit\" \/>\n\t<meta name=\"twitter:data1\" content=\"4\u00a0Minuten\" \/>\n<script type=\"application\/ld+json\" class=\"yoast-schema-graph\">{\"@context\":\"https:\\\/\\\/schema.org\",\"@graph\":[{\"@type\":\"WebPage\",\"@id\":\"https:\\\/\\\/www.jachthavenhindeloopen.nl\\\/de\\\/umgebung\\\/\",\"url\":\"https:\\\/\\\/www.jachthavenhindeloopen.nl\\\/de\\\/umgebung\\\/\",\"name\":\"Umgebung - Jachthaven Hindeloopen\",\"isPartOf\":{\"@id\":\"https:\\\/\\\/www.jachthavenhindeloopen.nl\\\/de\\\/#website\"},\"datePublished\":\"2018-04-30T13:29:51+00:00\",\"dateModified\":\"2021-01-08T14:58:26+00:00\",\"breadcrumb\":{\"@id\":\"https:\\\/\\\/www.jachthavenhindeloopen.nl\\\/de\\\/umgebung\\\/#breadcrumb\"},\"inLanguage\":\"de\",\"potentialAction\":[{\"@type\":\"ReadAction\",\"target\":[\"https:\\\/\\\/www.jachthavenhindeloopen.nl\\\/de\\\/umgebung\\\/\"]}]},{\"@type\":\"BreadcrumbList\",\"@id\":\"https:\\\/\\\/www.jachthavenhindeloopen.nl\\\/de\\\/umgebung\\\/#breadcrumb\",\"itemListElement\":[{\"@type\":\"ListItem\",\"position\":1,\"name\":\"Home\",\"item\":\"https:\\\/\\\/www.jachthavenhindeloopen.nl\\\/de\\\/\"},{\"@type\":\"ListItem\",\"position\":2,\"name\":\"Umgebung\"}]},{\"@type\":\"WebSite\",\"@id\":\"https:\\\/\\\/www.jachthavenhindeloopen.nl\\\/de\\\/#website\",\"url\":\"https:\\\/\\\/www.jachthavenhindeloopen.nl\\\/de\\\/\",\"name\":\"Jachthaven Hindeloopen\",\"description\":\"De veelzijdige kwaliteitshaven in Friesland aan het IJsselmeer\",\"publisher\":{\"@id\":\"https:\\\/\\\/www.jachthavenhindeloopen.nl\\\/de\\\/#organization\"},\"potentialAction\":[{\"@type\":\"SearchAction\",\"target\":{\"@type\":\"EntryPoint\",\"urlTemplate\":\"https:\\\/\\\/www.jachthavenhindeloopen.nl\\\/de\\\/?s={search_term_string}\"},\"query-input\":{\"@type\":\"PropertyValueSpecification\",\"valueRequired\":true,\"valueName\":\"search_term_string\"}}],\"inLanguage\":\"de\"},{\"@type\":\"Organization\",\"@id\":\"https:\\\/\\\/www.jachthavenhindeloopen.nl\\\/de\\\/#organization\",\"name\":\"Jachthaven Hindeloopen\",\"url\":\"https:\\\/\\\/www.jachthavenhindeloopen.nl\\\/de\\\/\",\"logo\":{\"@type\":\"ImageObject\",\"inLanguage\":\"de\",\"@id\":\"https:\\\/\\\/www.jachthavenhindeloopen.nl\\\/de\\\/#\\\/schema\\\/logo\\\/image\\\/\",\"url\":\"https:\\\/\\\/www.jachthavenhindeloopen.nl\\\/wp-content\\\/uploads\\\/2020\\\/03\\\/logo-jachthaven-hindeloopen-1.png\",\"contentUrl\":\"https:\\\/\\\/www.jachthavenhindeloopen.nl\\\/wp-content\\\/uploads\\\/2020\\\/03\\\/logo-jachthaven-hindeloopen-1.png\",\"width\":350,\"height\":50,\"caption\":\"Jachthaven Hindeloopen\"},\"image\":{\"@id\":\"https:\\\/\\\/www.jachthavenhindeloopen.nl\\\/de\\\/#\\\/schema\\\/logo\\\/image\\\/\"},\"sameAs\":[\"https:\\\/\\\/www.facebook.com\\\/jachthaven.hindeloopen\",\"https:\\\/\\\/www.instagram.com\\\/jachthavenhindeloopen\\\/\"]}]}<\/script>\n<!-- \/ Yoast SEO plugin. -->","yoast_head_json":{"title":"Umgebung - Jachthaven Hindeloopen","robots":{"index":"index","follow":"follow","max-snippet":"max-snippet:-1","max-image-preview":"max-image-preview:large","max-video-preview":"max-video-preview:-1"},"canonical":"https:\/\/www.jachthavenhindeloopen.nl\/de\/umgebung\/","og_locale":"de_DE","og_type":"article","og_title":"Umgebung - Jachthaven Hindeloopen","og_description":"[vc_row][vc_column width=&#8220;1\/2&#8243;][vc_masonry_media_grid element_width=&#8220;6&#8243; gap=&#8220;15&#8243; grid_id=&#8220;vc_gid:1610117877580-0c4f3e2f-8bec-7&#8243; include=&#8220;8306,8312,8315,8309&#8243;][\/vc_column][vc_column width=&#8220;1\/2&#8243;][vc_column_text css=&#8220;.vc_custom_1519917066686{padding-top: 0px !important;padding-right: 10px !important;padding-bottom: 10px !important;padding-left: 0px !important;}&#8220;] Hindeloopen Hindeloopen ist ein sehr malerisches St\u00e4dtchen mit gem\u00fctlichen Gassen und Holzbr\u00fccken \u00fcber den schmalen Kan\u00e4len und Grachten. Die vielen Ateliers sorgen f\u00fcr viel Farbe im Ort, der zu den friesischen elf St\u00e4dten geh\u00f6rt. Auch der alte Hafen mit den gem\u00fctlichen Caf\u00e9s und Kneipen [&hellip;]","og_url":"https:\/\/www.jachthavenhindeloopen.nl\/de\/umgebung\/","og_site_name":"Jachthaven Hindeloopen","article_publisher":"https:\/\/www.facebook.com\/jachthaven.hindeloopen","article_modified_time":"2021-01-08T14:58:26+00:00","twitter_card":"summary_large_image","twitter_misc":{"Gesch\u00e4tzte Lesezeit":"4\u00a0Minuten"},"schema":{"@context":"https:\/\/schema.org","@graph":[{"@type":"WebPage","@id":"https:\/\/www.jachthavenhindeloopen.nl\/de\/umgebung\/","url":"https:\/\/www.jachthavenhindeloopen.nl\/de\/umgebung\/","name":"Umgebung - Jachthaven Hindeloopen","isPartOf":{"@id":"https:\/\/www.jachthavenhindeloopen.nl\/de\/#website"},"datePublished":"2018-04-30T13:29:51+00:00","dateModified":"2021-01-08T14:58:26+00:00","breadcrumb":{"@id":"https:\/\/www.jachthavenhindeloopen.nl\/de\/umgebung\/#breadcrumb"},"inLanguage":"de","potentialAction":[{"@type":"ReadAction","target":["https:\/\/www.jachthavenhindeloopen.nl\/de\/umgebung\/"]}]},{"@type":"BreadcrumbList","@id":"https:\/\/www.jachthavenhindeloopen.nl\/de\/umgebung\/#breadcrumb","itemListElement":[{"@type":"ListItem","position":1,"name":"Home","item":"https:\/\/www.jachthavenhindeloopen.nl\/de\/"},{"@type":"ListItem","position":2,"name":"Umgebung"}]},{"@type":"WebSite","@id":"https:\/\/www.jachthavenhindeloopen.nl\/de\/#website","url":"https:\/\/www.jachthavenhindeloopen.nl\/de\/","name":"Jachthaven Hindeloopen","description":"De veelzijdige kwaliteitshaven in Friesland aan het IJsselmeer","publisher":{"@id":"https:\/\/www.jachthavenhindeloopen.nl\/de\/#organization"},"potentialAction":[{"@type":"SearchAction","target":{"@type":"EntryPoint","urlTemplate":"https:\/\/www.jachthavenhindeloopen.nl\/de\/?s={search_term_string}"},"query-input":{"@type":"PropertyValueSpecification","valueRequired":true,"valueName":"search_term_string"}}],"inLanguage":"de"},{"@type":"Organization","@id":"https:\/\/www.jachthavenhindeloopen.nl\/de\/#organization","name":"Jachthaven Hindeloopen","url":"https:\/\/www.jachthavenhindeloopen.nl\/de\/","logo":{"@type":"ImageObject","inLanguage":"de","@id":"https:\/\/www.jachthavenhindeloopen.nl\/de\/#\/schema\/logo\/image\/","url":"https:\/\/www.jachthavenhindeloopen.nl\/wp-content\/uploads\/2020\/03\/logo-jachthaven-hindeloopen-1.png","contentUrl":"https:\/\/www.jachthavenhindeloopen.nl\/wp-content\/uploads\/2020\/03\/logo-jachthaven-hindeloopen-1.png","width":350,"height":50,"caption":"Jachthaven Hindeloopen"},"image":{"@id":"https:\/\/www.jachthavenhindeloopen.nl\/de\/#\/schema\/logo\/image\/"},"sameAs":["https:\/\/www.facebook.com\/jachthaven.hindeloopen","https:\/\/www.instagram.com\/jachthavenhindeloopen\/"]}]}},"_links":{"self":[{"href":"https:\/\/www.jachthavenhindeloopen.nl\/de\/wp-json\/wp\/v2\/pages\/7532","targetHints":{"allow":["GET"]}}],"collection":[{"href":"https:\/\/www.jachthavenhindeloopen.nl\/de\/wp-json\/wp\/v2\/pages"}],"about":[{"href":"https:\/\/www.jachthavenhindeloopen.nl\/de\/wp-json\/wp\/v2\/types\/page"}],"author":[{"embeddable":true,"href":"https:\/\/www.jachthavenhindeloopen.nl\/de\/wp-json\/wp\/v2\/users\/1"}],"replies":[{"embeddable":true,"href":"https:\/\/www.jachthavenhindeloopen.nl\/de\/wp-json\/wp\/v2\/comments?post=7532"}],"version-history":[{"count":4,"href":"https:\/\/www.jachthavenhindeloopen.nl\/de\/wp-json\/wp\/v2\/pages\/7532\/revisions"}],"predecessor-version":[{"id":8503,"href":"https:\/\/www.jachthavenhindeloopen.nl\/de\/wp-json\/wp\/v2\/pages\/7532\/revisions\/8503"}],"wp:attachment":[{"href":"https:\/\/www.jachthavenhindeloopen.nl\/de\/wp-json\/wp\/v2\/media?parent=7532"}],"curies":[{"name":"wp","href":"https:\/\/api.w.org\/{rel}","templated":true}]}}